{"id":5593,"date":"2025-01-26T11:13:43","date_gmt":"2025-01-26T10:13:43","guid":{"rendered":"https:\/\/www.patrick-koglin.com\/?page_id=5593"},"modified":"2025-01-27T17:20:20","modified_gmt":"2025-01-27T16:20:20","slug":"gruppen-moderation","status":"publish","type":"page","link":"https:\/\/www.patrick-koglin.com\/en\/kurs\/whatsapp\/gruppen-moderation\/","title":{"rendered":"Erfolgreiche Gruppen-Moderation mit WhatsApp"},"content":{"rendered":"<h3 class=\"wp-block-heading\">WhatsApp-Gruppen professionell aufbauen, daraus begeistert verkaufen und erfolgreich f\u00fchren<\/h3>\n\n\n\n<p>Du fragst Dich als Coach, F\u00fchrungskraft, Trainer, Experte oder Berater, wie Du Deine Zielgruppe, potentielle Interessenten, Mitarbeiter und Kunden mit Hilfe eines Messenger-Dienstes wie WhatsApp zus\u00e4tzlich unterst\u00fctzen kannst? Dann ist das hier der richtige Kurs.<\/p>\n\n\n\n<p>Warum WhatsApp? Ganz einfach: h\u00f6here \u00d6ffnungsraten, direkter Kontakt und unmittelbarer Zusatznutzen. <\/p>\n\n\n<div class=\"wp-block-image\">\n<figure class=\"aligncenter size-large\"><a href=\"https:\/\/www.copecart.com\/products\/2911601a\/checkout\"><img fetchpriority=\"high\" decoding=\"async\" width=\"1024\" height=\"576\" src=\"https:\/\/www.patrick-koglin.com\/wp-content\/uploads\/2025\/01\/WhatsApp-Selling-Modul-X-1024x576.png\" alt=\"\" class=\"wp-image-5602\" srcset=\"https:\/\/www.patrick-koglin.com\/wp-content\/uploads\/2025\/01\/WhatsApp-Selling-Modul-X-1024x576.png 1024w, https:\/\/www.patrick-koglin.com\/wp-content\/uploads\/2025\/01\/WhatsApp-Selling-Modul-X-300x169.png 300w, https:\/\/www.patrick-koglin.com\/wp-content\/uploads\/2025\/01\/WhatsApp-Selling-Modul-X-768x432.png 768w, https:\/\/www.patrick-koglin.com\/wp-content\/uploads\/2025\/01\/WhatsApp-Selling-Modul-X-1536x864.png 1536w, https:\/\/www.patrick-koglin.com\/wp-content\/uploads\/2025\/01\/WhatsApp-Selling-Modul-X-2048x1152.png 2048w\" sizes=\"(max-width: 1024px) 100vw, 1024px\" \/><\/a><\/figure>\n<\/div>\n\n\n<hr class=\"wp-block-separator has-alpha-channel-opacity\"\/>\n\n\n\n<h3 class=\"wp-block-heading\">Experten-Positionierung, Professionalit\u00e4t sowie zus\u00e4tzlicher Nutzen und Mehrwert durch erfolgreich gef\u00fchrte WhatsApp-Gruppen<\/h3>\n\n\n\n<p>WhatsApp-Nachrichten werden nicht nur schneller und h\u00e4ufiger gelesen, sondern Menschen lieben \u00fcblicherweise die Funktionen von WhatsApp-Gruppen. Welche Funktionen es gibt, wie Du eine Gruppe erfolgreich f\u00fchren und Dich mit Hilfe einer WhatsApp-Gruppe als Experte professionell positionieren kannst, erf\u00e4hrst Du hier in diesem Kurs. <\/p>\n\n\n\n<div class=\"wp-block-buttons is-layout-flex wp-block-buttons-is-layout-flex\">\n<div class=\"wp-block-button has-custom-font-size is-style-fill has-medium-font-size\"><a class=\"wp-block-button__link has-base-3-color has-accent-background-color has-text-color has-background has-link-color wp-element-button\" href=\"https:\/\/www.copecart.com\/products\/2911601a\/checkout\" style=\"border-radius:5px\" target=\"_blank\" rel=\"noreferrer noopener\">Kurs kaufen<\/a><\/div>\n\n\n\n<div class=\"wp-block-button has-custom-font-size is-style-outline has-medium-font-size is-style-outline--1\"><a class=\"wp-block-button__link has-contrast-color has-base-3-background-color has-text-color has-background has-link-color wp-element-button\" href=\"https:\/\/www.patrick-koglin.com\/en\/kurs\/whatsapp\/gruppen-moderation\/zoom-termine\/\" style=\"border-radius:5px\">Zoom-Termine 2025<\/a><\/div>\n<\/div>\n\n\n\n<hr class=\"wp-block-separator has-alpha-channel-opacity\"\/>\n\n\n\n<figure class=\"wp-block-image size-large is-resized\"><img decoding=\"async\" width=\"1024\" height=\"1024\" src=\"https:\/\/www.patrick-koglin.com\/wp-content\/uploads\/2025\/01\/Whatsapp-Logo-1024x1024.png\" alt=\"\" class=\"wp-image-5674\" style=\"width:126px;height:auto\" srcset=\"https:\/\/www.patrick-koglin.com\/wp-content\/uploads\/2025\/01\/Whatsapp-Logo-1024x1024.png 1024w, https:\/\/www.patrick-koglin.com\/wp-content\/uploads\/2025\/01\/Whatsapp-Logo-300x300.png 300w, https:\/\/www.patrick-koglin.com\/wp-content\/uploads\/2025\/01\/Whatsapp-Logo-150x150.png 150w, https:\/\/www.patrick-koglin.com\/wp-content\/uploads\/2025\/01\/Whatsapp-Logo-768x768.png 768w, https:\/\/www.patrick-koglin.com\/wp-content\/uploads\/2025\/01\/Whatsapp-Logo.png 1200w\" sizes=\"(max-width: 1024px) 100vw, 1024px\" \/><\/figure>\n\n\n\n<h2 class=\"wp-block-heading\">Inhalt zum Kurs<\/h2>\n\n\n\n<ul class=\"wp-block-list\">\n<li>\u00fcber 50 Videos um WhatsApp-Gruppen mit Leichtigkeit aufzubauen<\/li>\n\n\n\n<li>Beitrags-Ideen und die 5 wichtigsten Gruppen-Beispiele<\/li>\n\n\n\n<li>21 Impulsfragen die Du regelm\u00e4\u00dfig nutzen kannst<\/li>\n\n\n\n<li>unterschiedliche Menschentypen und wie Du sie f\u00fchrst<\/li>\n\n\n\n<li>Die hilfreichsten Regeln und Einstellungen<\/li>\n\n\n\n<li>Wie Du schwierige Gruppensituationen meisterst<\/li>\n\n\n\n<li>mit Fragen &amp; Antworten sowie Schritt-f\u00fcr-Schritt-Anleitungen <\/li>\n<\/ul>\n\n\n\n<p>Inklusive WhatsApp-Support, Fragen &amp; Antworten, Facebook-Community und 3 Zoom-Calls pro Jahr*.<\/p>\n\n\n\n<p><strong>Wie Du Dich als Coach, Trainer, F\u00fchrungskraft oder Berater professionell positionierst und f\u00fcr eine konstruktive wertsch\u00e4tzende Gruppenstimmung sorgst. <\/strong><\/p>\n\n\n\n<div class=\"wp-block-buttons is-layout-flex wp-block-buttons-is-layout-flex\">\n<div class=\"wp-block-button has-custom-font-size is-style-fill has-medium-font-size\"><a class=\"wp-block-button__link has-base-3-color has-accent-background-color has-text-color has-background has-link-color wp-element-button\" href=\"https:\/\/www.copecart.com\/products\/2911601a\/checkout\" style=\"border-radius:5px\" target=\"_blank\" rel=\"noreferrer noopener\">jetzt kaufen<\/a><\/div>\n<\/div>\n\n\n\n<hr class=\"wp-block-separator has-alpha-channel-opacity\"\/>\n\n\n\n<p class=\"has-small-font-size\">*solange es dieses Produkt aktiv gibt<\/p>\n\n\n\n<p><\/p>","protected":false},"excerpt":{"rendered":"<p>WhatsApp-Gruppen professionell aufbauen, daraus begeistert verkaufen und erfolgreich f\u00fchren Du fragst Dich als Coach, F\u00fchrungskraft, Trainer, Experte oder Berater, wie Du Deine Zielgruppe, potentielle Interessenten, Mitarbeiter und Kunden mit Hilfe eines Messenger-Dienstes wie WhatsApp zus\u00e4tzlich unterst\u00fctzen kannst? Dann ist das hier der richtige Kurs. Warum WhatsApp? Ganz einfach: h\u00f6here \u00d6ffnungsraten, direkter Kontakt und unmittelbarer Zusatznutzen. &#8230; <a title=\"Erfolgreiche Gruppen-Moderation mit WhatsApp\" class=\"read-more\" href=\"https:\/\/www.patrick-koglin.com\/en\/kurs\/whatsapp\/gruppen-moderation\/\" aria-label=\"Read more about Erfolgreiche Gruppen-Moderation mit WhatsApp\">Read more<\/a><\/p>","protected":false},"author":1,"featured_media":0,"parent":5646,"menu_order":0,"comment_status":"closed","ping_status":"closed","template":"","meta":{"footnotes":""},"class_list":["post-5593","page","type-page","status-publish"],"yoast_head":"<!-- This site is optimized with the Yoast SEO plugin v25.8 - https:\/\/yoast.com\/wordpress\/plugins\/seo\/ -->\n<title>Erfolgreiche Gruppen-Moderation mit WhatsApp - Patrick Koglin<\/title>\n<meta name=\"robots\" content=\"index, follow, max-snippet:-1, max-image-preview:large, max-video-preview:-1\" \/>\n<link rel=\"canonical\" href=\"https:\/\/www.patrick-koglin.com\/en\/kurs\/whatsapp\/gruppen-moderation\/\" \/>\n<meta property=\"og:locale\" content=\"en_US\" \/>\n<meta property=\"og:type\" content=\"article\" \/>\n<meta property=\"og:title\" content=\"Erfolgreiche Gruppen-Moderation mit WhatsApp - Patrick Koglin\" \/>\n<meta property=\"og:description\" content=\"WhatsApp-Gruppen professionell aufbauen, daraus begeistert verkaufen und erfolgreich f\u00fchren Du fragst Dich als Coach, F\u00fchrungskraft, Trainer, Experte oder Berater, wie Du Deine Zielgruppe, potentielle Interessenten, Mitarbeiter und Kunden mit Hilfe eines Messenger-Dienstes wie WhatsApp zus\u00e4tzlich unterst\u00fctzen kannst? Dann ist das hier der richtige Kurs. Warum WhatsApp? Ganz einfach: h\u00f6here \u00d6ffnungsraten, direkter Kontakt und unmittelbarer Zusatznutzen. ... Read more\" \/>\n<meta property=\"og:url\" content=\"https:\/\/www.patrick-koglin.com\/en\/kurs\/whatsapp\/gruppen-moderation\/\" \/>\n<meta property=\"og:site_name\" content=\"Patrick Koglin\" \/>\n<meta property=\"article:publisher\" content=\"https:\/\/www.facebook.com\/profile.php?id=61566852463657\" \/>\n<meta property=\"article:modified_time\" content=\"2025-01-27T16:20:20+00:00\" \/>\n<meta property=\"og:image\" content=\"https:\/\/www.patrick-koglin.com\/wp-content\/uploads\/2025\/01\/WhatsApp-Selling-Modul-X-1024x576.png\" \/>\n<meta name=\"twitter:card\" content=\"summary_large_image\" \/>\n<meta name=\"twitter:label1\" content=\"Est. reading time\" \/>\n\t<meta name=\"twitter:data1\" content=\"2 minutes\" \/>\n<script type=\"application\/ld+json\" class=\"yoast-schema-graph\">{\"@context\":\"https:\/\/schema.org\",\"@graph\":[{\"@type\":\"WebPage\",\"@id\":\"https:\/\/www.patrick-koglin.com\/kurs\/whatsapp\/gruppen-moderation\/\",\"url\":\"https:\/\/www.patrick-koglin.com\/kurs\/whatsapp\/gruppen-moderation\/\",\"name\":\"Erfolgreiche Gruppen-Moderation mit WhatsApp - Patrick Koglin\",\"isPartOf\":{\"@id\":\"https:\/\/www.patrick-koglin.com\/#website\"},\"primaryImageOfPage\":{\"@id\":\"https:\/\/www.patrick-koglin.com\/kurs\/whatsapp\/gruppen-moderation\/#primaryimage\"},\"image\":{\"@id\":\"https:\/\/www.patrick-koglin.com\/kurs\/whatsapp\/gruppen-moderation\/#primaryimage\"},\"thumbnailUrl\":\"https:\/\/www.patrick-koglin.com\/wp-content\/uploads\/2025\/01\/WhatsApp-Selling-Modul-X-1024x576.png\",\"datePublished\":\"2025-01-26T10:13:43+00:00\",\"dateModified\":\"2025-01-27T16:20:20+00:00\",\"breadcrumb\":{\"@id\":\"https:\/\/www.patrick-koglin.com\/kurs\/whatsapp\/gruppen-moderation\/#breadcrumb\"},\"inLanguage\":\"en-US\",\"potentialAction\":[{\"@type\":\"ReadAction\",\"target\":[\"https:\/\/www.patrick-koglin.com\/kurs\/whatsapp\/gruppen-moderation\/\"]}]},{\"@type\":\"ImageObject\",\"inLanguage\":\"en-US\",\"@id\":\"https:\/\/www.patrick-koglin.com\/kurs\/whatsapp\/gruppen-moderation\/#primaryimage\",\"url\":\"https:\/\/www.patrick-koglin.com\/wp-content\/uploads\/2025\/01\/WhatsApp-Selling-Modul-X-1024x576.png\",\"contentUrl\":\"https:\/\/www.patrick-koglin.com\/wp-content\/uploads\/2025\/01\/WhatsApp-Selling-Modul-X-1024x576.png\"},{\"@type\":\"BreadcrumbList\",\"@id\":\"https:\/\/www.patrick-koglin.com\/kurs\/whatsapp\/gruppen-moderation\/#breadcrumb\",\"itemListElement\":[{\"@type\":\"ListItem\",\"position\":1,\"name\":\"Startseite\",\"item\":\"https:\/\/www.patrick-koglin.com\/\"},{\"@type\":\"ListItem\",\"position\":2,\"name\":\"Kurs\",\"item\":\"https:\/\/www.patrick-koglin.com\/kurs\/\"},{\"@type\":\"ListItem\",\"position\":3,\"name\":\"WhatsApp\",\"item\":\"https:\/\/www.patrick-koglin.com\/kurs\/whatsapp\/\"},{\"@type\":\"ListItem\",\"position\":4,\"name\":\"Erfolgreiche Gruppen-Moderation mit WhatsApp\"}]},{\"@type\":\"WebSite\",\"@id\":\"https:\/\/www.patrick-koglin.com\/#website\",\"url\":\"https:\/\/www.patrick-koglin.com\/\",\"name\":\"PK Coaching - Patrick Koglin Unternehmensgruppe\",\"description\":\"PK Coaching, Business-Design &amp; Development\",\"publisher\":{\"@id\":\"https:\/\/www.patrick-koglin.com\/#organization\"},\"potentialAction\":[{\"@type\":\"SearchAction\",\"target\":{\"@type\":\"EntryPoint\",\"urlTemplate\":\"https:\/\/www.patrick-koglin.com\/?s={search_term_string}\"},\"query-input\":{\"@type\":\"PropertyValueSpecification\",\"valueRequired\":true,\"valueName\":\"search_term_string\"}}],\"inLanguage\":\"en-US\"},{\"@type\":\"Organization\",\"@id\":\"https:\/\/www.patrick-koglin.com\/#organization\",\"name\":\"Patrick Koglin | CEO von PK Coaching\",\"url\":\"https:\/\/www.patrick-koglin.com\/\",\"logo\":{\"@type\":\"ImageObject\",\"inLanguage\":\"en-US\",\"@id\":\"https:\/\/www.patrick-koglin.com\/#\/schema\/logo\/image\/\",\"url\":\"https:\/\/www.patrick-koglin.com\/wp-content\/uploads\/2025\/07\/cropped-PK16.png\",\"contentUrl\":\"https:\/\/www.patrick-koglin.com\/wp-content\/uploads\/2025\/07\/cropped-PK16.png\",\"width\":619,\"height\":287,\"caption\":\"Patrick Koglin | CEO von PK Coaching\"},\"image\":{\"@id\":\"https:\/\/www.patrick-koglin.com\/#\/schema\/logo\/image\/\"},\"sameAs\":[\"https:\/\/www.facebook.com\/profile.php?id=61566852463657\"]}]}<\/script>\n<!-- \/ Yoast SEO plugin. -->","yoast_head_json":{"title":"Erfolgreiche Gruppen-Moderation mit WhatsApp - Patrick Koglin","robots":{"index":"index","follow":"follow","max-snippet":"max-snippet:-1","max-image-preview":"max-image-preview:large","max-video-preview":"max-video-preview:-1"},"canonical":"https:\/\/www.patrick-koglin.com\/en\/kurs\/whatsapp\/gruppen-moderation\/","og_locale":"en_US","og_type":"article","og_title":"Erfolgreiche Gruppen-Moderation mit WhatsApp - Patrick Koglin","og_description":"WhatsApp-Gruppen professionell aufbauen, daraus begeistert verkaufen und erfolgreich f\u00fchren Du fragst Dich als Coach, F\u00fchrungskraft, Trainer, Experte oder Berater, wie Du Deine Zielgruppe, potentielle Interessenten, Mitarbeiter und Kunden mit Hilfe eines Messenger-Dienstes wie WhatsApp zus\u00e4tzlich unterst\u00fctzen kannst? Dann ist das hier der richtige Kurs. Warum WhatsApp? Ganz einfach: h\u00f6here \u00d6ffnungsraten, direkter Kontakt und unmittelbarer Zusatznutzen. ... Read more","og_url":"https:\/\/www.patrick-koglin.com\/en\/kurs\/whatsapp\/gruppen-moderation\/","og_site_name":"Patrick Koglin","article_publisher":"https:\/\/www.facebook.com\/profile.php?id=61566852463657","article_modified_time":"2025-01-27T16:20:20+00:00","og_image":[{"url":"https:\/\/www.patrick-koglin.com\/wp-content\/uploads\/2025\/01\/WhatsApp-Selling-Modul-X-1024x576.png","type":"","width":"","height":""}],"twitter_card":"summary_large_image","twitter_misc":{"Est. reading time":"2 minutes"},"schema":{"@context":"https:\/\/schema.org","@graph":[{"@type":"WebPage","@id":"https:\/\/www.patrick-koglin.com\/kurs\/whatsapp\/gruppen-moderation\/","url":"https:\/\/www.patrick-koglin.com\/kurs\/whatsapp\/gruppen-moderation\/","name":"Erfolgreiche Gruppen-Moderation mit WhatsApp - Patrick Koglin","isPartOf":{"@id":"https:\/\/www.patrick-koglin.com\/#website"},"primaryImageOfPage":{"@id":"https:\/\/www.patrick-koglin.com\/kurs\/whatsapp\/gruppen-moderation\/#primaryimage"},"image":{"@id":"https:\/\/www.patrick-koglin.com\/kurs\/whatsapp\/gruppen-moderation\/#primaryimage"},"thumbnailUrl":"https:\/\/www.patrick-koglin.com\/wp-content\/uploads\/2025\/01\/WhatsApp-Selling-Modul-X-1024x576.png","datePublished":"2025-01-26T10:13:43+00:00","dateModified":"2025-01-27T16:20:20+00:00","breadcrumb":{"@id":"https:\/\/www.patrick-koglin.com\/kurs\/whatsapp\/gruppen-moderation\/#breadcrumb"},"inLanguage":"en-US","potentialAction":[{"@type":"ReadAction","target":["https:\/\/www.patrick-koglin.com\/kurs\/whatsapp\/gruppen-moderation\/"]}]},{"@type":"ImageObject","inLanguage":"en-US","@id":"https:\/\/www.patrick-koglin.com\/kurs\/whatsapp\/gruppen-moderation\/#primaryimage","url":"https:\/\/www.patrick-koglin.com\/wp-content\/uploads\/2025\/01\/WhatsApp-Selling-Modul-X-1024x576.png","contentUrl":"https:\/\/www.patrick-koglin.com\/wp-content\/uploads\/2025\/01\/WhatsApp-Selling-Modul-X-1024x576.png"},{"@type":"BreadcrumbList","@id":"https:\/\/www.patrick-koglin.com\/kurs\/whatsapp\/gruppen-moderation\/#breadcrumb","itemListElement":[{"@type":"ListItem","position":1,"name":"Startseite","item":"https:\/\/www.patrick-koglin.com\/"},{"@type":"ListItem","position":2,"name":"Kurs","item":"https:\/\/www.patrick-koglin.com\/kurs\/"},{"@type":"ListItem","position":3,"name":"WhatsApp","item":"https:\/\/www.patrick-koglin.com\/kurs\/whatsapp\/"},{"@type":"ListItem","position":4,"name":"Erfolgreiche Gruppen-Moderation mit WhatsApp"}]},{"@type":"WebSite","@id":"https:\/\/www.patrick-koglin.com\/#website","url":"https:\/\/www.patrick-koglin.com\/","name":"PK Coaching - Patrick Koglin Unternehmensgruppe","description":"PK Coaching, Business-Design &amp; Development","publisher":{"@id":"https:\/\/www.patrick-koglin.com\/#organization"},"potentialAction":[{"@type":"SearchAction","target":{"@type":"EntryPoint","urlTemplate":"https:\/\/www.patrick-koglin.com\/?s={search_term_string}"},"query-input":{"@type":"PropertyValueSpecification","valueRequired":true,"valueName":"search_term_string"}}],"inLanguage":"en-US"},{"@type":"Organization","@id":"https:\/\/www.patrick-koglin.com\/#organization","name":"Patrick Koglin | CEO von PK Coaching","url":"https:\/\/www.patrick-koglin.com\/","logo":{"@type":"ImageObject","inLanguage":"en-US","@id":"https:\/\/www.patrick-koglin.com\/#\/schema\/logo\/image\/","url":"https:\/\/www.patrick-koglin.com\/wp-content\/uploads\/2025\/07\/cropped-PK16.png","contentUrl":"https:\/\/www.patrick-koglin.com\/wp-content\/uploads\/2025\/07\/cropped-PK16.png","width":619,"height":287,"caption":"Patrick Koglin | CEO von PK Coaching"},"image":{"@id":"https:\/\/www.patrick-koglin.com\/#\/schema\/logo\/image\/"},"sameAs":["https:\/\/www.facebook.com\/profile.php?id=61566852463657"]}]}},"_links":{"self":[{"href":"https:\/\/www.patrick-koglin.com\/en\/wp-json\/wp\/v2\/pages\/5593","targetHints":{"allow":["GET"]}}],"collection":[{"href":"https:\/\/www.patrick-koglin.com\/en\/wp-json\/wp\/v2\/pages"}],"about":[{"href":"https:\/\/www.patrick-koglin.com\/en\/wp-json\/wp\/v2\/types\/page"}],"author":[{"embeddable":true,"href":"https:\/\/www.patrick-koglin.com\/en\/wp-json\/wp\/v2\/users\/1"}],"replies":[{"embeddable":true,"href":"https:\/\/www.patrick-koglin.com\/en\/wp-json\/wp\/v2\/comments?post=5593"}],"version-history":[{"count":30,"href":"https:\/\/www.patrick-koglin.com\/en\/wp-json\/wp\/v2\/pages\/5593\/revisions"}],"predecessor-version":[{"id":5678,"href":"https:\/\/www.patrick-koglin.com\/en\/wp-json\/wp\/v2\/pages\/5593\/revisions\/5678"}],"up":[{"embeddable":true,"href":"https:\/\/www.patrick-koglin.com\/en\/wp-json\/wp\/v2\/pages\/5646"}],"wp:attachment":[{"href":"https:\/\/www.patrick-koglin.com\/en\/wp-json\/wp\/v2\/media?parent=5593"}],"curies":[{"name":"wp","href":"https:\/\/api.w.org\/{rel}","templated":true}]}}