{"id":585,"date":"2024-09-08T02:47:41","date_gmt":"2024-09-08T00:47:41","guid":{"rendered":"https:\/\/www.patrick-koglin.com\/?page_id=585"},"modified":"2024-11-18T13:59:34","modified_gmt":"2024-11-18T12:59:34","slug":"pk-trainer-ausbildung","status":"publish","type":"page","link":"https:\/\/www.patrick-koglin.com\/en\/pk-trainer-ausbildung\/","title":{"rendered":"PK Trainer Akademie"},"content":{"rendered":"<h3 class=\"wp-block-heading\">Professionelle Webinare, Workshops und Weiterbildungen gestalten<\/h3>\n\n\n\n<p>Egal ob als Quereinsteiger, Coach, Berater oder etablierter Professional Trainer: In der PK Trainer Akedemie lernst Du wie Du Webinare, Workshops und Weiterbildungen professionell und effizient aufbaust, durchf\u00fchrst und interaktiv gestaltest. <\/p>\n\n\n\n<p>Du bist vielleicht schon <em>Coach<\/em>, <em>Trainer<\/em>, <em>Experte<\/em> oder <em>Berater<\/em> <em>(m\/w\/w)<\/em> und merkst wie schwierig es sein kann <em>unterschiedliche Menschentypen<\/em> abzuholen, <em>kritische R\u00fcckfragen zu beantworten<\/em>, <em>Energie zu halten<\/em>, <em>Webinar- oder Workshop-R\u00e4ume aufzubauen<\/em>, <em>Inhalte r\u00fcberzubringe<\/em>n, <em>neue Interessenten zu gewinnen<\/em>, <em>Gruppen zu moderieren<\/em> und f\u00fcr so viele Menschen wie m\u00f6glich ein oder <em>mehrere Probleme zu l\u00f6sen<\/em>?<\/p>\n\n\n\n<p>M\u00f6glicherweise stehst Du gerade am Anfang oder Scheitelpunkt Deiner Karriere &#8211; egal ob als <em>F\u00fchrungskraft<\/em>, <em>Manager<\/em>, <em>Unternehmer<\/em> oder als <em>Ingenieur<\/em>, <em>Angestellter<\/em> oder <em>vergleichbare Position<\/em>.<\/p>\n\n\n\n<p><strong>Du willst besser reden und pr\u00e4sentieren, Inhalte gut r\u00fcberbringen und verkaufen, selbstsicherer und strukturierter vermitteln sodass Menschen begeistert sind, Dich gerne buchen, weiterempfehlen und wiederkommen?<\/strong><\/p>\n\n\n\n<p>Dann ist der <strong><em>PK Webinar- und Workshop-Trainer<\/em><\/strong> die richtige <em>Ausbildung<\/em> f\u00fcr Dich.<\/p>\n\n\n\n<p><strong>In K\u00fcrze mehr Informationen&#8230;<\/strong><\/p>\n\n\n\n<div class=\"wp-block-buttons is-layout-flex wp-block-buttons-is-layout-flex\">\n<div class=\"wp-block-button is-style-outline is-style-outline--1\"><a class=\"wp-block-button__link wp-element-button\" href=\"https:\/\/www.patrick-koglin.com\/en\/pk-trainer-ausbildung\/\" style=\"border-radius:0px\">Was Du bekommst<\/a><\/div>\n<\/div>\n\n\n\n<hr class=\"wp-block-separator has-alpha-channel-opacity\"\/>\n\n\n\n<h2 class=\"wp-block-heading has-text-align-center\">Teilnehmerstimmen<\/h2>\n\n\n\n<div class=\"wp-block-columns is-layout-flex wp-container-core-columns-is-layout-9d6595d7 wp-block-columns-is-layout-flex\">\n<div class=\"wp-block-column is-layout-flow wp-block-column-is-layout-flow\"><\/div>\n\n\n\n<div class=\"wp-block-column is-layout-flow wp-block-column-is-layout-flow\">\n<iframe width=\"415\" height=\"737\" src=\"https:\/\/www.youtube.com\/embed\/XRUlwe71gMc\" title=\"Neues Business-Konzept, neue Ideen und Motivation | Ines berichtet vom PK Trainer 11\/2024\" frameborder=\"0\" allow=\"accelerometer; autoplay; clipboard-write; encrypted-media; gyroscope; picture-in-picture; web-share\" referrerpolicy=\"strict-origin-when-cross-origin\" allowfullscreen><\/iframe>\n<\/div>\n\n\n\n<div class=\"wp-block-column is-layout-flow wp-block-column-is-layout-flow\"><\/div>\n<\/div>","protected":false},"excerpt":{"rendered":"<p>Professionelle Webinare, Workshops und Weiterbildungen gestalten Egal ob als Quereinsteiger, Coach, Berater oder etablierter Professional Trainer: In der PK Trainer Akedemie lernst Du wie Du Webinare, Workshops und Weiterbildungen professionell und effizient aufbaust, durchf\u00fchrst und interaktiv gestaltest. Du bist vielleicht schon Coach, Trainer, Experte oder Berater (m\/w\/w) und merkst wie schwierig es sein kann unterschiedliche &#8230; <a title=\"PK Trainer Akademie\" class=\"read-more\" href=\"https:\/\/www.patrick-koglin.com\/en\/pk-trainer-ausbildung\/\" aria-label=\"Read more about PK Trainer Akademie\">Read more<\/a><\/p>","protected":false},"author":1,"featured_media":0,"parent":0,"menu_order":0,"comment_status":"closed","ping_status":"closed","template":"","meta":{"footnotes":""},"class_list":["post-585","page","type-page","status-publish"],"yoast_head":"<!-- This site is optimized with the Yoast SEO plugin v25.8 - https:\/\/yoast.com\/wordpress\/plugins\/seo\/ -->\n<title>PK Trainer Akademie - Patrick Koglin<\/title>\n<meta name=\"robots\" content=\"index, follow, max-snippet:-1, max-image-preview:large, max-video-preview:-1\" \/>\n<link rel=\"canonical\" href=\"https:\/\/www.patrick-koglin.com\/en\/pk-trainer-ausbildung\/\" \/>\n<meta property=\"og:locale\" content=\"en_US\" \/>\n<meta property=\"og:type\" content=\"article\" \/>\n<meta property=\"og:title\" content=\"PK Trainer Akademie - Patrick Koglin\" \/>\n<meta property=\"og:description\" content=\"Professionelle Webinare, Workshops und Weiterbildungen gestalten Egal ob als Quereinsteiger, Coach, Berater oder etablierter Professional Trainer: In der PK Trainer Akedemie lernst Du wie Du Webinare, Workshops und Weiterbildungen professionell und effizient aufbaust, durchf\u00fchrst und interaktiv gestaltest. Du bist vielleicht schon Coach, Trainer, Experte oder Berater (m\/w\/w) und merkst wie schwierig es sein kann unterschiedliche ... Read more\" \/>\n<meta property=\"og:url\" content=\"https:\/\/www.patrick-koglin.com\/en\/pk-trainer-ausbildung\/\" \/>\n<meta property=\"og:site_name\" content=\"Patrick Koglin\" \/>\n<meta property=\"article:publisher\" content=\"https:\/\/www.facebook.com\/profile.php?id=61566852463657\" \/>\n<meta property=\"article:modified_time\" content=\"2024-11-18T12:59:34+00:00\" \/>\n<meta name=\"twitter:card\" content=\"summary_large_image\" \/>\n<meta name=\"twitter:label1\" content=\"Est. reading time\" \/>\n\t<meta name=\"twitter:data1\" content=\"1 minute\" \/>\n<script type=\"application\/ld+json\" class=\"yoast-schema-graph\">{\"@context\":\"https:\/\/schema.org\",\"@graph\":[{\"@type\":\"WebPage\",\"@id\":\"https:\/\/www.patrick-koglin.com\/pk-trainer-ausbildung\/\",\"url\":\"https:\/\/www.patrick-koglin.com\/pk-trainer-ausbildung\/\",\"name\":\"PK Trainer Akademie - Patrick Koglin\",\"isPartOf\":{\"@id\":\"https:\/\/www.patrick-koglin.com\/#website\"},\"datePublished\":\"2024-09-08T00:47:41+00:00\",\"dateModified\":\"2024-11-18T12:59:34+00:00\",\"breadcrumb\":{\"@id\":\"https:\/\/www.patrick-koglin.com\/pk-trainer-ausbildung\/#breadcrumb\"},\"inLanguage\":\"en-US\",\"potentialAction\":[{\"@type\":\"ReadAction\",\"target\":[\"https:\/\/www.patrick-koglin.com\/pk-trainer-ausbildung\/\"]}]},{\"@type\":\"BreadcrumbList\",\"@id\":\"https:\/\/www.patrick-koglin.com\/pk-trainer-ausbildung\/#breadcrumb\",\"itemListElement\":[{\"@type\":\"ListItem\",\"position\":1,\"name\":\"Startseite\",\"item\":\"https:\/\/www.patrick-koglin.com\/\"},{\"@type\":\"ListItem\",\"position\":2,\"name\":\"PK Trainer Akademie\"}]},{\"@type\":\"WebSite\",\"@id\":\"https:\/\/www.patrick-koglin.com\/#website\",\"url\":\"https:\/\/www.patrick-koglin.com\/\",\"name\":\"PK Coaching - Patrick Koglin Unternehmensgruppe\",\"description\":\"PK Coaching, Business-Design &amp; Development\",\"publisher\":{\"@id\":\"https:\/\/www.patrick-koglin.com\/#organization\"},\"potentialAction\":[{\"@type\":\"SearchAction\",\"target\":{\"@type\":\"EntryPoint\",\"urlTemplate\":\"https:\/\/www.patrick-koglin.com\/?s={search_term_string}\"},\"query-input\":{\"@type\":\"PropertyValueSpecification\",\"valueRequired\":true,\"valueName\":\"search_term_string\"}}],\"inLanguage\":\"en-US\"},{\"@type\":\"Organization\",\"@id\":\"https:\/\/www.patrick-koglin.com\/#organization\",\"name\":\"Patrick Koglin | CEO von PK Coaching\",\"url\":\"https:\/\/www.patrick-koglin.com\/\",\"logo\":{\"@type\":\"ImageObject\",\"inLanguage\":\"en-US\",\"@id\":\"https:\/\/www.patrick-koglin.com\/#\/schema\/logo\/image\/\",\"url\":\"https:\/\/www.patrick-koglin.com\/wp-content\/uploads\/2025\/07\/cropped-PK16.png\",\"contentUrl\":\"https:\/\/www.patrick-koglin.com\/wp-content\/uploads\/2025\/07\/cropped-PK16.png\",\"width\":619,\"height\":287,\"caption\":\"Patrick Koglin | CEO von PK Coaching\"},\"image\":{\"@id\":\"https:\/\/www.patrick-koglin.com\/#\/schema\/logo\/image\/\"},\"sameAs\":[\"https:\/\/www.facebook.com\/profile.php?id=61566852463657\"]}]}<\/script>\n<!-- \/ Yoast SEO plugin. -->","yoast_head_json":{"title":"PK Trainer Akademie - Patrick Koglin","robots":{"index":"index","follow":"follow","max-snippet":"max-snippet:-1","max-image-preview":"max-image-preview:large","max-video-preview":"max-video-preview:-1"},"canonical":"https:\/\/www.patrick-koglin.com\/en\/pk-trainer-ausbildung\/","og_locale":"en_US","og_type":"article","og_title":"PK Trainer Akademie - Patrick Koglin","og_description":"Professionelle Webinare, Workshops und Weiterbildungen gestalten Egal ob als Quereinsteiger, Coach, Berater oder etablierter Professional Trainer: In der PK Trainer Akedemie lernst Du wie Du Webinare, Workshops und Weiterbildungen professionell und effizient aufbaust, durchf\u00fchrst und interaktiv gestaltest. Du bist vielleicht schon Coach, Trainer, Experte oder Berater (m\/w\/w) und merkst wie schwierig es sein kann unterschiedliche ... Read more","og_url":"https:\/\/www.patrick-koglin.com\/en\/pk-trainer-ausbildung\/","og_site_name":"Patrick Koglin","article_publisher":"https:\/\/www.facebook.com\/profile.php?id=61566852463657","article_modified_time":"2024-11-18T12:59:34+00:00","twitter_card":"summary_large_image","twitter_misc":{"Est. reading time":"1 minute"},"schema":{"@context":"https:\/\/schema.org","@graph":[{"@type":"WebPage","@id":"https:\/\/www.patrick-koglin.com\/pk-trainer-ausbildung\/","url":"https:\/\/www.patrick-koglin.com\/pk-trainer-ausbildung\/","name":"PK Trainer Akademie - Patrick Koglin","isPartOf":{"@id":"https:\/\/www.patrick-koglin.com\/#website"},"datePublished":"2024-09-08T00:47:41+00:00","dateModified":"2024-11-18T12:59:34+00:00","breadcrumb":{"@id":"https:\/\/www.patrick-koglin.com\/pk-trainer-ausbildung\/#breadcrumb"},"inLanguage":"en-US","potentialAction":[{"@type":"ReadAction","target":["https:\/\/www.patrick-koglin.com\/pk-trainer-ausbildung\/"]}]},{"@type":"BreadcrumbList","@id":"https:\/\/www.patrick-koglin.com\/pk-trainer-ausbildung\/#breadcrumb","itemListElement":[{"@type":"ListItem","position":1,"name":"Startseite","item":"https:\/\/www.patrick-koglin.com\/"},{"@type":"ListItem","position":2,"name":"PK Trainer Akademie"}]},{"@type":"WebSite","@id":"https:\/\/www.patrick-koglin.com\/#website","url":"https:\/\/www.patrick-koglin.com\/","name":"PK Coaching - Patrick Koglin Unternehmensgruppe","description":"PK Coaching, Business-Design &amp; Development","publisher":{"@id":"https:\/\/www.patrick-koglin.com\/#organization"},"potentialAction":[{"@type":"SearchAction","target":{"@type":"EntryPoint","urlTemplate":"https:\/\/www.patrick-koglin.com\/?s={search_term_string}"},"query-input":{"@type":"PropertyValueSpecification","valueRequired":true,"valueName":"search_term_string"}}],"inLanguage":"en-US"},{"@type":"Organization","@id":"https:\/\/www.patrick-koglin.com\/#organization","name":"Patrick Koglin | CEO von PK Coaching","url":"https:\/\/www.patrick-koglin.com\/","logo":{"@type":"ImageObject","inLanguage":"en-US","@id":"https:\/\/www.patrick-koglin.com\/#\/schema\/logo\/image\/","url":"https:\/\/www.patrick-koglin.com\/wp-content\/uploads\/2025\/07\/cropped-PK16.png","contentUrl":"https:\/\/www.patrick-koglin.com\/wp-content\/uploads\/2025\/07\/cropped-PK16.png","width":619,"height":287,"caption":"Patrick Koglin | CEO von PK Coaching"},"image":{"@id":"https:\/\/www.patrick-koglin.com\/#\/schema\/logo\/image\/"},"sameAs":["https:\/\/www.facebook.com\/profile.php?id=61566852463657"]}]}},"_links":{"self":[{"href":"https:\/\/www.patrick-koglin.com\/en\/wp-json\/wp\/v2\/pages\/585","targetHints":{"allow":["GET"]}}],"collection":[{"href":"https:\/\/www.patrick-koglin.com\/en\/wp-json\/wp\/v2\/pages"}],"about":[{"href":"https:\/\/www.patrick-koglin.com\/en\/wp-json\/wp\/v2\/types\/page"}],"author":[{"embeddable":true,"href":"https:\/\/www.patrick-koglin.com\/en\/wp-json\/wp\/v2\/users\/1"}],"replies":[{"embeddable":true,"href":"https:\/\/www.patrick-koglin.com\/en\/wp-json\/wp\/v2\/comments?post=585"}],"version-history":[{"count":13,"href":"https:\/\/www.patrick-koglin.com\/en\/wp-json\/wp\/v2\/pages\/585\/revisions"}],"predecessor-version":[{"id":4959,"href":"https:\/\/www.patrick-koglin.com\/en\/wp-json\/wp\/v2\/pages\/585\/revisions\/4959"}],"wp:attachment":[{"href":"https:\/\/www.patrick-koglin.com\/en\/wp-json\/wp\/v2\/media?parent=585"}],"curies":[{"name":"wp","href":"https:\/\/api.w.org\/{rel}","templated":true}]}}