{"id":6,"date":"2024-09-02T20:58:33","date_gmt":"2024-09-02T18:58:33","guid":{"rendered":"https:\/\/www.patrick-koglin.com\/?page_id=6"},"modified":"2026-05-04T22:27:28","modified_gmt":"2026-05-04T20:27:28","slug":"impressum","status":"publish","type":"page","link":"https:\/\/www.patrick-koglin.com\/en\/impressum\/","title":{"rendered":"Impressum"},"content":{"rendered":"<b>Patrick Koglin Coaching &#038; Mentoring<\/b><br\/>\nCEO: Patrick Koglin<br \/>\nStegerwaldstra&szlig;e 53f<br \/>\n34123 Kassel<\/br>\nDeutschland<\/p>\n\n<h2>Anfragen<\/h2>\n<p>Telefon: +49 (0) 152 \/ 597 14 607<br \/>\nE-Mail: mail@patrick-koglin.com<\/p>\n\n<h3>Umsatzsteuer-ID<\/h3>\n<p>Umsatzsteuer-Identifikationsnummer gem&auml;&szlig; &sect; 27 a Umsatzsteuergesetz:<br \/>\nDE251777273<\/p>\n\n\n\n<p><\/p>\n\n\n\n<p><strong>Die Inhalte auf der Webseite dienen der grundlegende Information und ersetzen keine autorisierte Beratung, Mentoring oder Coaching.<\/strong> Alle Inhalte werden nach bestem Wissen und Gewissen aufbereitet. Sie sind ein Element unseres Kundenservices Die Inhalt dienen gleichzeitig als Inspiration f\u00fcr den Vertrauensaufbau bei Neukunden. Bei Fragen wenden Sie sich bitte an unseren Support.<\/p>\n\n\n\n<p>Das gilt auch f\u00fcr unsere Social Media Auftritte. Wir dulden keine Bedrohungen, Gewalt oder beleidigendes Verhalten. Rechtswidrige Handlungen werden strafrechtlich verfolgt.<\/p>\n\n\n\n<p>Das bezieht sich auch auf IT-Angriffe, Datenschutzverletzungen, Verletzung des Identit\u00e4ts- und Pers\u00f6nlichkeitsrechts, Scam\/Spam, unrechtm\u00e4\u00dfge Datenweitergabe, illegale Gesch\u00e4ftsmodelle oder anderweitige Erpressungsversuche.<\/p>\n\n\n\n<p>Cyberangriffe werden protokolliert und ggf. rechtlich verfolgt.<\/p>\n\n\n\n<p>Wir arbeiten GOBD- sowie DSGVO-konform. F\u00fcr Texte und digitale Medien arbeiten wir erg\u00e4nzend und DSGVO-konform mit KI. <\/p>\n\n\n\n<p>Trotz sorgf\u00e4ltiger Kontrolle \u00fcbernehmen wir keine Haftung f\u00fcr Inhalte externer Links und \u00fcbernommene Informationen.<\/p>\n\n\n\n<p>Webauftritt, Grafik &amp; Hosting:<br>IT-Service und -solutions Patrick Koglin<br><\/p>\n\n\n\n<hr class=\"wp-block-separator has-alpha-channel-opacity\"\/>\n\n\n\n<p class=\"has-small-font-size\">Plattform der Europ\u00e4ischen Kommission zur Online-Streitbeilegung (OS) f\u00fcr Verbraucher: <a href=\"https:\/\/ec.europa.eu\/consumers\/odr\/\" target=\"_blank\" rel=\"noreferrer noopener\">https:\/\/ec.europa.eu\/consumers\/odr\/<\/a>. <\/p>\n\n\n\n<p class=\"has-small-font-size\">Wir sind nicht bereit oder verpflichtet, an Streitbeilegungsverfahren vor einer Verbraucherschlichtungsstelle teilzunehmen. Quelle: <a href=\"https:\/\/www.e-recht24.de\/impressum-generator.html\">https:\/\/www.e-recht24.de\/impressum- generator.html<\/a><\/p>","protected":false},"excerpt":{"rendered":"<p>Patrick Koglin Coaching &#038; Mentoring CEO: Patrick Koglin Stegerwaldstra&szlig;e 53f 34123 Kassel Deutschland Anfragen Telefon: +49 (0) 152 \/ 597 14 607 E-Mail: mail@patrick-koglin.com Umsatzsteuer-ID Umsatzsteuer-Identifikationsnummer gem&auml;&szlig; &sect; 27 a Umsatzsteuergesetz: DE251777273 Die Inhalte auf der Webseite dienen der grundlegende Information und ersetzen keine autorisierte Beratung, Mentoring oder Coaching. Alle Inhalte werden nach bestem Wissen &#8230; <a title=\"Impressum\" class=\"read-more\" href=\"https:\/\/www.patrick-koglin.com\/en\/impressum\/\" aria-label=\"Read more about Impressum\">Read more<\/a><\/p>","protected":false},"author":1,"featured_media":0,"parent":0,"menu_order":0,"comment_status":"closed","ping_status":"closed","template":"","meta":{"footnotes":""},"class_list":["post-6","page","type-page","status-publish"],"yoast_head":"<!-- This site is optimized with the Yoast SEO plugin v25.8 - https:\/\/yoast.com\/wordpress\/plugins\/seo\/ -->\n<title>Impressum - Patrick Koglin<\/title>\n<meta name=\"robots\" content=\"index, follow, max-snippet:-1, max-image-preview:large, max-video-preview:-1\" \/>\n<link rel=\"canonical\" href=\"https:\/\/www.patrick-koglin.com\/en\/impressum\/\" \/>\n<meta property=\"og:locale\" content=\"en_US\" \/>\n<meta property=\"og:type\" content=\"article\" \/>\n<meta property=\"og:title\" content=\"Impressum - Patrick Koglin\" \/>\n<meta property=\"og:description\" content=\"Patrick Koglin Coaching &#038; Mentoring CEO: Patrick Koglin Stegerwaldstra&szlig;e 53f 34123 Kassel Deutschland Anfragen Telefon: +49 (0) 152 \/ 597 14 607 E-Mail: mail@patrick-koglin.com Umsatzsteuer-ID Umsatzsteuer-Identifikationsnummer gem&auml;&szlig; &sect; 27 a Umsatzsteuergesetz: DE251777273 Die Inhalte auf der Webseite dienen der grundlegende Information und ersetzen keine autorisierte Beratung, Mentoring oder Coaching. Alle Inhalte werden nach bestem Wissen ... Read more\" \/>\n<meta property=\"og:url\" content=\"https:\/\/www.patrick-koglin.com\/en\/impressum\/\" \/>\n<meta property=\"og:site_name\" content=\"Patrick Koglin\" \/>\n<meta property=\"article:publisher\" content=\"https:\/\/www.facebook.com\/profile.php?id=61566852463657\" \/>\n<meta property=\"article:modified_time\" content=\"2026-05-04T20:27:28+00:00\" \/>\n<meta name=\"twitter:card\" content=\"summary_large_image\" \/>\n<meta name=\"twitter:label1\" content=\"Est. reading time\" \/>\n\t<meta name=\"twitter:data1\" content=\"2 minutes\" \/>\n<script type=\"application\/ld+json\" class=\"yoast-schema-graph\">{\"@context\":\"https:\/\/schema.org\",\"@graph\":[{\"@type\":\"WebPage\",\"@id\":\"https:\/\/www.patrick-koglin.com\/impressum\/\",\"url\":\"https:\/\/www.patrick-koglin.com\/impressum\/\",\"name\":\"Impressum - Patrick Koglin\",\"isPartOf\":{\"@id\":\"https:\/\/www.patrick-koglin.com\/#website\"},\"datePublished\":\"2024-09-02T18:58:33+00:00\",\"dateModified\":\"2026-05-04T20:27:28+00:00\",\"breadcrumb\":{\"@id\":\"https:\/\/www.patrick-koglin.com\/impressum\/#breadcrumb\"},\"inLanguage\":\"en-US\",\"potentialAction\":[{\"@type\":\"ReadAction\",\"target\":[\"https:\/\/www.patrick-koglin.com\/impressum\/\"]}]},{\"@type\":\"BreadcrumbList\",\"@id\":\"https:\/\/www.patrick-koglin.com\/impressum\/#breadcrumb\",\"itemListElement\":[{\"@type\":\"ListItem\",\"position\":1,\"name\":\"Startseite\",\"item\":\"https:\/\/www.patrick-koglin.com\/\"},{\"@type\":\"ListItem\",\"position\":2,\"name\":\"Impressum\"}]},{\"@type\":\"WebSite\",\"@id\":\"https:\/\/www.patrick-koglin.com\/#website\",\"url\":\"https:\/\/www.patrick-koglin.com\/\",\"name\":\"PK Coaching - Patrick Koglin Unternehmensgruppe\",\"description\":\"PK Coaching, Business-Design &amp; Development\",\"publisher\":{\"@id\":\"https:\/\/www.patrick-koglin.com\/#organization\"},\"potentialAction\":[{\"@type\":\"SearchAction\",\"target\":{\"@type\":\"EntryPoint\",\"urlTemplate\":\"https:\/\/www.patrick-koglin.com\/?s={search_term_string}\"},\"query-input\":{\"@type\":\"PropertyValueSpecification\",\"valueRequired\":true,\"valueName\":\"search_term_string\"}}],\"inLanguage\":\"en-US\"},{\"@type\":\"Organization\",\"@id\":\"https:\/\/www.patrick-koglin.com\/#organization\",\"name\":\"Patrick Koglin | CEO von PK Coaching\",\"url\":\"https:\/\/www.patrick-koglin.com\/\",\"logo\":{\"@type\":\"ImageObject\",\"inLanguage\":\"en-US\",\"@id\":\"https:\/\/www.patrick-koglin.com\/#\/schema\/logo\/image\/\",\"url\":\"https:\/\/www.patrick-koglin.com\/wp-content\/uploads\/2025\/07\/cropped-PK16.png\",\"contentUrl\":\"https:\/\/www.patrick-koglin.com\/wp-content\/uploads\/2025\/07\/cropped-PK16.png\",\"width\":619,\"height\":287,\"caption\":\"Patrick Koglin | CEO von PK Coaching\"},\"image\":{\"@id\":\"https:\/\/www.patrick-koglin.com\/#\/schema\/logo\/image\/\"},\"sameAs\":[\"https:\/\/www.facebook.com\/profile.php?id=61566852463657\"]}]}<\/script>\n<!-- \/ Yoast SEO plugin. -->","yoast_head_json":{"title":"Impressum - Patrick Koglin","robots":{"index":"index","follow":"follow","max-snippet":"max-snippet:-1","max-image-preview":"max-image-preview:large","max-video-preview":"max-video-preview:-1"},"canonical":"https:\/\/www.patrick-koglin.com\/en\/impressum\/","og_locale":"en_US","og_type":"article","og_title":"Impressum - Patrick Koglin","og_description":"Patrick Koglin Coaching &#038; Mentoring CEO: Patrick Koglin Stegerwaldstra&szlig;e 53f 34123 Kassel Deutschland Anfragen Telefon: +49 (0) 152 \/ 597 14 607 E-Mail: mail@patrick-koglin.com Umsatzsteuer-ID Umsatzsteuer-Identifikationsnummer gem&auml;&szlig; &sect; 27 a Umsatzsteuergesetz: DE251777273 Die Inhalte auf der Webseite dienen der grundlegende Information und ersetzen keine autorisierte Beratung, Mentoring oder Coaching. Alle Inhalte werden nach bestem Wissen ... Read more","og_url":"https:\/\/www.patrick-koglin.com\/en\/impressum\/","og_site_name":"Patrick Koglin","article_publisher":"https:\/\/www.facebook.com\/profile.php?id=61566852463657","article_modified_time":"2026-05-04T20:27:28+00:00","twitter_card":"summary_large_image","twitter_misc":{"Est. reading time":"2 minutes"},"schema":{"@context":"https:\/\/schema.org","@graph":[{"@type":"WebPage","@id":"https:\/\/www.patrick-koglin.com\/impressum\/","url":"https:\/\/www.patrick-koglin.com\/impressum\/","name":"Impressum - Patrick Koglin","isPartOf":{"@id":"https:\/\/www.patrick-koglin.com\/#website"},"datePublished":"2024-09-02T18:58:33+00:00","dateModified":"2026-05-04T20:27:28+00:00","breadcrumb":{"@id":"https:\/\/www.patrick-koglin.com\/impressum\/#breadcrumb"},"inLanguage":"en-US","potentialAction":[{"@type":"ReadAction","target":["https:\/\/www.patrick-koglin.com\/impressum\/"]}]},{"@type":"BreadcrumbList","@id":"https:\/\/www.patrick-koglin.com\/impressum\/#breadcrumb","itemListElement":[{"@type":"ListItem","position":1,"name":"Startseite","item":"https:\/\/www.patrick-koglin.com\/"},{"@type":"ListItem","position":2,"name":"Impressum"}]},{"@type":"WebSite","@id":"https:\/\/www.patrick-koglin.com\/#website","url":"https:\/\/www.patrick-koglin.com\/","name":"PK Coaching - Patrick Koglin Unternehmensgruppe","description":"PK Coaching, Business-Design &amp; Development","publisher":{"@id":"https:\/\/www.patrick-koglin.com\/#organization"},"potentialAction":[{"@type":"SearchAction","target":{"@type":"EntryPoint","urlTemplate":"https:\/\/www.patrick-koglin.com\/?s={search_term_string}"},"query-input":{"@type":"PropertyValueSpecification","valueRequired":true,"valueName":"search_term_string"}}],"inLanguage":"en-US"},{"@type":"Organization","@id":"https:\/\/www.patrick-koglin.com\/#organization","name":"Patrick Koglin | CEO von PK Coaching","url":"https:\/\/www.patrick-koglin.com\/","logo":{"@type":"ImageObject","inLanguage":"en-US","@id":"https:\/\/www.patrick-koglin.com\/#\/schema\/logo\/image\/","url":"https:\/\/www.patrick-koglin.com\/wp-content\/uploads\/2025\/07\/cropped-PK16.png","contentUrl":"https:\/\/www.patrick-koglin.com\/wp-content\/uploads\/2025\/07\/cropped-PK16.png","width":619,"height":287,"caption":"Patrick Koglin | CEO von PK Coaching"},"image":{"@id":"https:\/\/www.patrick-koglin.com\/#\/schema\/logo\/image\/"},"sameAs":["https:\/\/www.facebook.com\/profile.php?id=61566852463657"]}]}},"_links":{"self":[{"href":"https:\/\/www.patrick-koglin.com\/en\/wp-json\/wp\/v2\/pages\/6","targetHints":{"allow":["GET"]}}],"collection":[{"href":"https:\/\/www.patrick-koglin.com\/en\/wp-json\/wp\/v2\/pages"}],"about":[{"href":"https:\/\/www.patrick-koglin.com\/en\/wp-json\/wp\/v2\/types\/page"}],"author":[{"embeddable":true,"href":"https:\/\/www.patrick-koglin.com\/en\/wp-json\/wp\/v2\/users\/1"}],"replies":[{"embeddable":true,"href":"https:\/\/www.patrick-koglin.com\/en\/wp-json\/wp\/v2\/comments?post=6"}],"version-history":[{"count":69,"href":"https:\/\/www.patrick-koglin.com\/en\/wp-json\/wp\/v2\/pages\/6\/revisions"}],"predecessor-version":[{"id":14927,"href":"https:\/\/www.patrick-koglin.com\/en\/wp-json\/wp\/v2\/pages\/6\/revisions\/14927"}],"wp:attachment":[{"href":"https:\/\/www.patrick-koglin.com\/en\/wp-json\/wp\/v2\/media?parent=6"}],"curies":[{"name":"wp","href":"https:\/\/api.w.org\/{rel}","templated":true}]}}