{"id":6166,"date":"2025-08-19T17:23:32","date_gmt":"2025-08-19T15:23:32","guid":{"rendered":"https:\/\/www.patrick-koglin.com\/?page_id=6166"},"modified":"2025-08-20T19:20:36","modified_gmt":"2025-08-20T17:20:36","slug":"wie-wird-man-beziehungsfaehiger","status":"publish","type":"page","link":"https:\/\/www.patrick-koglin.com\/en\/webinare\/wie-wird-man-beziehungsfaehiger\/","title":{"rendered":"Wie wird man beziehungsf\u00e4hig(er)"},"content":{"rendered":"<iframe width=\"1385\" height=\"779\" src=\"https:\/\/www.youtube.com\/embed\/JEBOG4vOt4E\" title=\"Webinar: Wie wird man beziehungsf\u00e4hig(er)\" frameborder=\"0\" allow=\"accelerometer; autoplay; clipboard-write; encrypted-media; gyroscope; picture-in-picture; web-share\" referrerpolicy=\"strict-origin-when-cross-origin\" allowfullscreen><\/iframe>\n\n\n\n<div class=\"wp-block-buttons is-layout-flex wp-block-buttons-is-layout-flex\">\n<div class=\"wp-block-button\"><a class=\"wp-block-button__link has-base-3-color has-accent-background-color has-text-color has-background has-link-color wp-element-button\" href=\"https:\/\/us02web.zoom.us\/j\/82700758672?pwd=xcp56STk0D8Xgid0pewVgePgXRGaDS.1\" style=\"border-radius:5px\" target=\"_blank\" rel=\"noreferrer noopener\">Zoom-Raum<\/a><\/div>\n\n\n\n<div class=\"wp-block-button\"><a class=\"wp-block-button__link has-base-3-color has-blush-bordeaux-gradient-background has-text-color has-background has-link-color wp-element-button\" href=\"https:\/\/www.youtube.com\/watch?v=JEBOG4vOt4E\" style=\"border-radius:5px\" target=\"_blank\" rel=\"noreferrer noopener\">youtube<\/a><\/div>\n\n\n\n<div class=\"wp-block-button\"><a class=\"wp-block-button__link has-base-3-color has-midnight-gradient-background has-text-color has-background has-link-color wp-element-button\" href=\"https:\/\/www.facebook.com\/patrickkoglincoaching\" style=\"border-radius:5px\" target=\"_blank\" rel=\"noreferrer noopener\">Facebook<\/a><\/div>\n\n\n\n<div class=\"wp-block-button\"><a class=\"wp-block-button__link has-base-3-color has-midnight-gradient-background has-text-color has-background has-link-color wp-element-button\" href=\"https:\/\/www.patrick-koglin.com\/wp-content\/uploads\/2025\/08\/Freeby-Wie-wird-man-beziehungsfaehiger-15.pdf\" style=\"border-radius:5px\">Freeby<\/a><\/div>\n\n\n\n<div class=\"wp-block-button\"><a class=\"wp-block-button__link has-base-3-color has-midnight-gradient-background has-text-color has-background has-link-color wp-element-button\" href=\"https:\/\/de.trustpilot.com\/review\/patrick-koglin.com\" style=\"border-radius:5px\">Bewertung abgeben<\/a><\/div>\n<\/div>\n\n\n\n<hr class=\"wp-block-separator has-alpha-channel-opacity\"\/>\n\n\n\n<figure class=\"wp-block-image size-large is-resized\"><img fetchpriority=\"high\" decoding=\"async\" width=\"1024\" height=\"1024\" src=\"https:\/\/www.patrick-koglin.com\/wp-content\/uploads\/2025\/08\/PK-Webinar-Beziehungsfaehig-1024x1024.png\" alt=\"\" class=\"wp-image-6189\" style=\"width:500px;height:auto\" srcset=\"https:\/\/www.patrick-koglin.com\/wp-content\/uploads\/2025\/08\/PK-Webinar-Beziehungsfaehig-1024x1024.png 1024w, https:\/\/www.patrick-koglin.com\/wp-content\/uploads\/2025\/08\/PK-Webinar-Beziehungsfaehig-300x300.png 300w, https:\/\/www.patrick-koglin.com\/wp-content\/uploads\/2025\/08\/PK-Webinar-Beziehungsfaehig-150x150.png 150w, https:\/\/www.patrick-koglin.com\/wp-content\/uploads\/2025\/08\/PK-Webinar-Beziehungsfaehig-768x768.png 768w, https:\/\/www.patrick-koglin.com\/wp-content\/uploads\/2025\/08\/PK-Webinar-Beziehungsfaehig.png 1200w\" sizes=\"(max-width: 1024px) 100vw, 1024px\" \/><\/figure>\n\n\n\n<p>Webinar 20. August 2025 um 19:30 Uhr<\/p>\n\n\n\n<div class=\"wp-block-buttons has-custom-font-size has-small-font-size is-layout-flex wp-block-buttons-is-layout-flex\">\n<div class=\"wp-block-button is-style-outline is-style-outline--1\"><a class=\"wp-block-button__link has-base-3-color has-accent-background-color has-text-color has-background has-link-color wp-element-button\" href=\"https:\/\/us02web.zoom.us\/meeting\/register\/duWlhwGjRGiG9umvPvsB-w\" style=\"border-radius:5px\" target=\"_blank\" rel=\"noreferrer noopener\">Kostenfreie Registrierung<\/a><\/div>\n<\/div>\n\n\n\n<p><\/p>\n\n\n\n<h3 class=\"wp-block-heading\">Worum geht es in diesem Webinar?<\/h3>\n\n\n\n<p>In Deutschland leben rund <strong>16 Millionen Singles<\/strong> \u2013 die Zahl der Eheschlie\u00dfungen ist r\u00fcckl\u00e4ufig. Gleichzeitig w\u00e4chst das Interesse an <strong>Beziehungsgl\u00fcck<\/strong> und echter <strong>Beziehungsf\u00e4higkeit<\/strong>.<\/p>\n\n\n\n<p>Doch was bedeutet es eigentlich, <em>beziehungsf\u00e4hig<\/em> zu sein?<\/p>\n\n\n\n<ul class=\"wp-block-list\">\n<li>Wie k\u00f6nnen wir unser Herz \u00f6ffnen und wieder Vertrauen lernen?<\/li>\n\n\n\n<li>Wie finden wir Freude am Leben und in der Begegnung mit anderen?<\/li>\n\n\n\n<li>Und wie schaffen wir es, eine <strong>nachhaltige Partnerschaft<\/strong> voller Liebe, Tiefe, Loyalit\u00e4t und gemeinsamem Wachstum aufzubauen?<\/li>\n<\/ul>\n\n\n\n<p>Im Webinar entdecken wir die Antworten auf diese Fragen \u2013 und wie jeder Mensch Schritt f\u00fcr Schritt seine Beziehungsf\u00e4higkeit entwickeln, steigern und verbessern kann.<\/p>\n\n\n\n<div class=\"wp-block-buttons is-layout-flex wp-block-buttons-is-layout-flex\">\n<div class=\"wp-block-button is-style-outline is-style-outline--2\"><a class=\"wp-block-button__link has-base-3-color has-accent-background-color has-text-color has-background has-link-color wp-element-button\" href=\"https:\/\/us02web.zoom.us\/meeting\/register\/duWlhwGjRGiG9umvPvsB-w\" style=\"border-radius:5px\" target=\"_blank\" rel=\"noreferrer noopener\">Kostenfreie Registrierung<\/a><\/div>\n<\/div>\n\n\n\n<hr class=\"wp-block-separator has-alpha-channel-opacity\"\/>","protected":false},"excerpt":{"rendered":"<p>Webinar 20. August 2025 um 19:30 Uhr Worum geht es in diesem Webinar? In Deutschland leben rund 16 Millionen Singles \u2013 die Zahl der Eheschlie\u00dfungen ist r\u00fcckl\u00e4ufig. Gleichzeitig w\u00e4chst das Interesse an Beziehungsgl\u00fcck und echter Beziehungsf\u00e4higkeit. Doch was bedeutet es eigentlich, beziehungsf\u00e4hig zu sein? Im Webinar entdecken wir die Antworten auf diese Fragen \u2013 und &#8230; <a title=\"Wie wird man beziehungsf\u00e4hig(er)\" class=\"read-more\" href=\"https:\/\/www.patrick-koglin.com\/en\/webinare\/wie-wird-man-beziehungsfaehiger\/\" aria-label=\"Read more about Wie wird man beziehungsf\u00e4hig(er)\">Read more<\/a><\/p>","protected":false},"author":1,"featured_media":0,"parent":3565,"menu_order":0,"comment_status":"closed","ping_status":"closed","template":"","meta":{"footnotes":""},"class_list":["post-6166","page","type-page","status-publish"],"yoast_head":"<!-- This site is optimized with the Yoast SEO plugin v25.8 - https:\/\/yoast.com\/wordpress\/plugins\/seo\/ -->\n<title>Wie wird man beziehungsf\u00e4hig(er) - Patrick Koglin<\/title>\n<meta name=\"robots\" content=\"index, follow, max-snippet:-1, max-image-preview:large, max-video-preview:-1\" \/>\n<link rel=\"canonical\" href=\"https:\/\/www.patrick-koglin.com\/en\/webinare\/wie-wird-man-beziehungsfaehiger\/\" \/>\n<meta property=\"og:locale\" content=\"en_US\" \/>\n<meta property=\"og:type\" content=\"article\" \/>\n<meta property=\"og:title\" content=\"Wie wird man beziehungsf\u00e4hig(er) - Patrick Koglin\" \/>\n<meta property=\"og:description\" content=\"Webinar 20. August 2025 um 19:30 Uhr Worum geht es in diesem Webinar? In Deutschland leben rund 16 Millionen Singles \u2013 die Zahl der Eheschlie\u00dfungen ist r\u00fcckl\u00e4ufig. Gleichzeitig w\u00e4chst das Interesse an Beziehungsgl\u00fcck und echter Beziehungsf\u00e4higkeit. Doch was bedeutet es eigentlich, beziehungsf\u00e4hig zu sein? Im Webinar entdecken wir die Antworten auf diese Fragen \u2013 und ... Read more\" \/>\n<meta property=\"og:url\" content=\"https:\/\/www.patrick-koglin.com\/en\/webinare\/wie-wird-man-beziehungsfaehiger\/\" \/>\n<meta property=\"og:site_name\" content=\"Patrick Koglin\" \/>\n<meta property=\"article:publisher\" content=\"https:\/\/www.facebook.com\/profile.php?id=61566852463657\" \/>\n<meta property=\"article:modified_time\" content=\"2025-08-20T17:20:36+00:00\" \/>\n<meta property=\"og:image\" content=\"https:\/\/www.patrick-koglin.com\/wp-content\/uploads\/2025\/08\/PK-Webinar-Beziehungsfaehig-1024x1024.png\" \/>\n<meta name=\"twitter:card\" content=\"summary_large_image\" \/>\n<meta name=\"twitter:label1\" content=\"Est. reading time\" \/>\n\t<meta name=\"twitter:data1\" content=\"1 minute\" \/>\n<script type=\"application\/ld+json\" class=\"yoast-schema-graph\">{\"@context\":\"https:\/\/schema.org\",\"@graph\":[{\"@type\":\"WebPage\",\"@id\":\"https:\/\/www.patrick-koglin.com\/webinare\/wie-wird-man-beziehungsfaehiger\/\",\"url\":\"https:\/\/www.patrick-koglin.com\/webinare\/wie-wird-man-beziehungsfaehiger\/\",\"name\":\"Wie wird man beziehungsf\u00e4hig(er) - Patrick Koglin\",\"isPartOf\":{\"@id\":\"https:\/\/www.patrick-koglin.com\/#website\"},\"primaryImageOfPage\":{\"@id\":\"https:\/\/www.patrick-koglin.com\/webinare\/wie-wird-man-beziehungsfaehiger\/#primaryimage\"},\"image\":{\"@id\":\"https:\/\/www.patrick-koglin.com\/webinare\/wie-wird-man-beziehungsfaehiger\/#primaryimage\"},\"thumbnailUrl\":\"https:\/\/www.patrick-koglin.com\/wp-content\/uploads\/2025\/08\/PK-Webinar-Beziehungsfaehig-1024x1024.png\",\"datePublished\":\"2025-08-19T15:23:32+00:00\",\"dateModified\":\"2025-08-20T17:20:36+00:00\",\"breadcrumb\":{\"@id\":\"https:\/\/www.patrick-koglin.com\/webinare\/wie-wird-man-beziehungsfaehiger\/#breadcrumb\"},\"inLanguage\":\"en-US\",\"potentialAction\":[{\"@type\":\"ReadAction\",\"target\":[\"https:\/\/www.patrick-koglin.com\/webinare\/wie-wird-man-beziehungsfaehiger\/\"]}]},{\"@type\":\"ImageObject\",\"inLanguage\":\"en-US\",\"@id\":\"https:\/\/www.patrick-koglin.com\/webinare\/wie-wird-man-beziehungsfaehiger\/#primaryimage\",\"url\":\"https:\/\/www.patrick-koglin.com\/wp-content\/uploads\/2025\/08\/PK-Webinar-Beziehungsfaehig-1024x1024.png\",\"contentUrl\":\"https:\/\/www.patrick-koglin.com\/wp-content\/uploads\/2025\/08\/PK-Webinar-Beziehungsfaehig-1024x1024.png\"},{\"@type\":\"BreadcrumbList\",\"@id\":\"https:\/\/www.patrick-koglin.com\/webinare\/wie-wird-man-beziehungsfaehiger\/#breadcrumb\",\"itemListElement\":[{\"@type\":\"ListItem\",\"position\":1,\"name\":\"Startseite\",\"item\":\"https:\/\/www.patrick-koglin.com\/\"},{\"@type\":\"ListItem\",\"position\":2,\"name\":\"Webinare\",\"item\":\"https:\/\/www.patrick-koglin.com\/webinare\/\"},{\"@type\":\"ListItem\",\"position\":3,\"name\":\"Wie wird man beziehungsf\u00e4hig(er)\"}]},{\"@type\":\"WebSite\",\"@id\":\"https:\/\/www.patrick-koglin.com\/#website\",\"url\":\"https:\/\/www.patrick-koglin.com\/\",\"name\":\"PK Coaching - Patrick Koglin Unternehmensgruppe\",\"description\":\"PK Coaching, Business-Design &amp; Development\",\"publisher\":{\"@id\":\"https:\/\/www.patrick-koglin.com\/#organization\"},\"potentialAction\":[{\"@type\":\"SearchAction\",\"target\":{\"@type\":\"EntryPoint\",\"urlTemplate\":\"https:\/\/www.patrick-koglin.com\/?s={search_term_string}\"},\"query-input\":{\"@type\":\"PropertyValueSpecification\",\"valueRequired\":true,\"valueName\":\"search_term_string\"}}],\"inLanguage\":\"en-US\"},{\"@type\":\"Organization\",\"@id\":\"https:\/\/www.patrick-koglin.com\/#organization\",\"name\":\"Patrick Koglin | CEO von PK Coaching\",\"url\":\"https:\/\/www.patrick-koglin.com\/\",\"logo\":{\"@type\":\"ImageObject\",\"inLanguage\":\"en-US\",\"@id\":\"https:\/\/www.patrick-koglin.com\/#\/schema\/logo\/image\/\",\"url\":\"https:\/\/www.patrick-koglin.com\/wp-content\/uploads\/2025\/07\/cropped-PK16.png\",\"contentUrl\":\"https:\/\/www.patrick-koglin.com\/wp-content\/uploads\/2025\/07\/cropped-PK16.png\",\"width\":619,\"height\":287,\"caption\":\"Patrick Koglin | CEO von PK Coaching\"},\"image\":{\"@id\":\"https:\/\/www.patrick-koglin.com\/#\/schema\/logo\/image\/\"},\"sameAs\":[\"https:\/\/www.facebook.com\/profile.php?id=61566852463657\"]}]}<\/script>\n<!-- \/ Yoast SEO plugin. -->","yoast_head_json":{"title":"Wie wird man beziehungsf\u00e4hig(er) - Patrick Koglin","robots":{"index":"index","follow":"follow","max-snippet":"max-snippet:-1","max-image-preview":"max-image-preview:large","max-video-preview":"max-video-preview:-1"},"canonical":"https:\/\/www.patrick-koglin.com\/en\/webinare\/wie-wird-man-beziehungsfaehiger\/","og_locale":"en_US","og_type":"article","og_title":"Wie wird man beziehungsf\u00e4hig(er) - Patrick Koglin","og_description":"Webinar 20. August 2025 um 19:30 Uhr Worum geht es in diesem Webinar? In Deutschland leben rund 16 Millionen Singles \u2013 die Zahl der Eheschlie\u00dfungen ist r\u00fcckl\u00e4ufig. Gleichzeitig w\u00e4chst das Interesse an Beziehungsgl\u00fcck und echter Beziehungsf\u00e4higkeit. Doch was bedeutet es eigentlich, beziehungsf\u00e4hig zu sein? Im Webinar entdecken wir die Antworten auf diese Fragen \u2013 und ... Read more","og_url":"https:\/\/www.patrick-koglin.com\/en\/webinare\/wie-wird-man-beziehungsfaehiger\/","og_site_name":"Patrick Koglin","article_publisher":"https:\/\/www.facebook.com\/profile.php?id=61566852463657","article_modified_time":"2025-08-20T17:20:36+00:00","og_image":[{"url":"https:\/\/www.patrick-koglin.com\/wp-content\/uploads\/2025\/08\/PK-Webinar-Beziehungsfaehig-1024x1024.png","type":"","width":"","height":""}],"twitter_card":"summary_large_image","twitter_misc":{"Est. reading time":"1 minute"},"schema":{"@context":"https:\/\/schema.org","@graph":[{"@type":"WebPage","@id":"https:\/\/www.patrick-koglin.com\/webinare\/wie-wird-man-beziehungsfaehiger\/","url":"https:\/\/www.patrick-koglin.com\/webinare\/wie-wird-man-beziehungsfaehiger\/","name":"Wie wird man beziehungsf\u00e4hig(er) - Patrick Koglin","isPartOf":{"@id":"https:\/\/www.patrick-koglin.com\/#website"},"primaryImageOfPage":{"@id":"https:\/\/www.patrick-koglin.com\/webinare\/wie-wird-man-beziehungsfaehiger\/#primaryimage"},"image":{"@id":"https:\/\/www.patrick-koglin.com\/webinare\/wie-wird-man-beziehungsfaehiger\/#primaryimage"},"thumbnailUrl":"https:\/\/www.patrick-koglin.com\/wp-content\/uploads\/2025\/08\/PK-Webinar-Beziehungsfaehig-1024x1024.png","datePublished":"2025-08-19T15:23:32+00:00","dateModified":"2025-08-20T17:20:36+00:00","breadcrumb":{"@id":"https:\/\/www.patrick-koglin.com\/webinare\/wie-wird-man-beziehungsfaehiger\/#breadcrumb"},"inLanguage":"en-US","potentialAction":[{"@type":"ReadAction","target":["https:\/\/www.patrick-koglin.com\/webinare\/wie-wird-man-beziehungsfaehiger\/"]}]},{"@type":"ImageObject","inLanguage":"en-US","@id":"https:\/\/www.patrick-koglin.com\/webinare\/wie-wird-man-beziehungsfaehiger\/#primaryimage","url":"https:\/\/www.patrick-koglin.com\/wp-content\/uploads\/2025\/08\/PK-Webinar-Beziehungsfaehig-1024x1024.png","contentUrl":"https:\/\/www.patrick-koglin.com\/wp-content\/uploads\/2025\/08\/PK-Webinar-Beziehungsfaehig-1024x1024.png"},{"@type":"BreadcrumbList","@id":"https:\/\/www.patrick-koglin.com\/webinare\/wie-wird-man-beziehungsfaehiger\/#breadcrumb","itemListElement":[{"@type":"ListItem","position":1,"name":"Startseite","item":"https:\/\/www.patrick-koglin.com\/"},{"@type":"ListItem","position":2,"name":"Webinare","item":"https:\/\/www.patrick-koglin.com\/webinare\/"},{"@type":"ListItem","position":3,"name":"Wie wird man beziehungsf\u00e4hig(er)"}]},{"@type":"WebSite","@id":"https:\/\/www.patrick-koglin.com\/#website","url":"https:\/\/www.patrick-koglin.com\/","name":"PK Coaching - Patrick Koglin Unternehmensgruppe","description":"PK Coaching, Business-Design &amp; Development","publisher":{"@id":"https:\/\/www.patrick-koglin.com\/#organization"},"potentialAction":[{"@type":"SearchAction","target":{"@type":"EntryPoint","urlTemplate":"https:\/\/www.patrick-koglin.com\/?s={search_term_string}"},"query-input":{"@type":"PropertyValueSpecification","valueRequired":true,"valueName":"search_term_string"}}],"inLanguage":"en-US"},{"@type":"Organization","@id":"https:\/\/www.patrick-koglin.com\/#organization","name":"Patrick Koglin | CEO von PK Coaching","url":"https:\/\/www.patrick-koglin.com\/","logo":{"@type":"ImageObject","inLanguage":"en-US","@id":"https:\/\/www.patrick-koglin.com\/#\/schema\/logo\/image\/","url":"https:\/\/www.patrick-koglin.com\/wp-content\/uploads\/2025\/07\/cropped-PK16.png","contentUrl":"https:\/\/www.patrick-koglin.com\/wp-content\/uploads\/2025\/07\/cropped-PK16.png","width":619,"height":287,"caption":"Patrick Koglin | CEO von PK Coaching"},"image":{"@id":"https:\/\/www.patrick-koglin.com\/#\/schema\/logo\/image\/"},"sameAs":["https:\/\/www.facebook.com\/profile.php?id=61566852463657"]}]}},"_links":{"self":[{"href":"https:\/\/www.patrick-koglin.com\/en\/wp-json\/wp\/v2\/pages\/6166","targetHints":{"allow":["GET"]}}],"collection":[{"href":"https:\/\/www.patrick-koglin.com\/en\/wp-json\/wp\/v2\/pages"}],"about":[{"href":"https:\/\/www.patrick-koglin.com\/en\/wp-json\/wp\/v2\/types\/page"}],"author":[{"embeddable":true,"href":"https:\/\/www.patrick-koglin.com\/en\/wp-json\/wp\/v2\/users\/1"}],"replies":[{"embeddable":true,"href":"https:\/\/www.patrick-koglin.com\/en\/wp-json\/wp\/v2\/comments?post=6166"}],"version-history":[{"count":14,"href":"https:\/\/www.patrick-koglin.com\/en\/wp-json\/wp\/v2\/pages\/6166\/revisions"}],"predecessor-version":[{"id":6244,"href":"https:\/\/www.patrick-koglin.com\/en\/wp-json\/wp\/v2\/pages\/6166\/revisions\/6244"}],"up":[{"embeddable":true,"href":"https:\/\/www.patrick-koglin.com\/en\/wp-json\/wp\/v2\/pages\/3565"}],"wp:attachment":[{"href":"https:\/\/www.patrick-koglin.com\/en\/wp-json\/wp\/v2\/media?parent=6166"}],"curies":[{"name":"wp","href":"https:\/\/api.w.org\/{rel}","templated":true}]}}