{"id":6193,"date":"2025-08-19T18:06:09","date_gmt":"2025-08-19T16:06:09","guid":{"rendered":"https:\/\/www.patrick-koglin.com\/?page_id=6193"},"modified":"2025-10-16T11:28:27","modified_gmt":"2025-10-16T09:28:27","slug":"freebies","status":"publish","type":"page","link":"https:\/\/www.patrick-koglin.com\/en\/freebies\/","title":{"rendered":"Freebies"},"content":{"rendered":"<h3 class=\"wp-block-heading\">Kategorien<\/h3>\n\n\n\n<div class=\"wp-block-columns is-layout-flex wp-container-core-columns-is-layout-9d6595d7 wp-block-columns-is-layout-flex\">\n<div class=\"wp-block-column is-layout-flow wp-block-column-is-layout-flow\">\n<figure class=\"wp-block-image size-full\"><a href=\"https:\/\/www.patrick-koglin.com\/en\/freebies\/sales\/\"><img fetchpriority=\"high\" decoding=\"async\" width=\"800\" height=\"800\" src=\"https:\/\/www.patrick-koglin.com\/wp-content\/uploads\/2025\/10\/Freeby-Kategorie-Titelbild-Sales.png\" alt=\"\" class=\"wp-image-7538\" srcset=\"https:\/\/www.patrick-koglin.com\/wp-content\/uploads\/2025\/10\/Freeby-Kategorie-Titelbild-Sales.png 800w, https:\/\/www.patrick-koglin.com\/wp-content\/uploads\/2025\/10\/Freeby-Kategorie-Titelbild-Sales-300x300.png 300w, https:\/\/www.patrick-koglin.com\/wp-content\/uploads\/2025\/10\/Freeby-Kategorie-Titelbild-Sales-150x150.png 150w, https:\/\/www.patrick-koglin.com\/wp-content\/uploads\/2025\/10\/Freeby-Kategorie-Titelbild-Sales-768x768.png 768w\" sizes=\"(max-width: 800px) 100vw, 800px\" \/><\/a><\/figure>\n<\/div>\n\n\n\n<div class=\"wp-block-column is-layout-flow wp-block-column-is-layout-flow\"><\/div>\n<\/div>\n\n\n\n<div class=\"wp-block-columns is-layout-flex wp-container-core-columns-is-layout-9d6595d7 wp-block-columns-is-layout-flex\">\n<div class=\"wp-block-column is-layout-flow wp-block-column-is-layout-flow\"><\/div>\n\n\n\n<div class=\"wp-block-column is-layout-flow wp-block-column-is-layout-flow\"><\/div>\n<\/div>\n\n\n\n<div class=\"wp-block-columns is-layout-flex wp-container-core-columns-is-layout-9d6595d7 wp-block-columns-is-layout-flex\">\n<div class=\"wp-block-column is-layout-flow wp-block-column-is-layout-flow\">\n<figure class=\"wp-block-image size-full\"><a href=\"https:\/\/www.patrick-koglin.com\/en\/freeby\/arbeit-und-produktivitaet\/\"><img decoding=\"async\" width=\"800\" height=\"800\" src=\"https:\/\/www.patrick-koglin.com\/wp-content\/uploads\/2025\/08\/Kategorie-Arbeit-und-Qualitaet-Cover-2.png\" alt=\"\" class=\"wp-image-6455\" srcset=\"https:\/\/www.patrick-koglin.com\/wp-content\/uploads\/2025\/08\/Kategorie-Arbeit-und-Qualitaet-Cover-2.png 800w, https:\/\/www.patrick-koglin.com\/wp-content\/uploads\/2025\/08\/Kategorie-Arbeit-und-Qualitaet-Cover-2-300x300.png 300w, https:\/\/www.patrick-koglin.com\/wp-content\/uploads\/2025\/08\/Kategorie-Arbeit-und-Qualitaet-Cover-2-150x150.png 150w, https:\/\/www.patrick-koglin.com\/wp-content\/uploads\/2025\/08\/Kategorie-Arbeit-und-Qualitaet-Cover-2-768x768.png 768w\" sizes=\"(max-width: 800px) 100vw, 800px\" \/><\/a><\/figure>\n\n\n\n<p class=\"has-text-align-center\"><a href=\"https:\/\/www.patrick-koglin.com\/en\/freeby\/arbeit-und-produktivitaet\/\">Arbeit, Effizienz, Produktivitit\u00e4t und Qualit\u00e4t<\/a><\/p>\n<\/div>\n\n\n\n<div class=\"wp-block-column is-layout-flow wp-block-column-is-layout-flow\">\n<figure class=\"wp-block-image size-full\"><a href=\"https:\/\/www.patrick-koglin.com\/en\/freeby\/beziehungen\/\"><img decoding=\"async\" width=\"800\" height=\"800\" src=\"https:\/\/www.patrick-koglin.com\/wp-content\/uploads\/2025\/08\/Kategorie-Partnerschaft-Cover.png\" alt=\"\" class=\"wp-image-6451\" srcset=\"https:\/\/www.patrick-koglin.com\/wp-content\/uploads\/2025\/08\/Kategorie-Partnerschaft-Cover.png 800w, https:\/\/www.patrick-koglin.com\/wp-content\/uploads\/2025\/08\/Kategorie-Partnerschaft-Cover-300x300.png 300w, https:\/\/www.patrick-koglin.com\/wp-content\/uploads\/2025\/08\/Kategorie-Partnerschaft-Cover-150x150.png 150w, https:\/\/www.patrick-koglin.com\/wp-content\/uploads\/2025\/08\/Kategorie-Partnerschaft-Cover-768x768.png 768w\" sizes=\"(max-width: 800px) 100vw, 800px\" \/><\/a><\/figure>\n\n\n\n<p class=\"has-text-align-center\"><a href=\"https:\/\/www.patrick-koglin.com\/en\/freeby\/beziehungen\/\">Partnerschaft, Liebesgl\u00fcck und Beziehungen<\/a><\/p>\n<\/div>\n<\/div>\n\n\n\n<hr class=\"wp-block-separator has-alpha-channel-opacity\"\/>\n\n\n\n<h3 class=\"wp-block-heading\">Highlights<\/h3>\n\n\n\n<div class=\"wp-block-columns is-layout-flex wp-container-core-columns-is-layout-9d6595d7 wp-block-columns-is-layout-flex\">\n<div class=\"wp-block-column is-layout-flow wp-block-column-is-layout-flow\">\n<figure class=\"wp-block-image size-large\"><a href=\"https:\/\/www.patrick-koglin.com\/en\/freeby\/beziehungen\/power-of-love\/\"><img loading=\"lazy\" decoding=\"async\" width=\"1024\" height=\"576\" src=\"https:\/\/www.patrick-koglin.com\/wp-content\/uploads\/2025\/08\/Blau-Natur-Dokumentarfilm-Film-YouTube-Miniaturansicht1-1024x576.png\" alt=\"\" class=\"wp-image-6247\" srcset=\"https:\/\/www.patrick-koglin.com\/wp-content\/uploads\/2025\/08\/Blau-Natur-Dokumentarfilm-Film-YouTube-Miniaturansicht1-1024x576.png 1024w, https:\/\/www.patrick-koglin.com\/wp-content\/uploads\/2025\/08\/Blau-Natur-Dokumentarfilm-Film-YouTube-Miniaturansicht1-300x169.png 300w, https:\/\/www.patrick-koglin.com\/wp-content\/uploads\/2025\/08\/Blau-Natur-Dokumentarfilm-Film-YouTube-Miniaturansicht1-768x432.png 768w, https:\/\/www.patrick-koglin.com\/wp-content\/uploads\/2025\/08\/Blau-Natur-Dokumentarfilm-Film-YouTube-Miniaturansicht1.png 1280w\" sizes=\"(max-width: 1024px) 100vw, 1024px\" \/><\/a><\/figure>\n<\/div>\n\n\n\n<div class=\"wp-block-column is-layout-flow wp-block-column-is-layout-flow\">\n<figure class=\"wp-block-image size-large\"><a href=\"https:\/\/www.patrick-koglin.com\/en\/freeby\/beziehungen\/wie-wird-man-beziehungsfaehiger\/\"><img loading=\"lazy\" decoding=\"async\" width=\"1024\" height=\"1024\" src=\"https:\/\/www.patrick-koglin.com\/wp-content\/uploads\/2025\/08\/PK-Webinar-Beziehungsfaehig-1024x1024.png\" alt=\"\" class=\"wp-image-6189\" srcset=\"https:\/\/www.patrick-koglin.com\/wp-content\/uploads\/2025\/08\/PK-Webinar-Beziehungsfaehig-1024x1024.png 1024w, https:\/\/www.patrick-koglin.com\/wp-content\/uploads\/2025\/08\/PK-Webinar-Beziehungsfaehig-300x300.png 300w, https:\/\/www.patrick-koglin.com\/wp-content\/uploads\/2025\/08\/PK-Webinar-Beziehungsfaehig-150x150.png 150w, https:\/\/www.patrick-koglin.com\/wp-content\/uploads\/2025\/08\/PK-Webinar-Beziehungsfaehig-768x768.png 768w, https:\/\/www.patrick-koglin.com\/wp-content\/uploads\/2025\/08\/PK-Webinar-Beziehungsfaehig.png 1200w\" sizes=\"(max-width: 1024px) 100vw, 1024px\" \/><\/a><\/figure>\n<\/div>\n<\/div>\n\n\n\n<p><\/p>","protected":false},"excerpt":{"rendered":"<p>Kategorien Arbeit, Effizienz, Produktivitit\u00e4t und Qualit\u00e4t Partnerschaft, Liebesgl\u00fcck und Beziehungen Highlights<\/p>","protected":false},"author":1,"featured_media":0,"parent":0,"menu_order":0,"comment_status":"closed","ping_status":"closed","template":"","meta":{"footnotes":""},"class_list":["post-6193","page","type-page","status-publish"],"yoast_head":"<!-- This site is optimized with the Yoast SEO plugin v25.8 - https:\/\/yoast.com\/wordpress\/plugins\/seo\/ -->\n<title>Freebies - Patrick Koglin<\/title>\n<meta name=\"robots\" content=\"index, follow, max-snippet:-1, max-image-preview:large, max-video-preview:-1\" \/>\n<link rel=\"canonical\" href=\"https:\/\/www.patrick-koglin.com\/en\/freebies\/\" \/>\n<meta property=\"og:locale\" content=\"en_US\" \/>\n<meta property=\"og:type\" content=\"article\" \/>\n<meta property=\"og:title\" content=\"Freebies - Patrick Koglin\" \/>\n<meta property=\"og:description\" content=\"Kategorien Arbeit, Effizienz, Produktivitit\u00e4t und Qualit\u00e4t Partnerschaft, Liebesgl\u00fcck und Beziehungen Highlights\" \/>\n<meta property=\"og:url\" content=\"https:\/\/www.patrick-koglin.com\/en\/freebies\/\" \/>\n<meta property=\"og:site_name\" content=\"Patrick Koglin\" \/>\n<meta property=\"article:publisher\" content=\"https:\/\/www.facebook.com\/profile.php?id=61566852463657\" \/>\n<meta property=\"article:modified_time\" content=\"2025-10-16T09:28:27+00:00\" \/>\n<meta property=\"og:image\" content=\"https:\/\/www.patrick-koglin.com\/wp-content\/uploads\/2025\/10\/Freeby-Kategorie-Titelbild-Sales.png\" \/>\n\t<meta property=\"og:image:width\" content=\"800\" \/>\n\t<meta property=\"og:image:height\" content=\"800\" \/>\n\t<meta property=\"og:image:type\" content=\"image\/png\" \/>\n<meta name=\"twitter:card\" content=\"summary_large_image\" \/>\n<meta name=\"twitter:label1\" content=\"Est. reading time\" \/>\n\t<meta name=\"twitter:data1\" content=\"2 minutes\" \/>\n<script type=\"application\/ld+json\" class=\"yoast-schema-graph\">{\"@context\":\"https:\/\/schema.org\",\"@graph\":[{\"@type\":\"WebPage\",\"@id\":\"https:\/\/www.patrick-koglin.com\/freebies\/\",\"url\":\"https:\/\/www.patrick-koglin.com\/freebies\/\",\"name\":\"Freebies - Patrick Koglin\",\"isPartOf\":{\"@id\":\"https:\/\/www.patrick-koglin.com\/#website\"},\"primaryImageOfPage\":{\"@id\":\"https:\/\/www.patrick-koglin.com\/freebies\/#primaryimage\"},\"image\":{\"@id\":\"https:\/\/www.patrick-koglin.com\/freebies\/#primaryimage\"},\"thumbnailUrl\":\"https:\/\/www.patrick-koglin.com\/wp-content\/uploads\/2025\/10\/Freeby-Kategorie-Titelbild-Sales.png\",\"datePublished\":\"2025-08-19T16:06:09+00:00\",\"dateModified\":\"2025-10-16T09:28:27+00:00\",\"breadcrumb\":{\"@id\":\"https:\/\/www.patrick-koglin.com\/freebies\/#breadcrumb\"},\"inLanguage\":\"en-US\",\"potentialAction\":[{\"@type\":\"ReadAction\",\"target\":[\"https:\/\/www.patrick-koglin.com\/freebies\/\"]}]},{\"@type\":\"ImageObject\",\"inLanguage\":\"en-US\",\"@id\":\"https:\/\/www.patrick-koglin.com\/freebies\/#primaryimage\",\"url\":\"https:\/\/www.patrick-koglin.com\/wp-content\/uploads\/2025\/10\/Freeby-Kategorie-Titelbild-Sales.png\",\"contentUrl\":\"https:\/\/www.patrick-koglin.com\/wp-content\/uploads\/2025\/10\/Freeby-Kategorie-Titelbild-Sales.png\"},{\"@type\":\"BreadcrumbList\",\"@id\":\"https:\/\/www.patrick-koglin.com\/freebies\/#breadcrumb\",\"itemListElement\":[{\"@type\":\"ListItem\",\"position\":1,\"name\":\"Startseite\",\"item\":\"https:\/\/www.patrick-koglin.com\/\"},{\"@type\":\"ListItem\",\"position\":2,\"name\":\"Freebies\"}]},{\"@type\":\"WebSite\",\"@id\":\"https:\/\/www.patrick-koglin.com\/#website\",\"url\":\"https:\/\/www.patrick-koglin.com\/\",\"name\":\"PK Coaching - Patrick Koglin Unternehmensgruppe\",\"description\":\"PK Coaching, Business-Design &amp; Development\",\"publisher\":{\"@id\":\"https:\/\/www.patrick-koglin.com\/#organization\"},\"potentialAction\":[{\"@type\":\"SearchAction\",\"target\":{\"@type\":\"EntryPoint\",\"urlTemplate\":\"https:\/\/www.patrick-koglin.com\/?s={search_term_string}\"},\"query-input\":{\"@type\":\"PropertyValueSpecification\",\"valueRequired\":true,\"valueName\":\"search_term_string\"}}],\"inLanguage\":\"en-US\"},{\"@type\":\"Organization\",\"@id\":\"https:\/\/www.patrick-koglin.com\/#organization\",\"name\":\"Patrick Koglin | CEO von PK Coaching\",\"url\":\"https:\/\/www.patrick-koglin.com\/\",\"logo\":{\"@type\":\"ImageObject\",\"inLanguage\":\"en-US\",\"@id\":\"https:\/\/www.patrick-koglin.com\/#\/schema\/logo\/image\/\",\"url\":\"https:\/\/www.patrick-koglin.com\/wp-content\/uploads\/2025\/07\/cropped-PK16.png\",\"contentUrl\":\"https:\/\/www.patrick-koglin.com\/wp-content\/uploads\/2025\/07\/cropped-PK16.png\",\"width\":619,\"height\":287,\"caption\":\"Patrick Koglin | CEO von PK Coaching\"},\"image\":{\"@id\":\"https:\/\/www.patrick-koglin.com\/#\/schema\/logo\/image\/\"},\"sameAs\":[\"https:\/\/www.facebook.com\/profile.php?id=61566852463657\"]}]}<\/script>\n<!-- \/ Yoast SEO plugin. -->","yoast_head_json":{"title":"Freebies - Patrick Koglin","robots":{"index":"index","follow":"follow","max-snippet":"max-snippet:-1","max-image-preview":"max-image-preview:large","max-video-preview":"max-video-preview:-1"},"canonical":"https:\/\/www.patrick-koglin.com\/en\/freebies\/","og_locale":"en_US","og_type":"article","og_title":"Freebies - Patrick Koglin","og_description":"Kategorien Arbeit, Effizienz, Produktivitit\u00e4t und Qualit\u00e4t Partnerschaft, Liebesgl\u00fcck und Beziehungen Highlights","og_url":"https:\/\/www.patrick-koglin.com\/en\/freebies\/","og_site_name":"Patrick Koglin","article_publisher":"https:\/\/www.facebook.com\/profile.php?id=61566852463657","article_modified_time":"2025-10-16T09:28:27+00:00","og_image":[{"width":800,"height":800,"url":"https:\/\/www.patrick-koglin.com\/wp-content\/uploads\/2025\/10\/Freeby-Kategorie-Titelbild-Sales.png","type":"image\/png"}],"twitter_card":"summary_large_image","twitter_misc":{"Est. reading time":"2 minutes"},"schema":{"@context":"https:\/\/schema.org","@graph":[{"@type":"WebPage","@id":"https:\/\/www.patrick-koglin.com\/freebies\/","url":"https:\/\/www.patrick-koglin.com\/freebies\/","name":"Freebies - Patrick Koglin","isPartOf":{"@id":"https:\/\/www.patrick-koglin.com\/#website"},"primaryImageOfPage":{"@id":"https:\/\/www.patrick-koglin.com\/freebies\/#primaryimage"},"image":{"@id":"https:\/\/www.patrick-koglin.com\/freebies\/#primaryimage"},"thumbnailUrl":"https:\/\/www.patrick-koglin.com\/wp-content\/uploads\/2025\/10\/Freeby-Kategorie-Titelbild-Sales.png","datePublished":"2025-08-19T16:06:09+00:00","dateModified":"2025-10-16T09:28:27+00:00","breadcrumb":{"@id":"https:\/\/www.patrick-koglin.com\/freebies\/#breadcrumb"},"inLanguage":"en-US","potentialAction":[{"@type":"ReadAction","target":["https:\/\/www.patrick-koglin.com\/freebies\/"]}]},{"@type":"ImageObject","inLanguage":"en-US","@id":"https:\/\/www.patrick-koglin.com\/freebies\/#primaryimage","url":"https:\/\/www.patrick-koglin.com\/wp-content\/uploads\/2025\/10\/Freeby-Kategorie-Titelbild-Sales.png","contentUrl":"https:\/\/www.patrick-koglin.com\/wp-content\/uploads\/2025\/10\/Freeby-Kategorie-Titelbild-Sales.png"},{"@type":"BreadcrumbList","@id":"https:\/\/www.patrick-koglin.com\/freebies\/#breadcrumb","itemListElement":[{"@type":"ListItem","position":1,"name":"Startseite","item":"https:\/\/www.patrick-koglin.com\/"},{"@type":"ListItem","position":2,"name":"Freebies"}]},{"@type":"WebSite","@id":"https:\/\/www.patrick-koglin.com\/#website","url":"https:\/\/www.patrick-koglin.com\/","name":"PK Coaching - Patrick Koglin Unternehmensgruppe","description":"PK Coaching, Business-Design &amp; Development","publisher":{"@id":"https:\/\/www.patrick-koglin.com\/#organization"},"potentialAction":[{"@type":"SearchAction","target":{"@type":"EntryPoint","urlTemplate":"https:\/\/www.patrick-koglin.com\/?s={search_term_string}"},"query-input":{"@type":"PropertyValueSpecification","valueRequired":true,"valueName":"search_term_string"}}],"inLanguage":"en-US"},{"@type":"Organization","@id":"https:\/\/www.patrick-koglin.com\/#organization","name":"Patrick Koglin | CEO von PK Coaching","url":"https:\/\/www.patrick-koglin.com\/","logo":{"@type":"ImageObject","inLanguage":"en-US","@id":"https:\/\/www.patrick-koglin.com\/#\/schema\/logo\/image\/","url":"https:\/\/www.patrick-koglin.com\/wp-content\/uploads\/2025\/07\/cropped-PK16.png","contentUrl":"https:\/\/www.patrick-koglin.com\/wp-content\/uploads\/2025\/07\/cropped-PK16.png","width":619,"height":287,"caption":"Patrick Koglin | CEO von PK Coaching"},"image":{"@id":"https:\/\/www.patrick-koglin.com\/#\/schema\/logo\/image\/"},"sameAs":["https:\/\/www.facebook.com\/profile.php?id=61566852463657"]}]}},"_links":{"self":[{"href":"https:\/\/www.patrick-koglin.com\/en\/wp-json\/wp\/v2\/pages\/6193","targetHints":{"allow":["GET"]}}],"collection":[{"href":"https:\/\/www.patrick-koglin.com\/en\/wp-json\/wp\/v2\/pages"}],"about":[{"href":"https:\/\/www.patrick-koglin.com\/en\/wp-json\/wp\/v2\/types\/page"}],"author":[{"embeddable":true,"href":"https:\/\/www.patrick-koglin.com\/en\/wp-json\/wp\/v2\/users\/1"}],"replies":[{"embeddable":true,"href":"https:\/\/www.patrick-koglin.com\/en\/wp-json\/wp\/v2\/comments?post=6193"}],"version-history":[{"count":10,"href":"https:\/\/www.patrick-koglin.com\/en\/wp-json\/wp\/v2\/pages\/6193\/revisions"}],"predecessor-version":[{"id":7542,"href":"https:\/\/www.patrick-koglin.com\/en\/wp-json\/wp\/v2\/pages\/6193\/revisions\/7542"}],"wp:attachment":[{"href":"https:\/\/www.patrick-koglin.com\/en\/wp-json\/wp\/v2\/media?parent=6193"}],"curies":[{"name":"wp","href":"https:\/\/api.w.org\/{rel}","templated":true}]}}