{"id":6335,"date":"2025-08-25T14:00:59","date_gmt":"2025-08-25T12:00:59","guid":{"rendered":"https:\/\/www.patrick-koglin.com\/?page_id=6335"},"modified":"2025-08-25T14:10:58","modified_gmt":"2025-08-25T12:10:58","slug":"erfolg-reich-wie-das-gesetz-der-anziehung-funktioniert","status":"publish","type":"page","link":"https:\/\/www.patrick-koglin.com\/en\/webinare\/erfolg\/erfolg-reich-wie-das-gesetz-der-anziehung-funktioniert\/","title":{"rendered":"Erfolg-reich"},"content":{"rendered":"<h2 class=\"wp-block-heading\">Wie das Gesetz der Anziehung funktioniert<\/h2>\n\n\n\n<p>Mehr Kunden, mehr Erfolg, Liebe, Gesundheit und Gl\u00fcck? In diesem kostenfreien Webinar gibt Patrick Koglin die Grundlagen daf\u00fcr kostenfrei raus.<\/p>\n\n\n\n<p>Das Webinar basiert auf dem Geheimnis \u00fcber das Gesetz der Anziehung.<\/p>\n\n\n\n<p>25. August 2025, 19 Uhr<\/p>\n\n\n\n<iframe width=\"1178\" height=\"663\" src=\"https:\/\/www.youtube.com\/embed\/OX-14ED72o4\" title=\"Erfolg-reich: Wie das Gesetz der Anziehung funktioniert\" frameborder=\"0\" allow=\"accelerometer; autoplay; clipboard-write; encrypted-media; gyroscope; picture-in-picture; web-share\" referrerpolicy=\"strict-origin-when-cross-origin\" allowfullscreen><\/iframe>\n\n\n\n<div class=\"wp-block-buttons is-layout-flex wp-block-buttons-is-layout-flex\">\n<div class=\"wp-block-button\"><a class=\"wp-block-button__link wp-element-button\" style=\"border-radius:5px\">Kostenfreie Registrierung<\/a><\/div>\n\n\n\n<div class=\"wp-block-button\"><a class=\"wp-block-button__link has-blush-bordeaux-gradient-background has-background wp-element-button\" href=\"https:\/\/www.youtube.com\/watch?v=OX-14ED72o4\" style=\"border-radius:5px\" target=\"_blank\" rel=\"noreferrer noopener\">Stream auf youtube<\/a><\/div>\n<\/div>\n\n\n\n<hr class=\"wp-block-separator has-alpha-channel-opacity\"\/>\n\n\n\n<h3 class=\"wp-block-heading\">Inhalt des Webinars:<\/h3>\n\n\n\n<ul class=\"wp-block-list\">\n<li>Warum Du (noch) nicht bekommst was Du willst<\/li>\n\n\n\n<li>Das Fundament f\u00fcr erfolgreiche Manifestation<\/li>\n\n\n\n<li>Typische Fehler und Irrt\u00fcmer<\/li>\n\n\n\n<li>3 Schritte zur Wunscherf\u00fcllung<\/li>\n\n\n\n<li>Wie das \u201cGesetz der Anziehung\u201d funktioniert<\/li>\n<\/ul>\n\n\n\n<h3 class=\"wp-block-heading\">Coach und Moderator:<\/h3>\n\n\n\n<p>Patrick Koglin<\/p>\n\n\n\n<h3 class=\"wp-block-heading\">Streamingkan\u00e4le:<\/h3>\n\n\n\n<ul class=\"wp-block-list\">\n<li><a href=\"https:\/\/www.youtube.com\/watch?v=OX-14ED72o4\">youtube<\/a>*<\/li>\n\n\n\n<li><a href=\"https:\/\/us02web.zoom.us\/meeting\/register\/YOwmX4p6R0WjU9wnA_Z0iw\">Zoom <\/a>(nur mit Registrierung)<\/li>\n\n\n\n<li><a href=\"https:\/\/www.facebook.com\/patrickkoglincoaching\">Facebook<\/a>*<\/li>\n<\/ul>\n\n\n\n<p class=\"has-small-font-size\">*anonyme Teilnahme als Zuschauer*in m\u00f6glich, wenn kein Chat genutzt wird<\/p>\n\n\n\n<h3 class=\"wp-block-heading\">Coverbild<\/h3>\n\n\n\n<p>Zum Weiterleiten und Teilen<\/p>\n\n\n\n<figure class=\"wp-block-image size-large is-resized\"><img fetchpriority=\"high\" decoding=\"async\" width=\"1024\" height=\"1024\" src=\"https:\/\/www.patrick-koglin.com\/wp-content\/uploads\/2025\/08\/Cover-Webinar-Erfolgreich-1024x1024.png\" alt=\"\" class=\"wp-image-6329\" style=\"width:513px;height:auto\" srcset=\"https:\/\/www.patrick-koglin.com\/wp-content\/uploads\/2025\/08\/Cover-Webinar-Erfolgreich-1024x1024.png 1024w, https:\/\/www.patrick-koglin.com\/wp-content\/uploads\/2025\/08\/Cover-Webinar-Erfolgreich-300x300.png 300w, https:\/\/www.patrick-koglin.com\/wp-content\/uploads\/2025\/08\/Cover-Webinar-Erfolgreich-150x150.png 150w, https:\/\/www.patrick-koglin.com\/wp-content\/uploads\/2025\/08\/Cover-Webinar-Erfolgreich-768x768.png 768w, https:\/\/www.patrick-koglin.com\/wp-content\/uploads\/2025\/08\/Cover-Webinar-Erfolgreich.png 1200w\" sizes=\"(max-width: 1024px) 100vw, 1024px\" \/><\/figure>\n\n\n\n<p>Bitte mit diesem Link weitergeben, einladen und teilen:<br>https:\/\/www.patrick-koglin.com\/erfolg-reich <\/p>","protected":false},"excerpt":{"rendered":"<p>Wie das Gesetz der Anziehung funktioniert Mehr Kunden, mehr Erfolg, Liebe, Gesundheit und Gl\u00fcck? In diesem kostenfreien Webinar gibt Patrick Koglin die Grundlagen daf\u00fcr kostenfrei raus. Das Webinar basiert auf dem Geheimnis \u00fcber das Gesetz der Anziehung. 25. August 2025, 19 Uhr Inhalt des Webinars: Coach und Moderator: Patrick Koglin Streamingkan\u00e4le: *anonyme Teilnahme als Zuschauer*in &#8230; <a title=\"Erfolg-reich\" class=\"read-more\" href=\"https:\/\/www.patrick-koglin.com\/en\/webinare\/erfolg\/erfolg-reich-wie-das-gesetz-der-anziehung-funktioniert\/\" aria-label=\"Read more about Erfolg-reich\">Read more<\/a><\/p>","protected":false},"author":1,"featured_media":0,"parent":6332,"menu_order":0,"comment_status":"closed","ping_status":"closed","template":"","meta":{"footnotes":""},"class_list":["post-6335","page","type-page","status-publish"],"yoast_head":"<!-- This site is optimized with the Yoast SEO plugin v25.8 - https:\/\/yoast.com\/wordpress\/plugins\/seo\/ -->\n<title>Erfolg-reich - Patrick Koglin<\/title>\n<meta name=\"robots\" content=\"index, follow, max-snippet:-1, max-image-preview:large, max-video-preview:-1\" \/>\n<link rel=\"canonical\" href=\"https:\/\/www.patrick-koglin.com\/en\/webinare\/erfolg\/erfolg-reich-wie-das-gesetz-der-anziehung-funktioniert\/\" \/>\n<meta property=\"og:locale\" content=\"en_US\" \/>\n<meta property=\"og:type\" content=\"article\" \/>\n<meta property=\"og:title\" content=\"Erfolg-reich - Patrick Koglin\" \/>\n<meta property=\"og:description\" content=\"Wie das Gesetz der Anziehung funktioniert Mehr Kunden, mehr Erfolg, Liebe, Gesundheit und Gl\u00fcck? In diesem kostenfreien Webinar gibt Patrick Koglin die Grundlagen daf\u00fcr kostenfrei raus. Das Webinar basiert auf dem Geheimnis \u00fcber das Gesetz der Anziehung. 25. August 2025, 19 Uhr Inhalt des Webinars: Coach und Moderator: Patrick Koglin Streamingkan\u00e4le: *anonyme Teilnahme als Zuschauer*in ... Read more\" \/>\n<meta property=\"og:url\" content=\"https:\/\/www.patrick-koglin.com\/en\/webinare\/erfolg\/erfolg-reich-wie-das-gesetz-der-anziehung-funktioniert\/\" \/>\n<meta property=\"og:site_name\" content=\"Patrick Koglin\" \/>\n<meta property=\"article:publisher\" content=\"https:\/\/www.facebook.com\/profile.php?id=61566852463657\" \/>\n<meta property=\"article:modified_time\" content=\"2025-08-25T12:10:58+00:00\" \/>\n<meta property=\"og:image\" content=\"https:\/\/www.patrick-koglin.com\/wp-content\/uploads\/2025\/08\/Cover-Webinar-Erfolgreich-1024x1024.png\" \/>\n<meta name=\"twitter:card\" content=\"summary_large_image\" \/>\n<meta name=\"twitter:label1\" content=\"Est. reading time\" \/>\n\t<meta name=\"twitter:data1\" content=\"1 minute\" \/>\n<script type=\"application\/ld+json\" class=\"yoast-schema-graph\">{\"@context\":\"https:\/\/schema.org\",\"@graph\":[{\"@type\":\"WebPage\",\"@id\":\"https:\/\/www.patrick-koglin.com\/webinare\/erfolg\/erfolg-reich-wie-das-gesetz-der-anziehung-funktioniert\/\",\"url\":\"https:\/\/www.patrick-koglin.com\/webinare\/erfolg\/erfolg-reich-wie-das-gesetz-der-anziehung-funktioniert\/\",\"name\":\"Erfolg-reich - Patrick Koglin\",\"isPartOf\":{\"@id\":\"https:\/\/www.patrick-koglin.com\/#website\"},\"primaryImageOfPage\":{\"@id\":\"https:\/\/www.patrick-koglin.com\/webinare\/erfolg\/erfolg-reich-wie-das-gesetz-der-anziehung-funktioniert\/#primaryimage\"},\"image\":{\"@id\":\"https:\/\/www.patrick-koglin.com\/webinare\/erfolg\/erfolg-reich-wie-das-gesetz-der-anziehung-funktioniert\/#primaryimage\"},\"thumbnailUrl\":\"https:\/\/www.patrick-koglin.com\/wp-content\/uploads\/2025\/08\/Cover-Webinar-Erfolgreich-1024x1024.png\",\"datePublished\":\"2025-08-25T12:00:59+00:00\",\"dateModified\":\"2025-08-25T12:10:58+00:00\",\"breadcrumb\":{\"@id\":\"https:\/\/www.patrick-koglin.com\/webinare\/erfolg\/erfolg-reich-wie-das-gesetz-der-anziehung-funktioniert\/#breadcrumb\"},\"inLanguage\":\"en-US\",\"potentialAction\":[{\"@type\":\"ReadAction\",\"target\":[\"https:\/\/www.patrick-koglin.com\/webinare\/erfolg\/erfolg-reich-wie-das-gesetz-der-anziehung-funktioniert\/\"]}]},{\"@type\":\"ImageObject\",\"inLanguage\":\"en-US\",\"@id\":\"https:\/\/www.patrick-koglin.com\/webinare\/erfolg\/erfolg-reich-wie-das-gesetz-der-anziehung-funktioniert\/#primaryimage\",\"url\":\"https:\/\/www.patrick-koglin.com\/wp-content\/uploads\/2025\/08\/Cover-Webinar-Erfolgreich-1024x1024.png\",\"contentUrl\":\"https:\/\/www.patrick-koglin.com\/wp-content\/uploads\/2025\/08\/Cover-Webinar-Erfolgreich-1024x1024.png\"},{\"@type\":\"BreadcrumbList\",\"@id\":\"https:\/\/www.patrick-koglin.com\/webinare\/erfolg\/erfolg-reich-wie-das-gesetz-der-anziehung-funktioniert\/#breadcrumb\",\"itemListElement\":[{\"@type\":\"ListItem\",\"position\":1,\"name\":\"Startseite\",\"item\":\"https:\/\/www.patrick-koglin.com\/\"},{\"@type\":\"ListItem\",\"position\":2,\"name\":\"Webinare\",\"item\":\"https:\/\/www.patrick-koglin.com\/webinare\/\"},{\"@type\":\"ListItem\",\"position\":3,\"name\":\"Erfolg\",\"item\":\"https:\/\/www.patrick-koglin.com\/webinare\/erfolg\/\"},{\"@type\":\"ListItem\",\"position\":4,\"name\":\"Erfolg-reich\"}]},{\"@type\":\"WebSite\",\"@id\":\"https:\/\/www.patrick-koglin.com\/#website\",\"url\":\"https:\/\/www.patrick-koglin.com\/\",\"name\":\"PK Coaching - Patrick Koglin Unternehmensgruppe\",\"description\":\"PK Coaching, Business-Design &amp; Development\",\"publisher\":{\"@id\":\"https:\/\/www.patrick-koglin.com\/#organization\"},\"potentialAction\":[{\"@type\":\"SearchAction\",\"target\":{\"@type\":\"EntryPoint\",\"urlTemplate\":\"https:\/\/www.patrick-koglin.com\/?s={search_term_string}\"},\"query-input\":{\"@type\":\"PropertyValueSpecification\",\"valueRequired\":true,\"valueName\":\"search_term_string\"}}],\"inLanguage\":\"en-US\"},{\"@type\":\"Organization\",\"@id\":\"https:\/\/www.patrick-koglin.com\/#organization\",\"name\":\"Patrick Koglin | CEO von PK Coaching\",\"url\":\"https:\/\/www.patrick-koglin.com\/\",\"logo\":{\"@type\":\"ImageObject\",\"inLanguage\":\"en-US\",\"@id\":\"https:\/\/www.patrick-koglin.com\/#\/schema\/logo\/image\/\",\"url\":\"https:\/\/www.patrick-koglin.com\/wp-content\/uploads\/2025\/07\/cropped-PK16.png\",\"contentUrl\":\"https:\/\/www.patrick-koglin.com\/wp-content\/uploads\/2025\/07\/cropped-PK16.png\",\"width\":619,\"height\":287,\"caption\":\"Patrick Koglin | CEO von PK Coaching\"},\"image\":{\"@id\":\"https:\/\/www.patrick-koglin.com\/#\/schema\/logo\/image\/\"},\"sameAs\":[\"https:\/\/www.facebook.com\/profile.php?id=61566852463657\"]}]}<\/script>\n<!-- \/ Yoast SEO plugin. -->","yoast_head_json":{"title":"Erfolg-reich - Patrick Koglin","robots":{"index":"index","follow":"follow","max-snippet":"max-snippet:-1","max-image-preview":"max-image-preview:large","max-video-preview":"max-video-preview:-1"},"canonical":"https:\/\/www.patrick-koglin.com\/en\/webinare\/erfolg\/erfolg-reich-wie-das-gesetz-der-anziehung-funktioniert\/","og_locale":"en_US","og_type":"article","og_title":"Erfolg-reich - Patrick Koglin","og_description":"Wie das Gesetz der Anziehung funktioniert Mehr Kunden, mehr Erfolg, Liebe, Gesundheit und Gl\u00fcck? In diesem kostenfreien Webinar gibt Patrick Koglin die Grundlagen daf\u00fcr kostenfrei raus. Das Webinar basiert auf dem Geheimnis \u00fcber das Gesetz der Anziehung. 25. August 2025, 19 Uhr Inhalt des Webinars: Coach und Moderator: Patrick Koglin Streamingkan\u00e4le: *anonyme Teilnahme als Zuschauer*in ... Read more","og_url":"https:\/\/www.patrick-koglin.com\/en\/webinare\/erfolg\/erfolg-reich-wie-das-gesetz-der-anziehung-funktioniert\/","og_site_name":"Patrick Koglin","article_publisher":"https:\/\/www.facebook.com\/profile.php?id=61566852463657","article_modified_time":"2025-08-25T12:10:58+00:00","og_image":[{"url":"https:\/\/www.patrick-koglin.com\/wp-content\/uploads\/2025\/08\/Cover-Webinar-Erfolgreich-1024x1024.png","type":"","width":"","height":""}],"twitter_card":"summary_large_image","twitter_misc":{"Est. reading time":"1 minute"},"schema":{"@context":"https:\/\/schema.org","@graph":[{"@type":"WebPage","@id":"https:\/\/www.patrick-koglin.com\/webinare\/erfolg\/erfolg-reich-wie-das-gesetz-der-anziehung-funktioniert\/","url":"https:\/\/www.patrick-koglin.com\/webinare\/erfolg\/erfolg-reich-wie-das-gesetz-der-anziehung-funktioniert\/","name":"Erfolg-reich - Patrick Koglin","isPartOf":{"@id":"https:\/\/www.patrick-koglin.com\/#website"},"primaryImageOfPage":{"@id":"https:\/\/www.patrick-koglin.com\/webinare\/erfolg\/erfolg-reich-wie-das-gesetz-der-anziehung-funktioniert\/#primaryimage"},"image":{"@id":"https:\/\/www.patrick-koglin.com\/webinare\/erfolg\/erfolg-reich-wie-das-gesetz-der-anziehung-funktioniert\/#primaryimage"},"thumbnailUrl":"https:\/\/www.patrick-koglin.com\/wp-content\/uploads\/2025\/08\/Cover-Webinar-Erfolgreich-1024x1024.png","datePublished":"2025-08-25T12:00:59+00:00","dateModified":"2025-08-25T12:10:58+00:00","breadcrumb":{"@id":"https:\/\/www.patrick-koglin.com\/webinare\/erfolg\/erfolg-reich-wie-das-gesetz-der-anziehung-funktioniert\/#breadcrumb"},"inLanguage":"en-US","potentialAction":[{"@type":"ReadAction","target":["https:\/\/www.patrick-koglin.com\/webinare\/erfolg\/erfolg-reich-wie-das-gesetz-der-anziehung-funktioniert\/"]}]},{"@type":"ImageObject","inLanguage":"en-US","@id":"https:\/\/www.patrick-koglin.com\/webinare\/erfolg\/erfolg-reich-wie-das-gesetz-der-anziehung-funktioniert\/#primaryimage","url":"https:\/\/www.patrick-koglin.com\/wp-content\/uploads\/2025\/08\/Cover-Webinar-Erfolgreich-1024x1024.png","contentUrl":"https:\/\/www.patrick-koglin.com\/wp-content\/uploads\/2025\/08\/Cover-Webinar-Erfolgreich-1024x1024.png"},{"@type":"BreadcrumbList","@id":"https:\/\/www.patrick-koglin.com\/webinare\/erfolg\/erfolg-reich-wie-das-gesetz-der-anziehung-funktioniert\/#breadcrumb","itemListElement":[{"@type":"ListItem","position":1,"name":"Startseite","item":"https:\/\/www.patrick-koglin.com\/"},{"@type":"ListItem","position":2,"name":"Webinare","item":"https:\/\/www.patrick-koglin.com\/webinare\/"},{"@type":"ListItem","position":3,"name":"Erfolg","item":"https:\/\/www.patrick-koglin.com\/webinare\/erfolg\/"},{"@type":"ListItem","position":4,"name":"Erfolg-reich"}]},{"@type":"WebSite","@id":"https:\/\/www.patrick-koglin.com\/#website","url":"https:\/\/www.patrick-koglin.com\/","name":"PK Coaching - Patrick Koglin Unternehmensgruppe","description":"PK Coaching, Business-Design &amp; Development","publisher":{"@id":"https:\/\/www.patrick-koglin.com\/#organization"},"potentialAction":[{"@type":"SearchAction","target":{"@type":"EntryPoint","urlTemplate":"https:\/\/www.patrick-koglin.com\/?s={search_term_string}"},"query-input":{"@type":"PropertyValueSpecification","valueRequired":true,"valueName":"search_term_string"}}],"inLanguage":"en-US"},{"@type":"Organization","@id":"https:\/\/www.patrick-koglin.com\/#organization","name":"Patrick Koglin | CEO von PK Coaching","url":"https:\/\/www.patrick-koglin.com\/","logo":{"@type":"ImageObject","inLanguage":"en-US","@id":"https:\/\/www.patrick-koglin.com\/#\/schema\/logo\/image\/","url":"https:\/\/www.patrick-koglin.com\/wp-content\/uploads\/2025\/07\/cropped-PK16.png","contentUrl":"https:\/\/www.patrick-koglin.com\/wp-content\/uploads\/2025\/07\/cropped-PK16.png","width":619,"height":287,"caption":"Patrick Koglin | CEO von PK Coaching"},"image":{"@id":"https:\/\/www.patrick-koglin.com\/#\/schema\/logo\/image\/"},"sameAs":["https:\/\/www.facebook.com\/profile.php?id=61566852463657"]}]}},"_links":{"self":[{"href":"https:\/\/www.patrick-koglin.com\/en\/wp-json\/wp\/v2\/pages\/6335","targetHints":{"allow":["GET"]}}],"collection":[{"href":"https:\/\/www.patrick-koglin.com\/en\/wp-json\/wp\/v2\/pages"}],"about":[{"href":"https:\/\/www.patrick-koglin.com\/en\/wp-json\/wp\/v2\/types\/page"}],"author":[{"embeddable":true,"href":"https:\/\/www.patrick-koglin.com\/en\/wp-json\/wp\/v2\/users\/1"}],"replies":[{"embeddable":true,"href":"https:\/\/www.patrick-koglin.com\/en\/wp-json\/wp\/v2\/comments?post=6335"}],"version-history":[{"count":8,"href":"https:\/\/www.patrick-koglin.com\/en\/wp-json\/wp\/v2\/pages\/6335\/revisions"}],"predecessor-version":[{"id":6356,"href":"https:\/\/www.patrick-koglin.com\/en\/wp-json\/wp\/v2\/pages\/6335\/revisions\/6356"}],"up":[{"embeddable":true,"href":"https:\/\/www.patrick-koglin.com\/en\/wp-json\/wp\/v2\/pages\/6332"}],"wp:attachment":[{"href":"https:\/\/www.patrick-koglin.com\/en\/wp-json\/wp\/v2\/media?parent=6335"}],"curies":[{"name":"wp","href":"https:\/\/api.w.org\/{rel}","templated":true}]}}