{"id":7860,"date":"2025-11-15T20:14:29","date_gmt":"2025-11-15T19:14:29","guid":{"rendered":"https:\/\/www.patrick-koglin.com\/?page_id=7860"},"modified":"2026-04-02T14:18:31","modified_gmt":"2026-04-02T12:18:31","slug":"unternehmensberatung","status":"publish","type":"page","link":"https:\/\/www.patrick-koglin.com\/en\/unternehmensberatung\/","title":{"rendered":"Unternehmensberatung"},"content":{"rendered":"<p>Mehr Effizienz, bessere Kundenresonanz und h\u00f6here Mitarbeiterzufriedenheit sind die typischen Belange eines Unternehmen das sich in starken Wachstumszyklen oder schnellen Ver\u00e4nderungsphasen bewegt. Gleichzeitig nat\u00fcrlich Umsatz, Cashflow und Rentabilit\u00e4t.<\/p>\n\n\n\n<p>Patrick Koglin unterst\u00fctzt mit seiner Unternehmensberatung seit 2016 kleine, mittelst\u00e4ndische und gro\u00dfe Unternehmen. Auch Coaches, Arztpraxen, Heilpraktiker, Trainer und Berater. Er bildet auch eigene Unternehmensberater aus. <\/p>\n\n\n\n<hr class=\"wp-block-separator has-alpha-channel-opacity\"\/>\n\n\n\n<div class=\"wp-block-columns is-layout-flex wp-container-core-columns-is-layout-9d6595d7 wp-block-columns-is-layout-flex\">\n<div class=\"wp-block-column is-layout-flow wp-block-column-is-layout-flow\">\n<h2 class=\"wp-block-heading has-text-align-center\">Solo-Selbst\u00e4ndige und kleine Unternehmen<\/h2>\n\n\n\n<p class=\"has-text-align-center\">z.B. Tanz- und Yoga-Studios, Arzt-Praxen, Heilpraktiker, Gr\u00fcnderberater, Anw\u00e4lte, Freelancer, Coaches, Speaker und Trainer<\/p>\n\n\n\n<p class=\"has-text-align-center\"><\/p>\n<\/div>\n\n\n\n<div class=\"wp-block-column is-layout-flow wp-block-column-is-layout-flow\">\n<h2 class=\"wp-block-heading has-text-align-center\">Kleine und mittelst\u00e4ndische Unternehmen<\/h2>\n\n\n\n<p class=\"has-text-align-center\">Tech-Startups, Bildungszentren oder \u00f6ffentliche Einrichtungen haben wieder individuelle Qualit\u00e4tsanforderungen, Herausforderungen und Anspr\u00fcche.<\/p>\n<\/div>\n\n\n\n<div class=\"wp-block-column is-layout-flow wp-block-column-is-layout-flow\">\n<h2 class=\"wp-block-heading has-text-align-center\">Gro\u00dfe, internationale DAX-Unternehmen und staatliche Einrichtungen<\/h2>\n<\/div>\n<\/div>\n\n\n\n<hr class=\"wp-block-separator has-alpha-channel-opacity\"\/>\n\n\n\n<p><\/p>","protected":false},"excerpt":{"rendered":"<p>Mehr Effizienz, bessere Kundenresonanz und h\u00f6here Mitarbeiterzufriedenheit sind die typischen Belange eines Unternehmen das sich in starken Wachstumszyklen oder schnellen Ver\u00e4nderungsphasen bewegt. Gleichzeitig nat\u00fcrlich Umsatz, Cashflow und Rentabilit\u00e4t. Patrick Koglin unterst\u00fctzt mit seiner Unternehmensberatung seit 2016 kleine, mittelst\u00e4ndische und gro\u00dfe Unternehmen. Auch Coaches, Arztpraxen, Heilpraktiker, Trainer und Berater. Er bildet auch eigene Unternehmensberater aus. Solo-Selbst\u00e4ndige &#8230; <a title=\"Unternehmensberatung\" class=\"read-more\" href=\"https:\/\/www.patrick-koglin.com\/en\/unternehmensberatung\/\" aria-label=\"Read more about Unternehmensberatung\">Read more<\/a><\/p>","protected":false},"author":1,"featured_media":0,"parent":0,"menu_order":0,"comment_status":"closed","ping_status":"closed","template":"","meta":{"footnotes":""},"class_list":["post-7860","page","type-page","status-publish"],"yoast_head":"<!-- This site is optimized with the Yoast SEO plugin v25.8 - https:\/\/yoast.com\/wordpress\/plugins\/seo\/ -->\n<title>Unternehmensberatung - Patrick Koglin<\/title>\n<meta name=\"robots\" content=\"index, follow, max-snippet:-1, max-image-preview:large, max-video-preview:-1\" \/>\n<link rel=\"canonical\" href=\"https:\/\/www.patrick-koglin.com\/en\/unternehmensberatung\/\" \/>\n<meta property=\"og:locale\" content=\"en_US\" \/>\n<meta property=\"og:type\" content=\"article\" \/>\n<meta property=\"og:title\" content=\"Unternehmensberatung - Patrick Koglin\" \/>\n<meta property=\"og:description\" content=\"Mehr Effizienz, bessere Kundenresonanz und h\u00f6here Mitarbeiterzufriedenheit sind die typischen Belange eines Unternehmen das sich in starken Wachstumszyklen oder schnellen Ver\u00e4nderungsphasen bewegt. Gleichzeitig nat\u00fcrlich Umsatz, Cashflow und Rentabilit\u00e4t. Patrick Koglin unterst\u00fctzt mit seiner Unternehmensberatung seit 2016 kleine, mittelst\u00e4ndische und gro\u00dfe Unternehmen. Auch Coaches, Arztpraxen, Heilpraktiker, Trainer und Berater. Er bildet auch eigene Unternehmensberater aus. Solo-Selbst\u00e4ndige ... Read more\" \/>\n<meta property=\"og:url\" content=\"https:\/\/www.patrick-koglin.com\/en\/unternehmensberatung\/\" \/>\n<meta property=\"og:site_name\" content=\"Patrick Koglin\" \/>\n<meta property=\"article:publisher\" content=\"https:\/\/www.facebook.com\/profile.php?id=61566852463657\" \/>\n<meta property=\"article:modified_time\" content=\"2026-04-02T12:18:31+00:00\" \/>\n<meta name=\"twitter:card\" content=\"summary_large_image\" \/>\n<meta name=\"twitter:label1\" content=\"Est. reading time\" \/>\n\t<meta name=\"twitter:data1\" content=\"1 minute\" \/>\n<script type=\"application\/ld+json\" class=\"yoast-schema-graph\">{\"@context\":\"https:\/\/schema.org\",\"@graph\":[{\"@type\":\"WebPage\",\"@id\":\"https:\/\/www.patrick-koglin.com\/unternehmensberatung\/\",\"url\":\"https:\/\/www.patrick-koglin.com\/unternehmensberatung\/\",\"name\":\"Unternehmensberatung - Patrick Koglin\",\"isPartOf\":{\"@id\":\"https:\/\/www.patrick-koglin.com\/#website\"},\"datePublished\":\"2025-11-15T19:14:29+00:00\",\"dateModified\":\"2026-04-02T12:18:31+00:00\",\"breadcrumb\":{\"@id\":\"https:\/\/www.patrick-koglin.com\/unternehmensberatung\/#breadcrumb\"},\"inLanguage\":\"en-US\",\"potentialAction\":[{\"@type\":\"ReadAction\",\"target\":[\"https:\/\/www.patrick-koglin.com\/unternehmensberatung\/\"]}]},{\"@type\":\"BreadcrumbList\",\"@id\":\"https:\/\/www.patrick-koglin.com\/unternehmensberatung\/#breadcrumb\",\"itemListElement\":[{\"@type\":\"ListItem\",\"position\":1,\"name\":\"Startseite\",\"item\":\"https:\/\/www.patrick-koglin.com\/\"},{\"@type\":\"ListItem\",\"position\":2,\"name\":\"Unternehmensberatung\"}]},{\"@type\":\"WebSite\",\"@id\":\"https:\/\/www.patrick-koglin.com\/#website\",\"url\":\"https:\/\/www.patrick-koglin.com\/\",\"name\":\"PK Coaching - Patrick Koglin Unternehmensgruppe\",\"description\":\"PK Coaching, Business-Design &amp; Development\",\"publisher\":{\"@id\":\"https:\/\/www.patrick-koglin.com\/#organization\"},\"potentialAction\":[{\"@type\":\"SearchAction\",\"target\":{\"@type\":\"EntryPoint\",\"urlTemplate\":\"https:\/\/www.patrick-koglin.com\/?s={search_term_string}\"},\"query-input\":{\"@type\":\"PropertyValueSpecification\",\"valueRequired\":true,\"valueName\":\"search_term_string\"}}],\"inLanguage\":\"en-US\"},{\"@type\":\"Organization\",\"@id\":\"https:\/\/www.patrick-koglin.com\/#organization\",\"name\":\"Patrick Koglin | CEO von PK Coaching\",\"url\":\"https:\/\/www.patrick-koglin.com\/\",\"logo\":{\"@type\":\"ImageObject\",\"inLanguage\":\"en-US\",\"@id\":\"https:\/\/www.patrick-koglin.com\/#\/schema\/logo\/image\/\",\"url\":\"https:\/\/www.patrick-koglin.com\/wp-content\/uploads\/2025\/07\/cropped-PK16.png\",\"contentUrl\":\"https:\/\/www.patrick-koglin.com\/wp-content\/uploads\/2025\/07\/cropped-PK16.png\",\"width\":619,\"height\":287,\"caption\":\"Patrick Koglin | CEO von PK Coaching\"},\"image\":{\"@id\":\"https:\/\/www.patrick-koglin.com\/#\/schema\/logo\/image\/\"},\"sameAs\":[\"https:\/\/www.facebook.com\/profile.php?id=61566852463657\"]}]}<\/script>\n<!-- \/ Yoast SEO plugin. -->","yoast_head_json":{"title":"Unternehmensberatung - Patrick Koglin","robots":{"index":"index","follow":"follow","max-snippet":"max-snippet:-1","max-image-preview":"max-image-preview:large","max-video-preview":"max-video-preview:-1"},"canonical":"https:\/\/www.patrick-koglin.com\/en\/unternehmensberatung\/","og_locale":"en_US","og_type":"article","og_title":"Unternehmensberatung - Patrick Koglin","og_description":"Mehr Effizienz, bessere Kundenresonanz und h\u00f6here Mitarbeiterzufriedenheit sind die typischen Belange eines Unternehmen das sich in starken Wachstumszyklen oder schnellen Ver\u00e4nderungsphasen bewegt. Gleichzeitig nat\u00fcrlich Umsatz, Cashflow und Rentabilit\u00e4t. Patrick Koglin unterst\u00fctzt mit seiner Unternehmensberatung seit 2016 kleine, mittelst\u00e4ndische und gro\u00dfe Unternehmen. Auch Coaches, Arztpraxen, Heilpraktiker, Trainer und Berater. Er bildet auch eigene Unternehmensberater aus. Solo-Selbst\u00e4ndige ... Read more","og_url":"https:\/\/www.patrick-koglin.com\/en\/unternehmensberatung\/","og_site_name":"Patrick Koglin","article_publisher":"https:\/\/www.facebook.com\/profile.php?id=61566852463657","article_modified_time":"2026-04-02T12:18:31+00:00","twitter_card":"summary_large_image","twitter_misc":{"Est. reading time":"1 minute"},"schema":{"@context":"https:\/\/schema.org","@graph":[{"@type":"WebPage","@id":"https:\/\/www.patrick-koglin.com\/unternehmensberatung\/","url":"https:\/\/www.patrick-koglin.com\/unternehmensberatung\/","name":"Unternehmensberatung - Patrick Koglin","isPartOf":{"@id":"https:\/\/www.patrick-koglin.com\/#website"},"datePublished":"2025-11-15T19:14:29+00:00","dateModified":"2026-04-02T12:18:31+00:00","breadcrumb":{"@id":"https:\/\/www.patrick-koglin.com\/unternehmensberatung\/#breadcrumb"},"inLanguage":"en-US","potentialAction":[{"@type":"ReadAction","target":["https:\/\/www.patrick-koglin.com\/unternehmensberatung\/"]}]},{"@type":"BreadcrumbList","@id":"https:\/\/www.patrick-koglin.com\/unternehmensberatung\/#breadcrumb","itemListElement":[{"@type":"ListItem","position":1,"name":"Startseite","item":"https:\/\/www.patrick-koglin.com\/"},{"@type":"ListItem","position":2,"name":"Unternehmensberatung"}]},{"@type":"WebSite","@id":"https:\/\/www.patrick-koglin.com\/#website","url":"https:\/\/www.patrick-koglin.com\/","name":"PK Coaching - Patrick Koglin Unternehmensgruppe","description":"PK Coaching, Business-Design &amp; Development","publisher":{"@id":"https:\/\/www.patrick-koglin.com\/#organization"},"potentialAction":[{"@type":"SearchAction","target":{"@type":"EntryPoint","urlTemplate":"https:\/\/www.patrick-koglin.com\/?s={search_term_string}"},"query-input":{"@type":"PropertyValueSpecification","valueRequired":true,"valueName":"search_term_string"}}],"inLanguage":"en-US"},{"@type":"Organization","@id":"https:\/\/www.patrick-koglin.com\/#organization","name":"Patrick Koglin | CEO von PK Coaching","url":"https:\/\/www.patrick-koglin.com\/","logo":{"@type":"ImageObject","inLanguage":"en-US","@id":"https:\/\/www.patrick-koglin.com\/#\/schema\/logo\/image\/","url":"https:\/\/www.patrick-koglin.com\/wp-content\/uploads\/2025\/07\/cropped-PK16.png","contentUrl":"https:\/\/www.patrick-koglin.com\/wp-content\/uploads\/2025\/07\/cropped-PK16.png","width":619,"height":287,"caption":"Patrick Koglin | CEO von PK Coaching"},"image":{"@id":"https:\/\/www.patrick-koglin.com\/#\/schema\/logo\/image\/"},"sameAs":["https:\/\/www.facebook.com\/profile.php?id=61566852463657"]}]}},"_links":{"self":[{"href":"https:\/\/www.patrick-koglin.com\/en\/wp-json\/wp\/v2\/pages\/7860","targetHints":{"allow":["GET"]}}],"collection":[{"href":"https:\/\/www.patrick-koglin.com\/en\/wp-json\/wp\/v2\/pages"}],"about":[{"href":"https:\/\/www.patrick-koglin.com\/en\/wp-json\/wp\/v2\/types\/page"}],"author":[{"embeddable":true,"href":"https:\/\/www.patrick-koglin.com\/en\/wp-json\/wp\/v2\/users\/1"}],"replies":[{"embeddable":true,"href":"https:\/\/www.patrick-koglin.com\/en\/wp-json\/wp\/v2\/comments?post=7860"}],"version-history":[{"count":7,"href":"https:\/\/www.patrick-koglin.com\/en\/wp-json\/wp\/v2\/pages\/7860\/revisions"}],"predecessor-version":[{"id":12444,"href":"https:\/\/www.patrick-koglin.com\/en\/wp-json\/wp\/v2\/pages\/7860\/revisions\/12444"}],"wp:attachment":[{"href":"https:\/\/www.patrick-koglin.com\/en\/wp-json\/wp\/v2\/media?parent=7860"}],"curies":[{"name":"wp","href":"https:\/\/api.w.org\/{rel}","templated":true}]}}