{"id":7968,"date":"2025-11-28T14:37:15","date_gmt":"2025-11-28T13:37:15","guid":{"rendered":"https:\/\/www.patrick-koglin.com\/?page_id=7968"},"modified":"2025-12-01T11:57:50","modified_gmt":"2025-12-01T10:57:50","slug":"money-masterclass","status":"publish","type":"page","link":"https:\/\/www.patrick-koglin.com\/en\/workshop\/money-masterclass\/","title":{"rendered":"Money Masterclass"},"content":{"rendered":"<h2 class=\"wp-block-heading\">How money works &#8211; Wie Geld funktioniert<\/h2>\n\n\n\n<p>Probleme mit Geld? Die l\u00f6sen wir.<\/p>\n\n\n\n<p>Diese Masterclass zeigt dir verst\u00e4ndlich und praxisnah, wie Geld wirklich funktioniert: welche Mechanismen dahinterstehen, wie Wert entsteht und wie du Einnahmen bewusst steuerst statt dem Zufall zu \u00fcberlassen.<\/p>\n\n\n<div class=\"wp-block-image\">\n<figure class=\"aligncenter size-full is-resized\"><img fetchpriority=\"high\" decoding=\"async\" width=\"940\" height=\"788\" src=\"https:\/\/www.patrick-koglin.com\/wp-content\/uploads\/2025\/12\/Money-Masterclass.png\" alt=\"\" class=\"wp-image-7991\" style=\"width:354px;height:auto\" srcset=\"https:\/\/www.patrick-koglin.com\/wp-content\/uploads\/2025\/12\/Money-Masterclass.png 940w, https:\/\/www.patrick-koglin.com\/wp-content\/uploads\/2025\/12\/Money-Masterclass-300x251.png 300w, https:\/\/www.patrick-koglin.com\/wp-content\/uploads\/2025\/12\/Money-Masterclass-768x644.png 768w\" sizes=\"(max-width: 940px) 100vw, 940px\" \/><\/figure>\n<\/div>\n\n\n<p>Du lernst die psychologischen, wirtschaftlichen und pers\u00f6nlichen Prinzipien kennen, die finanzielle Ergebnisse bestimmen. So entwickelst du ein stabiles Verst\u00e4ndnis daf\u00fcr, wie du deinen Wert erh\u00f6hst, smartere Entscheidungen triffst und deine monatlichen Einnahmen klar und nachhaltig steigerst.<\/p>\n\n\n\n<p>Im Mittelpunkt stehen innere St\u00e4rke, ein gesundes Selbstwertgef\u00fchl und klare Strategien, mit denen du besser verhandelst, selbstbewusster auftrittst und Produkte entwickelst, die wirklich nachgefragt werden. Das Ergebnis: mehr Struktur, mehr Wirkung, mehr Einkommen \u2013 ohne Druck, ohne verr\u00fcckte Methoden, sondern durch echte Klarheit und souver\u00e4nes Handeln.<\/p>\n\n\n\n<hr class=\"wp-block-separator has-alpha-channel-opacity\"\/>\n\n\n\n<h3 class=\"wp-block-heading has-text-align-center\">Modul\u00fcbersicht<\/h3>\n\n\n\n<div class=\"wp-block-columns is-layout-flex wp-container-core-columns-is-layout-9d6595d7 wp-block-columns-is-layout-flex\">\n<div class=\"wp-block-column is-layout-flow wp-block-column-is-layout-flow\"><div class=\"wp-block-image\">\n<figure class=\"aligncenter size-full is-resized\"><img decoding=\"async\" width=\"940\" height=\"788\" src=\"https:\/\/www.patrick-koglin.com\/wp-content\/uploads\/2025\/11\/Money-Masterclass-Geldbeziehung.png\" alt=\"\" class=\"wp-image-7972\" style=\"width:150px\" srcset=\"https:\/\/www.patrick-koglin.com\/wp-content\/uploads\/2025\/11\/Money-Masterclass-Geldbeziehung.png 940w, https:\/\/www.patrick-koglin.com\/wp-content\/uploads\/2025\/11\/Money-Masterclass-Geldbeziehung-300x251.png 300w, https:\/\/www.patrick-koglin.com\/wp-content\/uploads\/2025\/11\/Money-Masterclass-Geldbeziehung-768x644.png 768w\" sizes=\"(max-width: 940px) 100vw, 940px\" \/><\/figure>\n<\/div>\n\n\n<p class=\"has-text-align-center has-medium-font-size\"><strong>Modul 1<\/strong><br>Finanzmanagement<\/p>\n<\/div>\n\n\n\n<div class=\"wp-block-column is-layout-flow wp-block-column-is-layout-flow\"><div class=\"wp-block-image\">\n<figure class=\"aligncenter size-full is-resized\"><img decoding=\"async\" width=\"940\" height=\"788\" src=\"https:\/\/www.patrick-koglin.com\/wp-content\/uploads\/2025\/11\/Money-Masterclass-Sparen.png\" alt=\"\" class=\"wp-image-7973\" style=\"width:182px;height:auto\" srcset=\"https:\/\/www.patrick-koglin.com\/wp-content\/uploads\/2025\/11\/Money-Masterclass-Sparen.png 940w, https:\/\/www.patrick-koglin.com\/wp-content\/uploads\/2025\/11\/Money-Masterclass-Sparen-300x251.png 300w, https:\/\/www.patrick-koglin.com\/wp-content\/uploads\/2025\/11\/Money-Masterclass-Sparen-768x644.png 768w\" sizes=\"(max-width: 940px) 100vw, 940px\" \/><\/figure>\n<\/div>\n\n\n<p class=\"has-text-align-center has-medium-font-size\"><strong>Modul 2<\/strong><br>Budgetierung, Geldbeziehung und Zeitmanagement<\/p>\n<\/div>\n\n\n\n<div class=\"wp-block-column is-layout-flow wp-block-column-is-layout-flow\"><div class=\"wp-block-image\">\n<figure class=\"aligncenter size-full is-resized\"><img loading=\"lazy\" decoding=\"async\" width=\"940\" height=\"788\" src=\"https:\/\/www.patrick-koglin.com\/wp-content\/uploads\/2025\/11\/Money-Masterclass-Scaling.png\" alt=\"\" class=\"wp-image-7974\" style=\"width:150px\" srcset=\"https:\/\/www.patrick-koglin.com\/wp-content\/uploads\/2025\/11\/Money-Masterclass-Scaling.png 940w, https:\/\/www.patrick-koglin.com\/wp-content\/uploads\/2025\/11\/Money-Masterclass-Scaling-300x251.png 300w, https:\/\/www.patrick-koglin.com\/wp-content\/uploads\/2025\/11\/Money-Masterclass-Scaling-768x644.png 768w\" sizes=\"(max-width: 940px) 100vw, 940px\" \/><\/figure>\n<\/div>\n\n\n<p class=\"has-text-align-center has-medium-font-size\"><strong>Modul 3<\/strong><br>ETFs, Kryptow\u00e4hrungen und  Investieren<br><\/p>\n<\/div>\n<\/div>\n\n\n\n<hr class=\"wp-block-separator has-alpha-channel-opacity\"\/>\n\n\n\n<h2 class=\"wp-block-heading\">Inhalte der Money-Masterclass:<\/h2>\n\n\n\n<p><strong>3 Module<\/strong> \u00e1 90 Minuten, online per Zoom inklusive Aufzeichnungen<\/p>\n\n\n\n<p>Unter anderem: <\/p>\n\n\n\n<ol class=\"wp-block-list\">\n<li>Das 5-Kontenmodell<\/li>\n\n\n\n<li>Geldmagneten verstehen und installieren<\/li>\n\n\n\n<li>Selbstwert steigern, Verantwortung \u00fcbernehmen und Wert abrufen ohne zu verhandeln<\/li>\n\n\n\n<li>Zeit verstehen, managen und meistern<\/li>\n<\/ol>\n\n\n\n<p>Au\u00dferdem die 8 wichtigsten Geheimnisse und Schl\u00fcsselprinzipien f\u00fcr Reichtum, finanziellen Wohlstand, und Wachstum.<\/p>\n\n\n\n<hr class=\"wp-block-separator has-alpha-channel-opacity\"\/>\n\n\n\n<h2 class=\"wp-block-heading\">Termine<\/h2>\n\n\n\n<h3 class=\"wp-block-heading\">2025<\/h3>\n\n\n\n<ul class=\"wp-block-list\">\n<li>Modul 1: Finanzmanagement I Dienstag, 2. Dezember 2025 &#8211; 19:30 &#8211; 21 Uhr<\/li>\n\n\n\n<li>Modul 2: Budgetierung und Zeitmanagement | Dienstag, 16. Dezember 2025 &#8211; 19:30 &#8211; 21 Uhr<\/li>\n\n\n\n<li>Modul 3: Grundlagen III | wird noch abgestimmt, ggf. Anfang 2026<\/li>\n<\/ul>\n\n\n\n<p><\/p>\n\n\n\n<div class=\"wp-block-buttons is-layout-flex wp-block-buttons-is-layout-flex\">\n<div class=\"wp-block-button\"><a class=\"wp-block-button__link has-contrast-background-color has-background wp-element-button\" href=\"https:\/\/copecart.com\/products\/3a0e5979\/checkout\" style=\"border-radius:5px\" target=\"_blank\" rel=\"noreferrer noopener\">Hier bestellen<\/a><\/div>\n<\/div>","protected":false},"excerpt":{"rendered":"<p>How money works &#8211; Wie Geld funktioniert Probleme mit Geld? Die l\u00f6sen wir. Diese Masterclass zeigt dir verst\u00e4ndlich und praxisnah, wie Geld wirklich funktioniert: welche Mechanismen dahinterstehen, wie Wert entsteht und wie du Einnahmen bewusst steuerst statt dem Zufall zu \u00fcberlassen. Du lernst die psychologischen, wirtschaftlichen und pers\u00f6nlichen Prinzipien kennen, die finanzielle Ergebnisse bestimmen. So &#8230; <a title=\"Money Masterclass\" class=\"read-more\" href=\"https:\/\/www.patrick-koglin.com\/en\/workshop\/money-masterclass\/\" aria-label=\"Read more about Money Masterclass\">Read more<\/a><\/p>","protected":false},"author":1,"featured_media":0,"parent":2053,"menu_order":0,"comment_status":"closed","ping_status":"closed","template":"","meta":{"footnotes":""},"class_list":["post-7968","page","type-page","status-publish"],"yoast_head":"<!-- This site is optimized with the Yoast SEO plugin v25.8 - https:\/\/yoast.com\/wordpress\/plugins\/seo\/ -->\n<title>Money Masterclass - Patrick Koglin<\/title>\n<meta name=\"robots\" content=\"index, follow, max-snippet:-1, max-image-preview:large, max-video-preview:-1\" \/>\n<link rel=\"canonical\" href=\"https:\/\/www.patrick-koglin.com\/en\/workshop\/money-masterclass\/\" \/>\n<meta property=\"og:locale\" content=\"en_US\" \/>\n<meta property=\"og:type\" content=\"article\" \/>\n<meta property=\"og:title\" content=\"Money Masterclass - Patrick Koglin\" \/>\n<meta property=\"og:description\" content=\"How money works &#8211; Wie Geld funktioniert Probleme mit Geld? Die l\u00f6sen wir. Diese Masterclass zeigt dir verst\u00e4ndlich und praxisnah, wie Geld wirklich funktioniert: welche Mechanismen dahinterstehen, wie Wert entsteht und wie du Einnahmen bewusst steuerst statt dem Zufall zu \u00fcberlassen. Du lernst die psychologischen, wirtschaftlichen und pers\u00f6nlichen Prinzipien kennen, die finanzielle Ergebnisse bestimmen. So ... Read more\" \/>\n<meta property=\"og:url\" content=\"https:\/\/www.patrick-koglin.com\/en\/workshop\/money-masterclass\/\" \/>\n<meta property=\"og:site_name\" content=\"Patrick Koglin\" \/>\n<meta property=\"article:publisher\" content=\"https:\/\/www.facebook.com\/profile.php?id=61566852463657\" \/>\n<meta property=\"article:modified_time\" content=\"2025-12-01T10:57:50+00:00\" \/>\n<meta property=\"og:image\" content=\"https:\/\/www.patrick-koglin.com\/wp-content\/uploads\/2025\/12\/Money-Masterclass.png\" \/>\n\t<meta property=\"og:image:width\" content=\"940\" \/>\n\t<meta property=\"og:image:height\" content=\"788\" \/>\n\t<meta property=\"og:image:type\" content=\"image\/png\" \/>\n<meta name=\"twitter:card\" content=\"summary_large_image\" \/>\n<meta name=\"twitter:label1\" content=\"Est. reading time\" \/>\n\t<meta name=\"twitter:data1\" content=\"3 minutes\" \/>\n<script type=\"application\/ld+json\" class=\"yoast-schema-graph\">{\"@context\":\"https:\/\/schema.org\",\"@graph\":[{\"@type\":\"WebPage\",\"@id\":\"https:\/\/www.patrick-koglin.com\/workshop\/money-masterclass\/\",\"url\":\"https:\/\/www.patrick-koglin.com\/workshop\/money-masterclass\/\",\"name\":\"Money Masterclass - Patrick Koglin\",\"isPartOf\":{\"@id\":\"https:\/\/www.patrick-koglin.com\/#website\"},\"primaryImageOfPage\":{\"@id\":\"https:\/\/www.patrick-koglin.com\/workshop\/money-masterclass\/#primaryimage\"},\"image\":{\"@id\":\"https:\/\/www.patrick-koglin.com\/workshop\/money-masterclass\/#primaryimage\"},\"thumbnailUrl\":\"https:\/\/www.patrick-koglin.com\/wp-content\/uploads\/2025\/12\/Money-Masterclass.png\",\"datePublished\":\"2025-11-28T13:37:15+00:00\",\"dateModified\":\"2025-12-01T10:57:50+00:00\",\"breadcrumb\":{\"@id\":\"https:\/\/www.patrick-koglin.com\/workshop\/money-masterclass\/#breadcrumb\"},\"inLanguage\":\"en-US\",\"potentialAction\":[{\"@type\":\"ReadAction\",\"target\":[\"https:\/\/www.patrick-koglin.com\/workshop\/money-masterclass\/\"]}]},{\"@type\":\"ImageObject\",\"inLanguage\":\"en-US\",\"@id\":\"https:\/\/www.patrick-koglin.com\/workshop\/money-masterclass\/#primaryimage\",\"url\":\"https:\/\/www.patrick-koglin.com\/wp-content\/uploads\/2025\/12\/Money-Masterclass.png\",\"contentUrl\":\"https:\/\/www.patrick-koglin.com\/wp-content\/uploads\/2025\/12\/Money-Masterclass.png\"},{\"@type\":\"BreadcrumbList\",\"@id\":\"https:\/\/www.patrick-koglin.com\/workshop\/money-masterclass\/#breadcrumb\",\"itemListElement\":[{\"@type\":\"ListItem\",\"position\":1,\"name\":\"Startseite\",\"item\":\"https:\/\/www.patrick-koglin.com\/\"},{\"@type\":\"ListItem\",\"position\":2,\"name\":\"Workshop\",\"item\":\"https:\/\/www.patrick-koglin.com\/workshop\/\"},{\"@type\":\"ListItem\",\"position\":3,\"name\":\"Money Masterclass\"}]},{\"@type\":\"WebSite\",\"@id\":\"https:\/\/www.patrick-koglin.com\/#website\",\"url\":\"https:\/\/www.patrick-koglin.com\/\",\"name\":\"PK Coaching - Patrick Koglin Unternehmensgruppe\",\"description\":\"PK Coaching, Business-Design &amp; Development\",\"publisher\":{\"@id\":\"https:\/\/www.patrick-koglin.com\/#organization\"},\"potentialAction\":[{\"@type\":\"SearchAction\",\"target\":{\"@type\":\"EntryPoint\",\"urlTemplate\":\"https:\/\/www.patrick-koglin.com\/?s={search_term_string}\"},\"query-input\":{\"@type\":\"PropertyValueSpecification\",\"valueRequired\":true,\"valueName\":\"search_term_string\"}}],\"inLanguage\":\"en-US\"},{\"@type\":\"Organization\",\"@id\":\"https:\/\/www.patrick-koglin.com\/#organization\",\"name\":\"Patrick Koglin | CEO von PK Coaching\",\"url\":\"https:\/\/www.patrick-koglin.com\/\",\"logo\":{\"@type\":\"ImageObject\",\"inLanguage\":\"en-US\",\"@id\":\"https:\/\/www.patrick-koglin.com\/#\/schema\/logo\/image\/\",\"url\":\"https:\/\/www.patrick-koglin.com\/wp-content\/uploads\/2025\/07\/cropped-PK16.png\",\"contentUrl\":\"https:\/\/www.patrick-koglin.com\/wp-content\/uploads\/2025\/07\/cropped-PK16.png\",\"width\":619,\"height\":287,\"caption\":\"Patrick Koglin | CEO von PK Coaching\"},\"image\":{\"@id\":\"https:\/\/www.patrick-koglin.com\/#\/schema\/logo\/image\/\"},\"sameAs\":[\"https:\/\/www.facebook.com\/profile.php?id=61566852463657\"]}]}<\/script>\n<!-- \/ Yoast SEO plugin. -->","yoast_head_json":{"title":"Money Masterclass - Patrick Koglin","robots":{"index":"index","follow":"follow","max-snippet":"max-snippet:-1","max-image-preview":"max-image-preview:large","max-video-preview":"max-video-preview:-1"},"canonical":"https:\/\/www.patrick-koglin.com\/en\/workshop\/money-masterclass\/","og_locale":"en_US","og_type":"article","og_title":"Money Masterclass - Patrick Koglin","og_description":"How money works &#8211; Wie Geld funktioniert Probleme mit Geld? Die l\u00f6sen wir. Diese Masterclass zeigt dir verst\u00e4ndlich und praxisnah, wie Geld wirklich funktioniert: welche Mechanismen dahinterstehen, wie Wert entsteht und wie du Einnahmen bewusst steuerst statt dem Zufall zu \u00fcberlassen. Du lernst die psychologischen, wirtschaftlichen und pers\u00f6nlichen Prinzipien kennen, die finanzielle Ergebnisse bestimmen. So ... Read more","og_url":"https:\/\/www.patrick-koglin.com\/en\/workshop\/money-masterclass\/","og_site_name":"Patrick Koglin","article_publisher":"https:\/\/www.facebook.com\/profile.php?id=61566852463657","article_modified_time":"2025-12-01T10:57:50+00:00","og_image":[{"width":940,"height":788,"url":"https:\/\/www.patrick-koglin.com\/wp-content\/uploads\/2025\/12\/Money-Masterclass.png","type":"image\/png"}],"twitter_card":"summary_large_image","twitter_misc":{"Est. reading time":"3 minutes"},"schema":{"@context":"https:\/\/schema.org","@graph":[{"@type":"WebPage","@id":"https:\/\/www.patrick-koglin.com\/workshop\/money-masterclass\/","url":"https:\/\/www.patrick-koglin.com\/workshop\/money-masterclass\/","name":"Money Masterclass - Patrick Koglin","isPartOf":{"@id":"https:\/\/www.patrick-koglin.com\/#website"},"primaryImageOfPage":{"@id":"https:\/\/www.patrick-koglin.com\/workshop\/money-masterclass\/#primaryimage"},"image":{"@id":"https:\/\/www.patrick-koglin.com\/workshop\/money-masterclass\/#primaryimage"},"thumbnailUrl":"https:\/\/www.patrick-koglin.com\/wp-content\/uploads\/2025\/12\/Money-Masterclass.png","datePublished":"2025-11-28T13:37:15+00:00","dateModified":"2025-12-01T10:57:50+00:00","breadcrumb":{"@id":"https:\/\/www.patrick-koglin.com\/workshop\/money-masterclass\/#breadcrumb"},"inLanguage":"en-US","potentialAction":[{"@type":"ReadAction","target":["https:\/\/www.patrick-koglin.com\/workshop\/money-masterclass\/"]}]},{"@type":"ImageObject","inLanguage":"en-US","@id":"https:\/\/www.patrick-koglin.com\/workshop\/money-masterclass\/#primaryimage","url":"https:\/\/www.patrick-koglin.com\/wp-content\/uploads\/2025\/12\/Money-Masterclass.png","contentUrl":"https:\/\/www.patrick-koglin.com\/wp-content\/uploads\/2025\/12\/Money-Masterclass.png"},{"@type":"BreadcrumbList","@id":"https:\/\/www.patrick-koglin.com\/workshop\/money-masterclass\/#breadcrumb","itemListElement":[{"@type":"ListItem","position":1,"name":"Startseite","item":"https:\/\/www.patrick-koglin.com\/"},{"@type":"ListItem","position":2,"name":"Workshop","item":"https:\/\/www.patrick-koglin.com\/workshop\/"},{"@type":"ListItem","position":3,"name":"Money Masterclass"}]},{"@type":"WebSite","@id":"https:\/\/www.patrick-koglin.com\/#website","url":"https:\/\/www.patrick-koglin.com\/","name":"PK Coaching - Patrick Koglin Unternehmensgruppe","description":"PK Coaching, Business-Design &amp; Development","publisher":{"@id":"https:\/\/www.patrick-koglin.com\/#organization"},"potentialAction":[{"@type":"SearchAction","target":{"@type":"EntryPoint","urlTemplate":"https:\/\/www.patrick-koglin.com\/?s={search_term_string}"},"query-input":{"@type":"PropertyValueSpecification","valueRequired":true,"valueName":"search_term_string"}}],"inLanguage":"en-US"},{"@type":"Organization","@id":"https:\/\/www.patrick-koglin.com\/#organization","name":"Patrick Koglin | CEO von PK Coaching","url":"https:\/\/www.patrick-koglin.com\/","logo":{"@type":"ImageObject","inLanguage":"en-US","@id":"https:\/\/www.patrick-koglin.com\/#\/schema\/logo\/image\/","url":"https:\/\/www.patrick-koglin.com\/wp-content\/uploads\/2025\/07\/cropped-PK16.png","contentUrl":"https:\/\/www.patrick-koglin.com\/wp-content\/uploads\/2025\/07\/cropped-PK16.png","width":619,"height":287,"caption":"Patrick Koglin | CEO von PK Coaching"},"image":{"@id":"https:\/\/www.patrick-koglin.com\/#\/schema\/logo\/image\/"},"sameAs":["https:\/\/www.facebook.com\/profile.php?id=61566852463657"]}]}},"_links":{"self":[{"href":"https:\/\/www.patrick-koglin.com\/en\/wp-json\/wp\/v2\/pages\/7968","targetHints":{"allow":["GET"]}}],"collection":[{"href":"https:\/\/www.patrick-koglin.com\/en\/wp-json\/wp\/v2\/pages"}],"about":[{"href":"https:\/\/www.patrick-koglin.com\/en\/wp-json\/wp\/v2\/types\/page"}],"author":[{"embeddable":true,"href":"https:\/\/www.patrick-koglin.com\/en\/wp-json\/wp\/v2\/users\/1"}],"replies":[{"embeddable":true,"href":"https:\/\/www.patrick-koglin.com\/en\/wp-json\/wp\/v2\/comments?post=7968"}],"version-history":[{"count":17,"href":"https:\/\/www.patrick-koglin.com\/en\/wp-json\/wp\/v2\/pages\/7968\/revisions"}],"predecessor-version":[{"id":8011,"href":"https:\/\/www.patrick-koglin.com\/en\/wp-json\/wp\/v2\/pages\/7968\/revisions\/8011"}],"up":[{"embeddable":true,"href":"https:\/\/www.patrick-koglin.com\/en\/wp-json\/wp\/v2\/pages\/2053"}],"wp:attachment":[{"href":"https:\/\/www.patrick-koglin.com\/en\/wp-json\/wp\/v2\/media?parent=7968"}],"curies":[{"name":"wp","href":"https:\/\/api.w.org\/{rel}","templated":true}]}}