{"id":8073,"date":"2025-12-07T18:00:41","date_gmt":"2025-12-07T17:00:41","guid":{"rendered":"https:\/\/www.patrick-koglin.com\/?page_id=8073"},"modified":"2026-05-12T00:01:26","modified_gmt":"2026-05-11T22:01:26","slug":"eisbaden","status":"publish","type":"page","link":"https:\/\/www.patrick-koglin.com\/en\/eisbaden\/","title":{"rendered":"Eisbaden"},"content":{"rendered":"<p><strong>Eisbaden ist mehr als ein kurzweiliger Trend: <\/strong>Es ist ein biologischer <em>High-Performance-Kick<\/em> f\u00fcr das k\u00f6rpereigene Gesamt- und Immunsystem. Es ist auch nicht mit einer kalten Dusche oder kurzem Eintauchen in der Eistonne zu ersetzen.<\/p>\n\n\n\n<p>Einige Minuten im kalten oder sogar zum Teil gefrorenen Wasser in der Natur gibt Energie und setzt Euphorie frei. <\/p>\n\n\n\n<h3 class=\"wp-block-heading\"><strong>Weiterer Sinn, Nutzen und Vorteile<\/strong><\/h3>\n\n\n\n<ul class=\"wp-block-list\">\n<li>Wer die \u00dcberwindung meistert, aktiviert k\u00f6rpereigene Prozesse, die herk\u00f6mmliches Training kaum erreicht.<\/li>\n<\/ul>\n\n\n\n<hr class=\"wp-block-separator has-alpha-channel-opacity\"\/>\n\n\n\n<div class=\"wp-block-columns is-layout-flex wp-container-core-columns-is-layout-9d6595d7 wp-block-columns-is-layout-flex\">\n<div class=\"wp-block-column is-layout-flow wp-block-column-is-layout-flow\"><div class=\"wp-block-image\">\n<figure class=\"aligncenter size-full is-resized\"><a href=\"https:\/\/amzn.to\/42vyosl\" target=\"_blank\" rel=\" noreferrer noopener\"><img fetchpriority=\"high\" decoding=\"async\" width=\"395\" height=\"599\" src=\"https:\/\/www.patrick-koglin.com\/wp-content\/uploads\/2026\/05\/grafik-23.png\" alt=\"\" class=\"wp-image-15331\" style=\"width:251px;height:auto\" srcset=\"https:\/\/www.patrick-koglin.com\/wp-content\/uploads\/2026\/05\/grafik-23.png 395w, https:\/\/www.patrick-koglin.com\/wp-content\/uploads\/2026\/05\/grafik-23-198x300.png 198w, https:\/\/www.patrick-koglin.com\/wp-content\/uploads\/2026\/05\/grafik-23-8x12.png 8w\" sizes=\"(max-width: 395px) 100vw, 395px\" \/><\/a><\/figure>\n<\/div><\/div>\n\n\n\n<div class=\"wp-block-column is-layout-flow wp-block-column-is-layout-flow\">\n<h2 class=\"wp-block-heading\">Der Effekt<\/h2>\n\n\n\n<ul class=\"wp-block-list\">\n<li><strong>Adrenalin-Kick:<\/strong> Der K\u00e4lteschock flutet das System sofort mit Dopamin und Endorphinen. Die Konzentration steigt auf ein Maximum.<\/li>\n\n\n\n<li><strong>Stoffwechsel-Turbo:<\/strong> Der K\u00f6rper verbrennt massiv Energie, um die Kerntemperatur zu halten. Wei\u00dfes Fettgewebe wird in stoffwechselaktives braunes Fett umgewandelt.<\/li>\n\n\n\n<li><strong>Regeneration:<\/strong> Entz\u00fcndungswerte sinken, die Gef\u00e4\u00dfe verengen und weiten sich (<em>Gef\u00e4\u00dftraining<\/em>). Das beschleunigt die Erholung nach dem Sport, Muskelkater wird schneller abgebaut und der K\u00f6rper regeneriert tiefer im Schlaf.<\/li>\n\n\n\n<li><strong>Dopamin &amp; Noradrenalin:<\/strong> Studien zeigen einen Anstieg des Dopaminspiegels um bis zu <strong>250 % bis 500 %<\/strong>. Dieser Effekt h\u00e4lt oft mehrere Stunden an und sorgt f\u00fcr ein signifikantes \u201e<em>Afterglow<\/em>\u201c-Gef\u00fchl und gesteigerten Antrieb.<\/li>\n\n\n\n<li><strong>Mentale Resilienz:<\/strong> Die bewusste \u00dcberwindung des K\u00e4ltereizes trainiert die psychische Widerstandsf\u00e4higkeit und kann durch die massive Hormonaussch\u00fcttung (Dopamin und Noradrenalin) stimmungsaufhellend sowie antriebssteigernd wirken.<\/li>\n\n\n\n<li><strong>Endorphine:<\/strong> Diese k\u00f6rpereigenen Gl\u00fcckshormone wirken unmittelbar stimmungsaufhellend.<\/li>\n<\/ul>\n<\/div>\n<\/div>\n\n\n\n<hr class=\"wp-block-separator has-alpha-channel-opacity\"\/>\n\n\n\n<h3 class=\"wp-block-heading\">Die Umsetzung<\/h3>\n\n\n\n<p>Gehen Sie entschlossen vor. W\u00e4rmen Sie sich vorher auf, tasten Sie sich langsam an das kalte Wasser heran und gehen Sie Schritt f\u00fcr Schritt vor. Suchen Sie sich eine gute Eisbadestelle oder eine Eisbade-Gruppe vor Ort (z.B. \u00fcber die google-Suche oder Apps wie Meet5) und pr\u00fcfen Sie ggf. die Wasserqualit\u00e4t vor Ort \u00fcber die Webseite der jeweiligen Stadt oder dem Ort.<\/p>\n\n\n\n<p>Gehen Sie am besten nie alleine Eisbaden (!) Zumindest nicht am Anfang und tauchen Sie zu Beginn nicht zu schnell ins Wasser.<\/p>\n\n\n\n<p>Auf dem Weg ins Wasser atmen Sie tief und kontrolliert \u2013 die Ruhe im Chaos ist das Ziel. Zwei Minuten reichen v\u00f6llig aus, um den Hormonhaushalt neu zu kalibrieren. Wenn Sie es schaffen, k\u00f6nnen Sie sich gedanklich mit der Natur verbinden oder einen Punkt in der Ferne fokussieren und an ein bestimmtes Ziel oder Wunsch denken. <\/p>\n\n\n\n<p>Wasserschuhe sowie M\u00fctze und Handschuhe werden bei sehr kalten Temperaturen empfohlen, sind aber nicht zwingend notwendig. <\/p>\n\n\n\n<h4 class=\"wp-block-heading\">Unterhaltungen und Spa\u00df haben w\u00e4hrend dem Eisbaden sind gut, solange Sie auf Ihren K\u00f6rper achten und die K\u00e4lte wahrnehmen<\/h4>\n\n\n\n<p>Nach 2-3 Minuten sollten Sie das Wasser wieder verlassen oder maximal 5 Minuten dort verbringen. Am Anfang empfiehlt es sich kniehoch einzusteigen und nach und nach weiter reinzugehen. Nie l\u00e4nger als zehn Minuten und den Kopf am Anfang nicht unter Wasser. Auch die H\u00e4nde sollten Sie \u00fcber Wasser halten, denn dar\u00fcber verlieren wir viel K\u00f6rperenergie. Insgesamt ist der Prozess f\u00fcr den K\u00f6rper relativ anspruchsvoll, weil der K\u00f6rper je nach Wassertemperatur einen Temperaturausgleich von einigen Grad vornehmen muss. <\/p>\n\n\n\n<p>Es kann anfangs hilfreich sein, das Wasser erst wieder zu verlassen und dann noch einmal zu besuchen. Von Spr\u00fcngen ins kalte Wasser wird abgeraten. Das w\u00e4re ein Schock f\u00fcrs Kreislaufsystem. <\/p>\n\n\n\n<p>Eisbaden wird teilweise von \u00c4rzten und Mediziner empfohlen. Ohnehin ist es empfehlenswert nie alleine Eisbaden zu gehen und das Eisbaden in einer Gruppe durchzuf\u00fchren.<\/p>\n\n\n\n<p><strong>Sicherheit geht vor Performance \u2013 h\u00f6ren Sie auf Ihren K\u00f6rper.<\/strong><\/p>\n\n\n\n<hr class=\"wp-block-separator has-alpha-channel-opacity\"\/>\n\n\n\n<h3 class=\"wp-block-heading\">Wichtige Sicherheitshinweise zum Eisbaden<\/h3>\n\n\n\n<p>Trotz der massiven Vorteile ist Eisbaden eine kleine Herausforderung f\u00fcr das Herz-Kreislauf-System und ggf. f\u00fcr das eigene Immunsystem. Danach sollten Sie sich ggf. Ruhe, eine warme Dusche, den Besuch einer Sauna oder eher fokussierter Arbeit widmen.<\/p>\n\n\n\n<p>Bevor Sie den ersten Schritt ins kalte Wasser wagen, beachten Sie bitte folgende Punkte:<\/p>\n\n\n\n<ul class=\"wp-block-list\">\n<li><strong>\u00c4rztliche Voruntersuchung:<\/strong> K\u00e4lteanwendungen in diesem Bereich sind kein Spiel. Lassen Sie sich zwingend vorab medizinisch untersuchen, um Herzfehler oder unentdeckte Vorerkrankungen auszuschlie\u00dfen.<\/li>\n\n\n\n<li><strong>Kein Alleingang:<\/strong> Gehen Sie niemals allein ins Eiswasser. Wir empfehlen dringend, ausschlie\u00dflich unter der <strong>Anleitung eines erfahrenen Trainers<\/strong> ins kalte Wasser zu gehen.<\/li>\n<\/ul>\n\n\n\n<p><\/p>\n\n\n\n<p><strong>Haftungsausschluss:<\/strong> Die Durchf\u00fchrung erfolgt auf eigene Gefahr. Es wird keine Haftung f\u00fcr gesundheitliche Sch\u00e4den oder Unf\u00e4lle \u00fcbernommen.<\/p>\n\n\n\n<p><\/p>\n\n\n\n<p><strong>Das Fazit:<\/strong> Eisbaden ist Disziplin in ihrer reinsten Form. Es st\u00e4rkt nicht nur das Immunsystem, sondern vor allem die mentale Widerstandsf\u00e4higkeit. Wer das Eis beherrscht, beherrscht den Tag.<\/p>\n\n\n\n<hr class=\"wp-block-separator has-alpha-channel-opacity\"\/>\n\n\n\n<p>Eisbaden ist kein Trend, sondern eine Art &#8222;<em>Performance-Hack<\/em>&#8220; f\u00fcr den K\u00f6rper, st\u00e4rkt Resilienz, reduziert Stress und f\u00f6rdert die Verbindung zu sich selbst, anderen oder der Natur. Es ist eine Art ganzheitlicher &#8222;<em>Musterunterbrecher<\/em>&#8220; und sorgt gleichzeitig f\u00fcr tieferen Schlaf, mehr Energie und bessere Muskelregeneration. <\/p>\n\n\n\n<h2 class=\"wp-block-heading\">Weitere Informationen<\/h2>\n\n\n\n<ul class=\"wp-block-list\">\n<li><a href=\"https:\/\/www.patrick-koglin.com\/en\/eisbaden\/kassel\/\">Eisbaden Kassel<\/a><\/li>\n\n\n\n<li><a href=\"https:\/\/www.patrick-koglin.com\/en\/eisbaden\/fragen-und-antworten\/\">Fragen und Antworten zum Eisbaden<\/a><\/li>\n<\/ul>\n\n\n\n<p><\/p>\n\n\n\n<p><em>Diese Informationen dienen der allgemeinen Aufkl\u00e4rung und ersetzen keine \u00e4rztliche Beratung.<\/em><\/p>","protected":false},"excerpt":{"rendered":"<p>Eisbaden ist mehr als ein kurzweiliger Trend: Es ist ein biologischer High-Performance-Kick f\u00fcr das k\u00f6rpereigene Gesamt- und Immunsystem. Es ist auch nicht mit einer kalten Dusche oder kurzem Eintauchen in der Eistonne zu ersetzen. Einige Minuten im kalten oder sogar zum Teil gefrorenen Wasser in der Natur gibt Energie und setzt Euphorie frei. Weiterer Sinn, &#8230; <a title=\"Eisbaden\" class=\"read-more\" href=\"https:\/\/www.patrick-koglin.com\/en\/eisbaden\/\" aria-label=\"Read more about Eisbaden\">Read more<\/a><\/p>","protected":false},"author":1,"featured_media":0,"parent":0,"menu_order":0,"comment_status":"closed","ping_status":"closed","template":"","meta":{"footnotes":""},"class_list":["post-8073","page","type-page","status-publish"],"yoast_head":"<!-- This site is optimized with the Yoast SEO plugin v25.8 - https:\/\/yoast.com\/wordpress\/plugins\/seo\/ -->\n<title>Eisbaden - Patrick Koglin<\/title>\n<meta name=\"robots\" content=\"index, follow, max-snippet:-1, max-image-preview:large, max-video-preview:-1\" \/>\n<link rel=\"canonical\" href=\"https:\/\/www.patrick-koglin.com\/en\/eisbaden\/\" \/>\n<meta property=\"og:locale\" content=\"en_US\" \/>\n<meta property=\"og:type\" content=\"article\" \/>\n<meta property=\"og:title\" content=\"Eisbaden - Patrick Koglin\" \/>\n<meta property=\"og:description\" content=\"Eisbaden ist mehr als ein kurzweiliger Trend: Es ist ein biologischer High-Performance-Kick f\u00fcr das k\u00f6rpereigene Gesamt- und Immunsystem. Es ist auch nicht mit einer kalten Dusche oder kurzem Eintauchen in der Eistonne zu ersetzen. Einige Minuten im kalten oder sogar zum Teil gefrorenen Wasser in der Natur gibt Energie und setzt Euphorie frei. Weiterer Sinn, ... Read more\" \/>\n<meta property=\"og:url\" content=\"https:\/\/www.patrick-koglin.com\/en\/eisbaden\/\" \/>\n<meta property=\"og:site_name\" content=\"Patrick Koglin\" \/>\n<meta property=\"article:publisher\" content=\"https:\/\/www.facebook.com\/profile.php?id=61566852463657\" \/>\n<meta property=\"article:modified_time\" content=\"2026-05-11T22:01:26+00:00\" \/>\n<meta property=\"og:image\" content=\"https:\/\/www.patrick-koglin.com\/wp-content\/uploads\/2026\/05\/grafik-23.png\" \/>\n\t<meta property=\"og:image:width\" content=\"395\" \/>\n\t<meta property=\"og:image:height\" content=\"599\" \/>\n\t<meta property=\"og:image:type\" content=\"image\/png\" \/>\n<meta name=\"twitter:card\" content=\"summary_large_image\" \/>\n<meta name=\"twitter:label1\" content=\"Est. reading time\" \/>\n\t<meta name=\"twitter:data1\" content=\"5 minutes\" \/>\n<script type=\"application\/ld+json\" class=\"yoast-schema-graph\">{\"@context\":\"https:\/\/schema.org\",\"@graph\":[{\"@type\":\"WebPage\",\"@id\":\"https:\/\/www.patrick-koglin.com\/eisbaden\/\",\"url\":\"https:\/\/www.patrick-koglin.com\/eisbaden\/\",\"name\":\"Eisbaden - Patrick Koglin\",\"isPartOf\":{\"@id\":\"https:\/\/www.patrick-koglin.com\/#website\"},\"primaryImageOfPage\":{\"@id\":\"https:\/\/www.patrick-koglin.com\/eisbaden\/#primaryimage\"},\"image\":{\"@id\":\"https:\/\/www.patrick-koglin.com\/eisbaden\/#primaryimage\"},\"thumbnailUrl\":\"https:\/\/www.patrick-koglin.com\/wp-content\/uploads\/2026\/05\/grafik-23.png\",\"datePublished\":\"2025-12-07T17:00:41+00:00\",\"dateModified\":\"2026-05-11T22:01:26+00:00\",\"breadcrumb\":{\"@id\":\"https:\/\/www.patrick-koglin.com\/eisbaden\/#breadcrumb\"},\"inLanguage\":\"en-US\",\"potentialAction\":[{\"@type\":\"ReadAction\",\"target\":[\"https:\/\/www.patrick-koglin.com\/eisbaden\/\"]}]},{\"@type\":\"ImageObject\",\"inLanguage\":\"en-US\",\"@id\":\"https:\/\/www.patrick-koglin.com\/eisbaden\/#primaryimage\",\"url\":\"https:\/\/www.patrick-koglin.com\/wp-content\/uploads\/2026\/05\/grafik-23.png\",\"contentUrl\":\"https:\/\/www.patrick-koglin.com\/wp-content\/uploads\/2026\/05\/grafik-23.png\"},{\"@type\":\"BreadcrumbList\",\"@id\":\"https:\/\/www.patrick-koglin.com\/eisbaden\/#breadcrumb\",\"itemListElement\":[{\"@type\":\"ListItem\",\"position\":1,\"name\":\"Startseite\",\"item\":\"https:\/\/www.patrick-koglin.com\/\"},{\"@type\":\"ListItem\",\"position\":2,\"name\":\"Eisbaden\"}]},{\"@type\":\"WebSite\",\"@id\":\"https:\/\/www.patrick-koglin.com\/#website\",\"url\":\"https:\/\/www.patrick-koglin.com\/\",\"name\":\"PK Coaching - Patrick Koglin Unternehmensgruppe\",\"description\":\"PK Coaching, Business-Design &amp; Development\",\"publisher\":{\"@id\":\"https:\/\/www.patrick-koglin.com\/#organization\"},\"potentialAction\":[{\"@type\":\"SearchAction\",\"target\":{\"@type\":\"EntryPoint\",\"urlTemplate\":\"https:\/\/www.patrick-koglin.com\/?s={search_term_string}\"},\"query-input\":{\"@type\":\"PropertyValueSpecification\",\"valueRequired\":true,\"valueName\":\"search_term_string\"}}],\"inLanguage\":\"en-US\"},{\"@type\":\"Organization\",\"@id\":\"https:\/\/www.patrick-koglin.com\/#organization\",\"name\":\"Patrick Koglin | CEO von PK Coaching\",\"url\":\"https:\/\/www.patrick-koglin.com\/\",\"logo\":{\"@type\":\"ImageObject\",\"inLanguage\":\"en-US\",\"@id\":\"https:\/\/www.patrick-koglin.com\/#\/schema\/logo\/image\/\",\"url\":\"https:\/\/www.patrick-koglin.com\/wp-content\/uploads\/2025\/07\/cropped-PK16.png\",\"contentUrl\":\"https:\/\/www.patrick-koglin.com\/wp-content\/uploads\/2025\/07\/cropped-PK16.png\",\"width\":619,\"height\":287,\"caption\":\"Patrick Koglin | CEO von PK Coaching\"},\"image\":{\"@id\":\"https:\/\/www.patrick-koglin.com\/#\/schema\/logo\/image\/\"},\"sameAs\":[\"https:\/\/www.facebook.com\/profile.php?id=61566852463657\"]}]}<\/script>\n<!-- \/ Yoast SEO plugin. -->","yoast_head_json":{"title":"Eisbaden - Patrick Koglin","robots":{"index":"index","follow":"follow","max-snippet":"max-snippet:-1","max-image-preview":"max-image-preview:large","max-video-preview":"max-video-preview:-1"},"canonical":"https:\/\/www.patrick-koglin.com\/en\/eisbaden\/","og_locale":"en_US","og_type":"article","og_title":"Eisbaden - Patrick Koglin","og_description":"Eisbaden ist mehr als ein kurzweiliger Trend: Es ist ein biologischer High-Performance-Kick f\u00fcr das k\u00f6rpereigene Gesamt- und Immunsystem. Es ist auch nicht mit einer kalten Dusche oder kurzem Eintauchen in der Eistonne zu ersetzen. Einige Minuten im kalten oder sogar zum Teil gefrorenen Wasser in der Natur gibt Energie und setzt Euphorie frei. Weiterer Sinn, ... Read more","og_url":"https:\/\/www.patrick-koglin.com\/en\/eisbaden\/","og_site_name":"Patrick Koglin","article_publisher":"https:\/\/www.facebook.com\/profile.php?id=61566852463657","article_modified_time":"2026-05-11T22:01:26+00:00","og_image":[{"width":395,"height":599,"url":"https:\/\/www.patrick-koglin.com\/wp-content\/uploads\/2026\/05\/grafik-23.png","type":"image\/png"}],"twitter_card":"summary_large_image","twitter_misc":{"Est. reading time":"5 minutes"},"schema":{"@context":"https:\/\/schema.org","@graph":[{"@type":"WebPage","@id":"https:\/\/www.patrick-koglin.com\/eisbaden\/","url":"https:\/\/www.patrick-koglin.com\/eisbaden\/","name":"Eisbaden - Patrick Koglin","isPartOf":{"@id":"https:\/\/www.patrick-koglin.com\/#website"},"primaryImageOfPage":{"@id":"https:\/\/www.patrick-koglin.com\/eisbaden\/#primaryimage"},"image":{"@id":"https:\/\/www.patrick-koglin.com\/eisbaden\/#primaryimage"},"thumbnailUrl":"https:\/\/www.patrick-koglin.com\/wp-content\/uploads\/2026\/05\/grafik-23.png","datePublished":"2025-12-07T17:00:41+00:00","dateModified":"2026-05-11T22:01:26+00:00","breadcrumb":{"@id":"https:\/\/www.patrick-koglin.com\/eisbaden\/#breadcrumb"},"inLanguage":"en-US","potentialAction":[{"@type":"ReadAction","target":["https:\/\/www.patrick-koglin.com\/eisbaden\/"]}]},{"@type":"ImageObject","inLanguage":"en-US","@id":"https:\/\/www.patrick-koglin.com\/eisbaden\/#primaryimage","url":"https:\/\/www.patrick-koglin.com\/wp-content\/uploads\/2026\/05\/grafik-23.png","contentUrl":"https:\/\/www.patrick-koglin.com\/wp-content\/uploads\/2026\/05\/grafik-23.png"},{"@type":"BreadcrumbList","@id":"https:\/\/www.patrick-koglin.com\/eisbaden\/#breadcrumb","itemListElement":[{"@type":"ListItem","position":1,"name":"Startseite","item":"https:\/\/www.patrick-koglin.com\/"},{"@type":"ListItem","position":2,"name":"Eisbaden"}]},{"@type":"WebSite","@id":"https:\/\/www.patrick-koglin.com\/#website","url":"https:\/\/www.patrick-koglin.com\/","name":"PK Coaching - Patrick Koglin Unternehmensgruppe","description":"PK Coaching, Business-Design &amp; Development","publisher":{"@id":"https:\/\/www.patrick-koglin.com\/#organization"},"potentialAction":[{"@type":"SearchAction","target":{"@type":"EntryPoint","urlTemplate":"https:\/\/www.patrick-koglin.com\/?s={search_term_string}"},"query-input":{"@type":"PropertyValueSpecification","valueRequired":true,"valueName":"search_term_string"}}],"inLanguage":"en-US"},{"@type":"Organization","@id":"https:\/\/www.patrick-koglin.com\/#organization","name":"Patrick Koglin | CEO von PK Coaching","url":"https:\/\/www.patrick-koglin.com\/","logo":{"@type":"ImageObject","inLanguage":"en-US","@id":"https:\/\/www.patrick-koglin.com\/#\/schema\/logo\/image\/","url":"https:\/\/www.patrick-koglin.com\/wp-content\/uploads\/2025\/07\/cropped-PK16.png","contentUrl":"https:\/\/www.patrick-koglin.com\/wp-content\/uploads\/2025\/07\/cropped-PK16.png","width":619,"height":287,"caption":"Patrick Koglin | CEO von PK Coaching"},"image":{"@id":"https:\/\/www.patrick-koglin.com\/#\/schema\/logo\/image\/"},"sameAs":["https:\/\/www.facebook.com\/profile.php?id=61566852463657"]}]}},"_links":{"self":[{"href":"https:\/\/www.patrick-koglin.com\/en\/wp-json\/wp\/v2\/pages\/8073","targetHints":{"allow":["GET"]}}],"collection":[{"href":"https:\/\/www.patrick-koglin.com\/en\/wp-json\/wp\/v2\/pages"}],"about":[{"href":"https:\/\/www.patrick-koglin.com\/en\/wp-json\/wp\/v2\/types\/page"}],"author":[{"embeddable":true,"href":"https:\/\/www.patrick-koglin.com\/en\/wp-json\/wp\/v2\/users\/1"}],"replies":[{"embeddable":true,"href":"https:\/\/www.patrick-koglin.com\/en\/wp-json\/wp\/v2\/comments?post=8073"}],"version-history":[{"count":36,"href":"https:\/\/www.patrick-koglin.com\/en\/wp-json\/wp\/v2\/pages\/8073\/revisions"}],"predecessor-version":[{"id":15415,"href":"https:\/\/www.patrick-koglin.com\/en\/wp-json\/wp\/v2\/pages\/8073\/revisions\/15415"}],"wp:attachment":[{"href":"https:\/\/www.patrick-koglin.com\/en\/wp-json\/wp\/v2\/media?parent=8073"}],"curies":[{"name":"wp","href":"https:\/\/api.w.org\/{rel}","templated":true}]}}