{"id":8075,"date":"2025-12-07T18:01:06","date_gmt":"2025-12-07T17:01:06","guid":{"rendered":"https:\/\/www.patrick-koglin.com\/?page_id=8075"},"modified":"2026-04-24T22:07:51","modified_gmt":"2026-04-24T20:07:51","slug":"kassel","status":"publish","type":"page","link":"https:\/\/www.patrick-koglin.com\/en\/eisbaden\/kassel\/","title":{"rendered":"Kassel"},"content":{"rendered":"<p>Regelm\u00e4\u00dfig findet das Eisbaden in Kassel am Sonntag von 9 bis etwa 10 Uhr statt. Wir haben inzwischen auch eine zweite Gruppe, die um 10:45 Uhr beginnt. Angeleitet wird das Eisbaden von Body &amp; Mind Coach Rudolf Ollo oder Patrick Koglin.<\/p>\n\n\n\n<p>Beide Gruppen organisieren sich \u00fcber WhatsApp-Gruppen oder k\u00fcndigen Treffen \u00fcber die Online-Plattform Meet5 an.<\/p>\n\n\n\n<div class=\"wp-block-buttons is-layout-flex wp-block-buttons-is-layout-flex\">\n<div class=\"wp-block-button\"><a class=\"wp-block-button__link wp-element-button\" href=\"https:\/\/chat.whatsapp.com\/EMfbGaFHhsTLcTmmca8XFC\" style=\"border-top-left-radius:3px;border-top-right-radius:3px;border-bottom-left-radius:3px;border-bottom-right-radius:3px\" target=\"_blank\" rel=\"noreferrer noopener\">Eisbaden | Kassel &#8211; WhatsApp PK<\/a><\/div>\n<\/div>\n\n\n\n<hr class=\"wp-block-separator has-alpha-channel-opacity\"\/>\n\n\n\n<h2 class=\"wp-block-heading\">Treffpunkte<\/h2>\n\n\n\n<p>Es gibt aktuell folgende Treffpunkte an denen das Eisbaden stattfindet:<\/p>\n\n\n\n<p>Meistbesucht ist <a href=\"https:\/\/www.patrick-koglin.com\/en\/eisbaden\/kassel\/treffpunkt\/buga1\/\">Treffpunkt 1 &#8211; Sandstrand Buga<\/a> &#8211; links neben dem Restaurant \/ DLRG \/ Volleyball-Feld und <a href=\"https:\/\/www.patrick-koglin.com\/en\/eisbaden\/kassel\/spot\/buga2\/\">Treffpunkt 2 &#8211; An der Fulda<\/a>.<\/p>\n\n\n\n<p><a href=\"https:\/\/www.patrick-koglin.com\/en\/eisbaden\/kassel\/spot\/buga3\/\">Treffpunkt 3<\/a> ist etwas abgelegener und weiter vom Parkplatz entfernt. Daf\u00fcr aber gut von Lohfelden\/Kassel-Waldau erreichbar bzw. wenn guter R\u00fcckweg \u00fcber den Radweg der B83. <a href=\"https:\/\/www.patrick-koglin.com\/en\/eisbaden\/kassel\/spot\/buga3\/\">Treffpunkt 3<\/a> ist gut erreichbar zu Fu\u00df \/ Joggen oder mit dem Fahrrad. <\/p>\n\n\n\n<p>Uhrzeit und Treffpunkte werden \u00fcblicherweise von den Organisatoren in einem Event auf Meet5 oder \u00fcber die interne WhatsApp-Gruppe kommuniziert. <\/p>\n\n\n\n<p><\/p>\n\n\n\n<h4 class=\"wp-block-heading\">Treffpunkte auf der Karte<\/h4>\n\n\n\n<iframe src=\"https:\/\/www.google.com\/maps\/d\/embed?mid=1HrBJBgyZdsgO144CJyQeOl2qU2F515E&#038;ehbc=2E312F\" width=\"640\" height=\"480\"><\/iframe>\n\n\n\n<hr class=\"wp-block-separator has-alpha-channel-opacity\"\/>\n\n\n\n<p class=\"has-small-font-size\">Es wird davon abgeraten alleine Eisbaden zu gehen. Mindestens zu Zweit und nie l\u00e4nger als 5-7 Minuten. Vorsorglich ist ein Arztbesuch empfehlenswert. <\/p>","protected":false},"excerpt":{"rendered":"<p>Regelm\u00e4\u00dfig findet das Eisbaden in Kassel am Sonntag von 9 bis etwa 10 Uhr statt. Wir haben inzwischen auch eine zweite Gruppe, die um 10:45 Uhr beginnt. Angeleitet wird das Eisbaden von Body &amp; Mind Coach Rudolf Ollo oder Patrick Koglin. Beide Gruppen organisieren sich \u00fcber WhatsApp-Gruppen oder k\u00fcndigen Treffen \u00fcber die Online-Plattform Meet5 an. &#8230; <a title=\"Kassel\" class=\"read-more\" href=\"https:\/\/www.patrick-koglin.com\/en\/eisbaden\/kassel\/\" aria-label=\"Read more about Kassel\">Read more<\/a><\/p>","protected":false},"author":1,"featured_media":0,"parent":8073,"menu_order":0,"comment_status":"closed","ping_status":"closed","template":"","meta":{"footnotes":""},"class_list":["post-8075","page","type-page","status-publish"],"yoast_head":"<!-- This site is optimized with the Yoast SEO plugin v25.8 - https:\/\/yoast.com\/wordpress\/plugins\/seo\/ -->\n<title>Kassel - Patrick Koglin<\/title>\n<meta name=\"robots\" content=\"index, follow, max-snippet:-1, max-image-preview:large, max-video-preview:-1\" \/>\n<link rel=\"canonical\" href=\"https:\/\/www.patrick-koglin.com\/en\/eisbaden\/kassel\/\" \/>\n<meta property=\"og:locale\" content=\"en_US\" \/>\n<meta property=\"og:type\" content=\"article\" \/>\n<meta property=\"og:title\" content=\"Kassel - Patrick Koglin\" \/>\n<meta property=\"og:description\" content=\"Regelm\u00e4\u00dfig findet das Eisbaden in Kassel am Sonntag von 9 bis etwa 10 Uhr statt. Wir haben inzwischen auch eine zweite Gruppe, die um 10:45 Uhr beginnt. Angeleitet wird das Eisbaden von Body &amp; Mind Coach Rudolf Ollo oder Patrick Koglin. Beide Gruppen organisieren sich \u00fcber WhatsApp-Gruppen oder k\u00fcndigen Treffen \u00fcber die Online-Plattform Meet5 an. ... Read more\" \/>\n<meta property=\"og:url\" content=\"https:\/\/www.patrick-koglin.com\/en\/eisbaden\/kassel\/\" \/>\n<meta property=\"og:site_name\" content=\"Patrick Koglin\" \/>\n<meta property=\"article:publisher\" content=\"https:\/\/www.facebook.com\/profile.php?id=61566852463657\" \/>\n<meta property=\"article:modified_time\" content=\"2026-04-24T20:07:51+00:00\" \/>\n<meta name=\"twitter:card\" content=\"summary_large_image\" \/>\n<script type=\"application\/ld+json\" class=\"yoast-schema-graph\">{\"@context\":\"https:\/\/schema.org\",\"@graph\":[{\"@type\":\"WebPage\",\"@id\":\"https:\/\/www.patrick-koglin.com\/eisbaden\/kassel\/\",\"url\":\"https:\/\/www.patrick-koglin.com\/eisbaden\/kassel\/\",\"name\":\"Kassel - Patrick Koglin\",\"isPartOf\":{\"@id\":\"https:\/\/www.patrick-koglin.com\/#website\"},\"datePublished\":\"2025-12-07T17:01:06+00:00\",\"dateModified\":\"2026-04-24T20:07:51+00:00\",\"breadcrumb\":{\"@id\":\"https:\/\/www.patrick-koglin.com\/eisbaden\/kassel\/#breadcrumb\"},\"inLanguage\":\"en-US\",\"potentialAction\":[{\"@type\":\"ReadAction\",\"target\":[\"https:\/\/www.patrick-koglin.com\/eisbaden\/kassel\/\"]}]},{\"@type\":\"BreadcrumbList\",\"@id\":\"https:\/\/www.patrick-koglin.com\/eisbaden\/kassel\/#breadcrumb\",\"itemListElement\":[{\"@type\":\"ListItem\",\"position\":1,\"name\":\"Startseite\",\"item\":\"https:\/\/www.patrick-koglin.com\/\"},{\"@type\":\"ListItem\",\"position\":2,\"name\":\"Eisbaden\",\"item\":\"https:\/\/www.patrick-koglin.com\/eisbaden\/\"},{\"@type\":\"ListItem\",\"position\":3,\"name\":\"Kassel\"}]},{\"@type\":\"WebSite\",\"@id\":\"https:\/\/www.patrick-koglin.com\/#website\",\"url\":\"https:\/\/www.patrick-koglin.com\/\",\"name\":\"PK Coaching - Patrick Koglin Unternehmensgruppe\",\"description\":\"PK Coaching, Business-Design &amp; Development\",\"publisher\":{\"@id\":\"https:\/\/www.patrick-koglin.com\/#organization\"},\"potentialAction\":[{\"@type\":\"SearchAction\",\"target\":{\"@type\":\"EntryPoint\",\"urlTemplate\":\"https:\/\/www.patrick-koglin.com\/?s={search_term_string}\"},\"query-input\":{\"@type\":\"PropertyValueSpecification\",\"valueRequired\":true,\"valueName\":\"search_term_string\"}}],\"inLanguage\":\"en-US\"},{\"@type\":\"Organization\",\"@id\":\"https:\/\/www.patrick-koglin.com\/#organization\",\"name\":\"Patrick Koglin | CEO von PK Coaching\",\"url\":\"https:\/\/www.patrick-koglin.com\/\",\"logo\":{\"@type\":\"ImageObject\",\"inLanguage\":\"en-US\",\"@id\":\"https:\/\/www.patrick-koglin.com\/#\/schema\/logo\/image\/\",\"url\":\"https:\/\/www.patrick-koglin.com\/wp-content\/uploads\/2025\/07\/cropped-PK16.png\",\"contentUrl\":\"https:\/\/www.patrick-koglin.com\/wp-content\/uploads\/2025\/07\/cropped-PK16.png\",\"width\":619,\"height\":287,\"caption\":\"Patrick Koglin | CEO von PK Coaching\"},\"image\":{\"@id\":\"https:\/\/www.patrick-koglin.com\/#\/schema\/logo\/image\/\"},\"sameAs\":[\"https:\/\/www.facebook.com\/profile.php?id=61566852463657\"]}]}<\/script>\n<!-- \/ Yoast SEO plugin. -->","yoast_head_json":{"title":"Kassel - Patrick Koglin","robots":{"index":"index","follow":"follow","max-snippet":"max-snippet:-1","max-image-preview":"max-image-preview:large","max-video-preview":"max-video-preview:-1"},"canonical":"https:\/\/www.patrick-koglin.com\/en\/eisbaden\/kassel\/","og_locale":"en_US","og_type":"article","og_title":"Kassel - Patrick Koglin","og_description":"Regelm\u00e4\u00dfig findet das Eisbaden in Kassel am Sonntag von 9 bis etwa 10 Uhr statt. Wir haben inzwischen auch eine zweite Gruppe, die um 10:45 Uhr beginnt. Angeleitet wird das Eisbaden von Body &amp; Mind Coach Rudolf Ollo oder Patrick Koglin. Beide Gruppen organisieren sich \u00fcber WhatsApp-Gruppen oder k\u00fcndigen Treffen \u00fcber die Online-Plattform Meet5 an. ... Read more","og_url":"https:\/\/www.patrick-koglin.com\/en\/eisbaden\/kassel\/","og_site_name":"Patrick Koglin","article_publisher":"https:\/\/www.facebook.com\/profile.php?id=61566852463657","article_modified_time":"2026-04-24T20:07:51+00:00","twitter_card":"summary_large_image","schema":{"@context":"https:\/\/schema.org","@graph":[{"@type":"WebPage","@id":"https:\/\/www.patrick-koglin.com\/eisbaden\/kassel\/","url":"https:\/\/www.patrick-koglin.com\/eisbaden\/kassel\/","name":"Kassel - Patrick Koglin","isPartOf":{"@id":"https:\/\/www.patrick-koglin.com\/#website"},"datePublished":"2025-12-07T17:01:06+00:00","dateModified":"2026-04-24T20:07:51+00:00","breadcrumb":{"@id":"https:\/\/www.patrick-koglin.com\/eisbaden\/kassel\/#breadcrumb"},"inLanguage":"en-US","potentialAction":[{"@type":"ReadAction","target":["https:\/\/www.patrick-koglin.com\/eisbaden\/kassel\/"]}]},{"@type":"BreadcrumbList","@id":"https:\/\/www.patrick-koglin.com\/eisbaden\/kassel\/#breadcrumb","itemListElement":[{"@type":"ListItem","position":1,"name":"Startseite","item":"https:\/\/www.patrick-koglin.com\/"},{"@type":"ListItem","position":2,"name":"Eisbaden","item":"https:\/\/www.patrick-koglin.com\/eisbaden\/"},{"@type":"ListItem","position":3,"name":"Kassel"}]},{"@type":"WebSite","@id":"https:\/\/www.patrick-koglin.com\/#website","url":"https:\/\/www.patrick-koglin.com\/","name":"PK Coaching - Patrick Koglin Unternehmensgruppe","description":"PK Coaching, Business-Design &amp; Development","publisher":{"@id":"https:\/\/www.patrick-koglin.com\/#organization"},"potentialAction":[{"@type":"SearchAction","target":{"@type":"EntryPoint","urlTemplate":"https:\/\/www.patrick-koglin.com\/?s={search_term_string}"},"query-input":{"@type":"PropertyValueSpecification","valueRequired":true,"valueName":"search_term_string"}}],"inLanguage":"en-US"},{"@type":"Organization","@id":"https:\/\/www.patrick-koglin.com\/#organization","name":"Patrick Koglin | CEO von PK Coaching","url":"https:\/\/www.patrick-koglin.com\/","logo":{"@type":"ImageObject","inLanguage":"en-US","@id":"https:\/\/www.patrick-koglin.com\/#\/schema\/logo\/image\/","url":"https:\/\/www.patrick-koglin.com\/wp-content\/uploads\/2025\/07\/cropped-PK16.png","contentUrl":"https:\/\/www.patrick-koglin.com\/wp-content\/uploads\/2025\/07\/cropped-PK16.png","width":619,"height":287,"caption":"Patrick Koglin | CEO von PK Coaching"},"image":{"@id":"https:\/\/www.patrick-koglin.com\/#\/schema\/logo\/image\/"},"sameAs":["https:\/\/www.facebook.com\/profile.php?id=61566852463657"]}]}},"_links":{"self":[{"href":"https:\/\/www.patrick-koglin.com\/en\/wp-json\/wp\/v2\/pages\/8075","targetHints":{"allow":["GET"]}}],"collection":[{"href":"https:\/\/www.patrick-koglin.com\/en\/wp-json\/wp\/v2\/pages"}],"about":[{"href":"https:\/\/www.patrick-koglin.com\/en\/wp-json\/wp\/v2\/types\/page"}],"author":[{"embeddable":true,"href":"https:\/\/www.patrick-koglin.com\/en\/wp-json\/wp\/v2\/users\/1"}],"replies":[{"embeddable":true,"href":"https:\/\/www.patrick-koglin.com\/en\/wp-json\/wp\/v2\/comments?post=8075"}],"version-history":[{"count":27,"href":"https:\/\/www.patrick-koglin.com\/en\/wp-json\/wp\/v2\/pages\/8075\/revisions"}],"predecessor-version":[{"id":14327,"href":"https:\/\/www.patrick-koglin.com\/en\/wp-json\/wp\/v2\/pages\/8075\/revisions\/14327"}],"up":[{"embeddable":true,"href":"https:\/\/www.patrick-koglin.com\/en\/wp-json\/wp\/v2\/pages\/8073"}],"wp:attachment":[{"href":"https:\/\/www.patrick-koglin.com\/en\/wp-json\/wp\/v2\/media?parent=8075"}],"curies":[{"name":"wp","href":"https:\/\/api.w.org\/{rel}","templated":true}]}}