{"id":8115,"date":"2025-12-07T19:26:43","date_gmt":"2025-12-07T18:26:43","guid":{"rendered":"https:\/\/www.patrick-koglin.com\/?page_id=8115"},"modified":"2026-04-24T22:14:08","modified_gmt":"2026-04-24T20:14:08","slug":"buga2","status":"publish","type":"page","link":"https:\/\/www.patrick-koglin.com\/en\/eisbaden\/kassel\/treffpunkt\/buga2\/","title":{"rendered":"Buga 2"},"content":{"rendered":"<p>Treffpunkt &#8222;<em>Buga 2<\/em>&#8220; in Kassel ist in der N\u00e4he der Badewiese an der Fulda \/ Fuldaaue. Genau genommen fast mittig vom Auebad und zum Parkplatz bei der Seglergastst\u00e4tte. Anreise mit dem PKW, Bus, zu Fu\u00df oder eScooter m\u00f6glich. <\/p>\n\n\n\n<figure class=\"wp-block-image size-large is-resized\"><img fetchpriority=\"high\" decoding=\"async\" width=\"1024\" height=\"768\" src=\"https:\/\/www.patrick-koglin.com\/wp-content\/uploads\/2026\/04\/grafik-110-1024x768.png\" alt=\"\" class=\"wp-image-14307\" style=\"width:436px;height:auto\" srcset=\"https:\/\/www.patrick-koglin.com\/wp-content\/uploads\/2026\/04\/grafik-110-1024x768.png 1024w, https:\/\/www.patrick-koglin.com\/wp-content\/uploads\/2026\/04\/grafik-110-300x225.png 300w, https:\/\/www.patrick-koglin.com\/wp-content\/uploads\/2026\/04\/grafik-110-768x576.png 768w, https:\/\/www.patrick-koglin.com\/wp-content\/uploads\/2026\/04\/grafik-110-1536x1152.png 1536w, https:\/\/www.patrick-koglin.com\/wp-content\/uploads\/2026\/04\/grafik-110.png 2048w\" sizes=\"(max-width: 1024px) 100vw, 1024px\" \/><\/figure>\n\n\n\n<p><\/p>\n\n\n\n<p>Die relativ saubere Wasserstelle liegt an einem kleinen Seitenpass der Fulda. Das Wasser ist dort etwas k\u00fchler und klarer. <\/p>\n\n\n\n<p>Wir gehen also hier nicht zum Eisbaden in die Fuldaaue, sondern genau genommen in die Fulda (auf der Karte unten links zu sehen). <\/p>\n\n\n\n<iframe src=\"https:\/\/www.google.com\/maps\/embed?pb=!1m27!1m12!1m3!1d3102.495415477267!2d9.501655789574155!3d51.29288826260063!2m3!1f0!2f0!3f0!3m2!1i1024!2i768!4f13.1!4m12!3e2!4m5!1s0x47bb475bcee3d3a1%3A0x2f722dfeff5ba6fb!2sParkplatz%2C%2034123%20Kassel!3m2!1d51.291448599999995!2d9.5055795!4m4!1s0x47bb47bae1482411%3A0x25061087706803e2!3m2!1d51.2943867!2d9.5017874!5e1!3m2!1sde!2sde!4v1765643276586!5m2!1sde!2sde\" width=\"600\" height=\"450\" style=\"border:0;\" allowfullscreen=\"\" loading=\"lazy\" referrerpolicy=\"no-referrer-when-downgrade\"><\/iframe>\n\n\n\n<p class=\"has-small-font-size\">Irgendwie zeigt google-Maps hier auf der Karte einen kleinen Umweg: Man kann vom Parkplatz geradeaus in Richtung der zwei Br\u00fccken gehen (ohne den Schlenker nach links zum Sandstrand &#8211; dort w\u00e4re <a href=\"https:\/\/www.patrick-koglin.com\/en\/eisbaden\/kassel\/treffpunkt\/buga1\/\">Buga-Treffpunkt 1<\/a>). Einfach der <a href=\"#anreiseBugaParkplatz\">Anleitung<\/a> unten folgen.<\/p>\n\n\n\n<p><strong>Wie kommt man dorthin? <\/strong>Parken kann man entweder am <a href=\"#anreiseBugaParkplatz\">Buga-Parkplatz<\/a> oder am <a href=\"#anreisevomAuebad\">Auebad<\/a>. Von dort l\u00e4uft man jeweils etwa 10-15 Minuten. <\/p>\n\n\n\n<hr class=\"wp-block-separator has-alpha-channel-opacity\"\/>\n\n\n\n<h2 class=\"wp-block-heading\">Einstiegspunkt<\/h2>\n\n\n\n<p>Geoposition: <a href=\"https:\/\/maps.app.goo.gl\/j1Tq28k9s7QMkNz87\">https:\/\/maps.app.goo.gl\/j1Tq28k9s7QMkNz87<\/a><\/p>\n\n\n\n<iframe src=\"https:\/\/www.google.com\/maps\/embed?pb=!1m18!1m12!1m3!1d1408.830539940917!2d9.500321332421937!3d51.29422789669759!2m3!1f0!2f0!3f0!3m2!1i1024!2i768!4f13.1!3m3!1m2!1s0x47bb47bae1482411%3A0x25061087706803e2!2sBadewiese%20am%20Fuldasee!5e1!3m2!1sde!2sde!4v1765129486219!5m2!1sde!2sde\" width=\"600\" height=\"450\" style=\"border:0;\" allowfullscreen=\"\" loading=\"lazy\" referrerpolicy=\"no-referrer-when-downgrade\"><\/iframe>\n\n\n\n<hr class=\"wp-block-separator has-alpha-channel-opacity\"\/>\n\n\n\n<h2 class=\"wp-block-heading\">Wegbeschreibung<\/h2>\n\n\n\n<h3 class=\"wp-block-heading\" id=\"anreiseBugaParkplatz\">Anreise mit dem PKW vom Buga-Parkplatz ca. 10 Minuten Gehweg<\/h3>\n\n\n\n<p>Parken am <a href=\"https:\/\/maps.app.goo.gl\/2Y3BkaQ4cmznRzWj8\">Parkplatz an der Buga<\/a>. Dort wo der Kreisel und die Seglergastst\u00e4tte ist. Ins Navi kann man &#8222;<strong>Bugasee<\/strong>&#8220; eintippen und findet dann meistens &#8222;<strong>Fuldaaue 9<\/strong>&#8222;. Das ist der richtige Weg.<\/p>\n\n\n\n<p>Dort stellt man das Auto ab und folgt dann der Anleitung zu Fu\u00df.<\/p>\n\n\n\n<h3 class=\"wp-block-heading\">Anleitung vom Parkplatz zum Treffpunk (<em>Fu\u00dfweg<\/em>)<\/h3>\n\n\n\n<p><strong>(1) Vom Parkplatz geradeaus in Richtung der Seglergastst\u00e4tte<\/strong> und \u00fcberquert die beiden Br\u00fccken:<\/p>\n\n\n\n<div class=\"wp-block-columns is-layout-flex wp-container-core-columns-is-layout-9d6595d7 wp-block-columns-is-layout-flex\">\n<div class=\"wp-block-column is-layout-flow wp-block-column-is-layout-flow\">\n<figure class=\"wp-block-image size-large\"><img decoding=\"async\" width=\"768\" height=\"1024\" src=\"https:\/\/www.patrick-koglin.com\/wp-content\/uploads\/2026\/04\/grafik-99-768x1024.png\" alt=\"\" class=\"wp-image-14295\" srcset=\"https:\/\/www.patrick-koglin.com\/wp-content\/uploads\/2026\/04\/grafik-99-768x1024.png 768w, https:\/\/www.patrick-koglin.com\/wp-content\/uploads\/2026\/04\/grafik-99-225x300.png 225w, https:\/\/www.patrick-koglin.com\/wp-content\/uploads\/2026\/04\/grafik-99-1152x1536.png 1152w, https:\/\/www.patrick-koglin.com\/wp-content\/uploads\/2026\/04\/grafik-99.png 1536w\" sizes=\"(max-width: 768px) 100vw, 768px\" \/><\/figure>\n<\/div>\n\n\n\n<div class=\"wp-block-column is-layout-flow wp-block-column-is-layout-flow\">\n<figure class=\"wp-block-image size-large\"><img decoding=\"async\" width=\"768\" height=\"1024\" src=\"https:\/\/www.patrick-koglin.com\/wp-content\/uploads\/2026\/04\/grafik-100-768x1024.png\" alt=\"\" class=\"wp-image-14296\" srcset=\"https:\/\/www.patrick-koglin.com\/wp-content\/uploads\/2026\/04\/grafik-100-768x1024.png 768w, https:\/\/www.patrick-koglin.com\/wp-content\/uploads\/2026\/04\/grafik-100-225x300.png 225w, https:\/\/www.patrick-koglin.com\/wp-content\/uploads\/2026\/04\/grafik-100-1152x1536.png 1152w, https:\/\/www.patrick-koglin.com\/wp-content\/uploads\/2026\/04\/grafik-100.png 1536w\" sizes=\"(max-width: 768px) 100vw, 768px\" \/><\/figure>\n<\/div>\n\n\n\n<div class=\"wp-block-column is-layout-flow wp-block-column-is-layout-flow\">\n<figure class=\"wp-block-image size-large\"><img loading=\"lazy\" decoding=\"async\" width=\"768\" height=\"1024\" src=\"https:\/\/www.patrick-koglin.com\/wp-content\/uploads\/2026\/04\/grafik-101-768x1024.png\" alt=\"\" class=\"wp-image-14297\" srcset=\"https:\/\/www.patrick-koglin.com\/wp-content\/uploads\/2026\/04\/grafik-101-768x1024.png 768w, https:\/\/www.patrick-koglin.com\/wp-content\/uploads\/2026\/04\/grafik-101-225x300.png 225w, https:\/\/www.patrick-koglin.com\/wp-content\/uploads\/2026\/04\/grafik-101-1152x1536.png 1152w, https:\/\/www.patrick-koglin.com\/wp-content\/uploads\/2026\/04\/grafik-101.png 1536w\" sizes=\"(max-width: 768px) 100vw, 768px\" \/><\/figure>\n<\/div>\n<\/div>\n\n\n\n<p><strong>(2) Nach dem \u00dcberqueren der beiden Br\u00fccken: <\/strong>An der Abzweigung dann <strong>rechts<\/strong> abbiegen.<\/p>\n\n\n\n<div class=\"wp-block-columns is-layout-flex wp-container-core-columns-is-layout-9d6595d7 wp-block-columns-is-layout-flex\">\n<div class=\"wp-block-column is-layout-flow wp-block-column-is-layout-flow\">\n<figure class=\"wp-block-image size-large\"><img loading=\"lazy\" decoding=\"async\" width=\"768\" height=\"1024\" src=\"https:\/\/www.patrick-koglin.com\/wp-content\/uploads\/2026\/04\/grafik-102-768x1024.png\" alt=\"\" class=\"wp-image-14298\" srcset=\"https:\/\/www.patrick-koglin.com\/wp-content\/uploads\/2026\/04\/grafik-102-768x1024.png 768w, https:\/\/www.patrick-koglin.com\/wp-content\/uploads\/2026\/04\/grafik-102-225x300.png 225w, https:\/\/www.patrick-koglin.com\/wp-content\/uploads\/2026\/04\/grafik-102-1152x1536.png 1152w, https:\/\/www.patrick-koglin.com\/wp-content\/uploads\/2026\/04\/grafik-102.png 1536w\" sizes=\"(max-width: 768px) 100vw, 768px\" \/><\/figure>\n<\/div>\n\n\n\n<div class=\"wp-block-column is-layout-flow wp-block-column-is-layout-flow\"><div class=\"wp-block-image\">\n<figure class=\"aligncenter size-large is-resized\"><img loading=\"lazy\" decoding=\"async\" width=\"576\" height=\"1024\" src=\"https:\/\/www.patrick-koglin.com\/wp-content\/uploads\/2026\/04\/grafik-103-576x1024.png\" alt=\"\" class=\"wp-image-14299\" style=\"width:264px;height:auto\" srcset=\"https:\/\/www.patrick-koglin.com\/wp-content\/uploads\/2026\/04\/grafik-103-576x1024.png 576w, https:\/\/www.patrick-koglin.com\/wp-content\/uploads\/2026\/04\/grafik-103-169x300.png 169w, https:\/\/www.patrick-koglin.com\/wp-content\/uploads\/2026\/04\/grafik-103-768x1365.png 768w, https:\/\/www.patrick-koglin.com\/wp-content\/uploads\/2026\/04\/grafik-103-864x1536.png 864w, https:\/\/www.patrick-koglin.com\/wp-content\/uploads\/2026\/04\/grafik-103.png 1152w\" sizes=\"(max-width: 576px) 100vw, 576px\" \/><\/figure>\n<\/div><\/div>\n\n\n\n<div class=\"wp-block-column is-layout-flow wp-block-column-is-layout-flow\"><div class=\"wp-block-image\">\n<figure class=\"aligncenter size-large is-resized\"><img loading=\"lazy\" decoding=\"async\" width=\"576\" height=\"1024\" src=\"https:\/\/www.patrick-koglin.com\/wp-content\/uploads\/2026\/04\/grafik-104-576x1024.png\" alt=\"\" class=\"wp-image-14300\" style=\"aspect-ratio:0.5625066454300099;width:266px;height:auto\" srcset=\"https:\/\/www.patrick-koglin.com\/wp-content\/uploads\/2026\/04\/grafik-104-576x1024.png 576w, https:\/\/www.patrick-koglin.com\/wp-content\/uploads\/2026\/04\/grafik-104-169x300.png 169w, https:\/\/www.patrick-koglin.com\/wp-content\/uploads\/2026\/04\/grafik-104-768x1365.png 768w, https:\/\/www.patrick-koglin.com\/wp-content\/uploads\/2026\/04\/grafik-104-864x1536.png 864w, https:\/\/www.patrick-koglin.com\/wp-content\/uploads\/2026\/04\/grafik-104.png 1152w\" sizes=\"(max-width: 576px) 100vw, 576px\" \/><\/figure>\n<\/div><\/div>\n<\/div>\n\n\n\n<p><strong>(3) Danach etwa 150m den kleinen Pfad links runtergehen<\/strong>:<\/p>\n\n\n\n<figure class=\"wp-block-image size-medium\"><img loading=\"lazy\" decoding=\"async\" width=\"225\" height=\"300\" src=\"https:\/\/www.patrick-koglin.com\/wp-content\/uploads\/2026\/04\/grafik-105-225x300.png\" alt=\"\" class=\"wp-image-14301\" srcset=\"https:\/\/www.patrick-koglin.com\/wp-content\/uploads\/2026\/04\/grafik-105-225x300.png 225w, https:\/\/www.patrick-koglin.com\/wp-content\/uploads\/2026\/04\/grafik-105-768x1024.png 768w, https:\/\/www.patrick-koglin.com\/wp-content\/uploads\/2026\/04\/grafik-105-1152x1536.png 1152w, https:\/\/www.patrick-koglin.com\/wp-content\/uploads\/2026\/04\/grafik-105.png 1536w\" sizes=\"(max-width: 225px) 100vw, 225px\" \/><\/figure>\n\n\n\n<p><\/p>\n\n\n\n<p><strong>(4) Dort sind dann nach ca. 50 m zwei B\u00e4nke zu sehen: <\/strong>Bei der ersten Bank ist der<em> Eisbade-Treffpunkt Buga 2<\/em>.<\/p>\n\n\n\n<div class=\"wp-block-columns is-layout-flex wp-container-core-columns-is-layout-9d6595d7 wp-block-columns-is-layout-flex\">\n<div class=\"wp-block-column is-layout-flow wp-block-column-is-layout-flow\">\n<figure class=\"wp-block-image size-medium\"><img loading=\"lazy\" decoding=\"async\" width=\"225\" height=\"300\" src=\"https:\/\/www.patrick-koglin.com\/wp-content\/uploads\/2026\/04\/grafik-109-225x300.png\" alt=\"\" class=\"wp-image-14305\" srcset=\"https:\/\/www.patrick-koglin.com\/wp-content\/uploads\/2026\/04\/grafik-109-225x300.png 225w, https:\/\/www.patrick-koglin.com\/wp-content\/uploads\/2026\/04\/grafik-109-768x1024.png 768w, https:\/\/www.patrick-koglin.com\/wp-content\/uploads\/2026\/04\/grafik-109-1152x1536.png 1152w, https:\/\/www.patrick-koglin.com\/wp-content\/uploads\/2026\/04\/grafik-109.png 1536w\" sizes=\"(max-width: 225px) 100vw, 225px\" \/><\/figure>\n<\/div>\n\n\n\n<div class=\"wp-block-column is-layout-flow wp-block-column-is-layout-flow\">\n<figure class=\"wp-block-image size-medium\"><img loading=\"lazy\" decoding=\"async\" width=\"225\" height=\"300\" src=\"https:\/\/www.patrick-koglin.com\/wp-content\/uploads\/2026\/04\/grafik-108-225x300.png\" alt=\"\" class=\"wp-image-14304\" srcset=\"https:\/\/www.patrick-koglin.com\/wp-content\/uploads\/2026\/04\/grafik-108-225x300.png 225w, https:\/\/www.patrick-koglin.com\/wp-content\/uploads\/2026\/04\/grafik-108-768x1024.png 768w, https:\/\/www.patrick-koglin.com\/wp-content\/uploads\/2026\/04\/grafik-108-1152x1536.png 1152w, https:\/\/www.patrick-koglin.com\/wp-content\/uploads\/2026\/04\/grafik-108.png 1536w\" sizes=\"(max-width: 225px) 100vw, 225px\" \/><\/figure>\n<\/div>\n\n\n\n<div class=\"wp-block-column is-layout-flow wp-block-column-is-layout-flow\">\n<figure class=\"wp-block-image size-large\"><img loading=\"lazy\" decoding=\"async\" width=\"768\" height=\"1024\" src=\"https:\/\/www.patrick-koglin.com\/wp-content\/uploads\/2026\/04\/grafik-106-768x1024.png\" alt=\"\" class=\"wp-image-14302\" srcset=\"https:\/\/www.patrick-koglin.com\/wp-content\/uploads\/2026\/04\/grafik-106-768x1024.png 768w, https:\/\/www.patrick-koglin.com\/wp-content\/uploads\/2026\/04\/grafik-106-225x300.png 225w, https:\/\/www.patrick-koglin.com\/wp-content\/uploads\/2026\/04\/grafik-106-1152x1536.png 1152w, https:\/\/www.patrick-koglin.com\/wp-content\/uploads\/2026\/04\/grafik-106.png 1536w\" sizes=\"(max-width: 768px) 100vw, 768px\" \/><\/figure>\n<\/div>\n<\/div>\n\n\n\n<p><a href=\"https:\/\/maps.app.goo.gl\/nAAiB3JNGteQ77tL6\">Route auf google-Maps<\/a><\/p>\n\n\n\n<hr class=\"wp-block-separator has-alpha-channel-opacity\"\/>\n\n\n\n<h3 class=\"wp-block-heading\" id=\"anreisevomAuebad\">Anreise zu Fu\u00df beim Parken mit dem PKW am Auebad:<\/h3>\n\n\n\n<figure class=\"wp-block-image size-large is-resized\"><img loading=\"lazy\" decoding=\"async\" width=\"461\" height=\"1024\" src=\"https:\/\/www.patrick-koglin.com\/wp-content\/uploads\/2026\/04\/grafik-98-461x1024.png\" alt=\"\" class=\"wp-image-14294\" style=\"width:391px;height:auto\" srcset=\"https:\/\/www.patrick-koglin.com\/wp-content\/uploads\/2026\/04\/grafik-98-461x1024.png 461w, https:\/\/www.patrick-koglin.com\/wp-content\/uploads\/2026\/04\/grafik-98-135x300.png 135w, https:\/\/www.patrick-koglin.com\/wp-content\/uploads\/2026\/04\/grafik-98-768x1708.png 768w, https:\/\/www.patrick-koglin.com\/wp-content\/uploads\/2026\/04\/grafik-98-691x1536.png 691w, https:\/\/www.patrick-koglin.com\/wp-content\/uploads\/2026\/04\/grafik-98.png 921w\" sizes=\"(max-width: 461px) 100vw, 461px\" \/><\/figure>","protected":false},"excerpt":{"rendered":"<p>Treffpunkt &#8222;Buga 2&#8220; in Kassel ist in der N\u00e4he der Badewiese an der Fulda \/ Fuldaaue. Genau genommen fast mittig vom Auebad und zum Parkplatz bei der Seglergastst\u00e4tte. Anreise mit dem PKW, Bus, zu Fu\u00df oder eScooter m\u00f6glich. Die relativ saubere Wasserstelle liegt an einem kleinen Seitenpass der Fulda. Das Wasser ist dort etwas k\u00fchler &#8230; <a title=\"Buga 2\" class=\"read-more\" href=\"https:\/\/www.patrick-koglin.com\/en\/eisbaden\/kassel\/treffpunkt\/buga2\/\" aria-label=\"Read more about Buga 2\">Read more<\/a><\/p>","protected":false},"author":1,"featured_media":0,"parent":8083,"menu_order":0,"comment_status":"closed","ping_status":"closed","template":"","meta":{"footnotes":""},"class_list":["post-8115","page","type-page","status-publish"],"yoast_head":"<!-- This site is optimized with the Yoast SEO plugin v25.8 - https:\/\/yoast.com\/wordpress\/plugins\/seo\/ -->\n<title>Buga 2 - Patrick Koglin<\/title>\n<meta name=\"robots\" content=\"index, follow, max-snippet:-1, max-image-preview:large, max-video-preview:-1\" \/>\n<link rel=\"canonical\" href=\"https:\/\/www.patrick-koglin.com\/en\/eisbaden\/kassel\/treffpunkt\/buga2\/\" \/>\n<meta property=\"og:locale\" content=\"en_US\" \/>\n<meta property=\"og:type\" content=\"article\" \/>\n<meta property=\"og:title\" content=\"Buga 2 - Patrick Koglin\" \/>\n<meta property=\"og:description\" content=\"Treffpunkt &#8222;Buga 2&#8220; in Kassel ist in der N\u00e4he der Badewiese an der Fulda \/ Fuldaaue. Genau genommen fast mittig vom Auebad und zum Parkplatz bei der Seglergastst\u00e4tte. Anreise mit dem PKW, Bus, zu Fu\u00df oder eScooter m\u00f6glich. Die relativ saubere Wasserstelle liegt an einem kleinen Seitenpass der Fulda. Das Wasser ist dort etwas k\u00fchler ... Read more\" \/>\n<meta property=\"og:url\" content=\"https:\/\/www.patrick-koglin.com\/en\/eisbaden\/kassel\/treffpunkt\/buga2\/\" \/>\n<meta property=\"og:site_name\" content=\"Patrick Koglin\" \/>\n<meta property=\"article:publisher\" content=\"https:\/\/www.facebook.com\/profile.php?id=61566852463657\" \/>\n<meta property=\"article:modified_time\" content=\"2026-04-24T20:14:08+00:00\" \/>\n<meta property=\"og:image\" content=\"https:\/\/www.patrick-koglin.com\/wp-content\/uploads\/2026\/04\/grafik-110-1024x768.png\" \/>\n\t<meta property=\"og:image:width\" content=\"1024\" \/>\n\t<meta property=\"og:image:height\" content=\"768\" \/>\n\t<meta property=\"og:image:type\" content=\"image\/png\" \/>\n<meta name=\"twitter:card\" content=\"summary_large_image\" \/>\n<meta name=\"twitter:label1\" content=\"Est. reading time\" \/>\n\t<meta name=\"twitter:data1\" content=\"4 minutes\" \/>\n<script type=\"application\/ld+json\" class=\"yoast-schema-graph\">{\"@context\":\"https:\/\/schema.org\",\"@graph\":[{\"@type\":\"WebPage\",\"@id\":\"https:\/\/www.patrick-koglin.com\/eisbaden\/kassel\/treffpunkt\/buga2\/\",\"url\":\"https:\/\/www.patrick-koglin.com\/eisbaden\/kassel\/treffpunkt\/buga2\/\",\"name\":\"Buga 2 - Patrick Koglin\",\"isPartOf\":{\"@id\":\"https:\/\/www.patrick-koglin.com\/#website\"},\"primaryImageOfPage\":{\"@id\":\"https:\/\/www.patrick-koglin.com\/eisbaden\/kassel\/treffpunkt\/buga2\/#primaryimage\"},\"image\":{\"@id\":\"https:\/\/www.patrick-koglin.com\/eisbaden\/kassel\/treffpunkt\/buga2\/#primaryimage\"},\"thumbnailUrl\":\"https:\/\/www.patrick-koglin.com\/wp-content\/uploads\/2026\/04\/grafik-110-1024x768.png\",\"datePublished\":\"2025-12-07T18:26:43+00:00\",\"dateModified\":\"2026-04-24T20:14:08+00:00\",\"breadcrumb\":{\"@id\":\"https:\/\/www.patrick-koglin.com\/eisbaden\/kassel\/treffpunkt\/buga2\/#breadcrumb\"},\"inLanguage\":\"en-US\",\"potentialAction\":[{\"@type\":\"ReadAction\",\"target\":[\"https:\/\/www.patrick-koglin.com\/eisbaden\/kassel\/treffpunkt\/buga2\/\"]}]},{\"@type\":\"ImageObject\",\"inLanguage\":\"en-US\",\"@id\":\"https:\/\/www.patrick-koglin.com\/eisbaden\/kassel\/treffpunkt\/buga2\/#primaryimage\",\"url\":\"https:\/\/www.patrick-koglin.com\/wp-content\/uploads\/2026\/04\/grafik-110-1024x768.png\",\"contentUrl\":\"https:\/\/www.patrick-koglin.com\/wp-content\/uploads\/2026\/04\/grafik-110-1024x768.png\"},{\"@type\":\"BreadcrumbList\",\"@id\":\"https:\/\/www.patrick-koglin.com\/eisbaden\/kassel\/treffpunkt\/buga2\/#breadcrumb\",\"itemListElement\":[{\"@type\":\"ListItem\",\"position\":1,\"name\":\"Startseite\",\"item\":\"https:\/\/www.patrick-koglin.com\/\"},{\"@type\":\"ListItem\",\"position\":2,\"name\":\"Eisbaden\",\"item\":\"https:\/\/www.patrick-koglin.com\/eisbaden\/\"},{\"@type\":\"ListItem\",\"position\":3,\"name\":\"Kassel\",\"item\":\"https:\/\/www.patrick-koglin.com\/eisbaden\/kassel\/\"},{\"@type\":\"ListItem\",\"position\":4,\"name\":\"Treffpunkte\",\"item\":\"https:\/\/www.patrick-koglin.com\/eisbaden\/kassel\/treffpunkt\/\"},{\"@type\":\"ListItem\",\"position\":5,\"name\":\"Buga 2\"}]},{\"@type\":\"WebSite\",\"@id\":\"https:\/\/www.patrick-koglin.com\/#website\",\"url\":\"https:\/\/www.patrick-koglin.com\/\",\"name\":\"PK Coaching - Patrick Koglin Unternehmensgruppe\",\"description\":\"PK Coaching, Business-Design &amp; Development\",\"publisher\":{\"@id\":\"https:\/\/www.patrick-koglin.com\/#organization\"},\"potentialAction\":[{\"@type\":\"SearchAction\",\"target\":{\"@type\":\"EntryPoint\",\"urlTemplate\":\"https:\/\/www.patrick-koglin.com\/?s={search_term_string}\"},\"query-input\":{\"@type\":\"PropertyValueSpecification\",\"valueRequired\":true,\"valueName\":\"search_term_string\"}}],\"inLanguage\":\"en-US\"},{\"@type\":\"Organization\",\"@id\":\"https:\/\/www.patrick-koglin.com\/#organization\",\"name\":\"Patrick Koglin | CEO von PK Coaching\",\"url\":\"https:\/\/www.patrick-koglin.com\/\",\"logo\":{\"@type\":\"ImageObject\",\"inLanguage\":\"en-US\",\"@id\":\"https:\/\/www.patrick-koglin.com\/#\/schema\/logo\/image\/\",\"url\":\"https:\/\/www.patrick-koglin.com\/wp-content\/uploads\/2025\/07\/cropped-PK16.png\",\"contentUrl\":\"https:\/\/www.patrick-koglin.com\/wp-content\/uploads\/2025\/07\/cropped-PK16.png\",\"width\":619,\"height\":287,\"caption\":\"Patrick Koglin | CEO von PK Coaching\"},\"image\":{\"@id\":\"https:\/\/www.patrick-koglin.com\/#\/schema\/logo\/image\/\"},\"sameAs\":[\"https:\/\/www.facebook.com\/profile.php?id=61566852463657\"]}]}<\/script>\n<!-- \/ Yoast SEO plugin. -->","yoast_head_json":{"title":"Buga 2 - Patrick Koglin","robots":{"index":"index","follow":"follow","max-snippet":"max-snippet:-1","max-image-preview":"max-image-preview:large","max-video-preview":"max-video-preview:-1"},"canonical":"https:\/\/www.patrick-koglin.com\/en\/eisbaden\/kassel\/treffpunkt\/buga2\/","og_locale":"en_US","og_type":"article","og_title":"Buga 2 - Patrick Koglin","og_description":"Treffpunkt &#8222;Buga 2&#8220; in Kassel ist in der N\u00e4he der Badewiese an der Fulda \/ Fuldaaue. Genau genommen fast mittig vom Auebad und zum Parkplatz bei der Seglergastst\u00e4tte. Anreise mit dem PKW, Bus, zu Fu\u00df oder eScooter m\u00f6glich. Die relativ saubere Wasserstelle liegt an einem kleinen Seitenpass der Fulda. Das Wasser ist dort etwas k\u00fchler ... Read more","og_url":"https:\/\/www.patrick-koglin.com\/en\/eisbaden\/kassel\/treffpunkt\/buga2\/","og_site_name":"Patrick Koglin","article_publisher":"https:\/\/www.facebook.com\/profile.php?id=61566852463657","article_modified_time":"2026-04-24T20:14:08+00:00","og_image":[{"width":1024,"height":768,"url":"https:\/\/www.patrick-koglin.com\/wp-content\/uploads\/2026\/04\/grafik-110-1024x768.png","type":"image\/png"}],"twitter_card":"summary_large_image","twitter_misc":{"Est. reading time":"4 minutes"},"schema":{"@context":"https:\/\/schema.org","@graph":[{"@type":"WebPage","@id":"https:\/\/www.patrick-koglin.com\/eisbaden\/kassel\/treffpunkt\/buga2\/","url":"https:\/\/www.patrick-koglin.com\/eisbaden\/kassel\/treffpunkt\/buga2\/","name":"Buga 2 - Patrick Koglin","isPartOf":{"@id":"https:\/\/www.patrick-koglin.com\/#website"},"primaryImageOfPage":{"@id":"https:\/\/www.patrick-koglin.com\/eisbaden\/kassel\/treffpunkt\/buga2\/#primaryimage"},"image":{"@id":"https:\/\/www.patrick-koglin.com\/eisbaden\/kassel\/treffpunkt\/buga2\/#primaryimage"},"thumbnailUrl":"https:\/\/www.patrick-koglin.com\/wp-content\/uploads\/2026\/04\/grafik-110-1024x768.png","datePublished":"2025-12-07T18:26:43+00:00","dateModified":"2026-04-24T20:14:08+00:00","breadcrumb":{"@id":"https:\/\/www.patrick-koglin.com\/eisbaden\/kassel\/treffpunkt\/buga2\/#breadcrumb"},"inLanguage":"en-US","potentialAction":[{"@type":"ReadAction","target":["https:\/\/www.patrick-koglin.com\/eisbaden\/kassel\/treffpunkt\/buga2\/"]}]},{"@type":"ImageObject","inLanguage":"en-US","@id":"https:\/\/www.patrick-koglin.com\/eisbaden\/kassel\/treffpunkt\/buga2\/#primaryimage","url":"https:\/\/www.patrick-koglin.com\/wp-content\/uploads\/2026\/04\/grafik-110-1024x768.png","contentUrl":"https:\/\/www.patrick-koglin.com\/wp-content\/uploads\/2026\/04\/grafik-110-1024x768.png"},{"@type":"BreadcrumbList","@id":"https:\/\/www.patrick-koglin.com\/eisbaden\/kassel\/treffpunkt\/buga2\/#breadcrumb","itemListElement":[{"@type":"ListItem","position":1,"name":"Startseite","item":"https:\/\/www.patrick-koglin.com\/"},{"@type":"ListItem","position":2,"name":"Eisbaden","item":"https:\/\/www.patrick-koglin.com\/eisbaden\/"},{"@type":"ListItem","position":3,"name":"Kassel","item":"https:\/\/www.patrick-koglin.com\/eisbaden\/kassel\/"},{"@type":"ListItem","position":4,"name":"Treffpunkte","item":"https:\/\/www.patrick-koglin.com\/eisbaden\/kassel\/treffpunkt\/"},{"@type":"ListItem","position":5,"name":"Buga 2"}]},{"@type":"WebSite","@id":"https:\/\/www.patrick-koglin.com\/#website","url":"https:\/\/www.patrick-koglin.com\/","name":"PK Coaching - Patrick Koglin Unternehmensgruppe","description":"PK Coaching, Business-Design &amp; Development","publisher":{"@id":"https:\/\/www.patrick-koglin.com\/#organization"},"potentialAction":[{"@type":"SearchAction","target":{"@type":"EntryPoint","urlTemplate":"https:\/\/www.patrick-koglin.com\/?s={search_term_string}"},"query-input":{"@type":"PropertyValueSpecification","valueRequired":true,"valueName":"search_term_string"}}],"inLanguage":"en-US"},{"@type":"Organization","@id":"https:\/\/www.patrick-koglin.com\/#organization","name":"Patrick Koglin | CEO von PK Coaching","url":"https:\/\/www.patrick-koglin.com\/","logo":{"@type":"ImageObject","inLanguage":"en-US","@id":"https:\/\/www.patrick-koglin.com\/#\/schema\/logo\/image\/","url":"https:\/\/www.patrick-koglin.com\/wp-content\/uploads\/2025\/07\/cropped-PK16.png","contentUrl":"https:\/\/www.patrick-koglin.com\/wp-content\/uploads\/2025\/07\/cropped-PK16.png","width":619,"height":287,"caption":"Patrick Koglin | CEO von PK Coaching"},"image":{"@id":"https:\/\/www.patrick-koglin.com\/#\/schema\/logo\/image\/"},"sameAs":["https:\/\/www.facebook.com\/profile.php?id=61566852463657"]}]}},"_links":{"self":[{"href":"https:\/\/www.patrick-koglin.com\/en\/wp-json\/wp\/v2\/pages\/8115","targetHints":{"allow":["GET"]}}],"collection":[{"href":"https:\/\/www.patrick-koglin.com\/en\/wp-json\/wp\/v2\/pages"}],"about":[{"href":"https:\/\/www.patrick-koglin.com\/en\/wp-json\/wp\/v2\/types\/page"}],"author":[{"embeddable":true,"href":"https:\/\/www.patrick-koglin.com\/en\/wp-json\/wp\/v2\/users\/1"}],"replies":[{"embeddable":true,"href":"https:\/\/www.patrick-koglin.com\/en\/wp-json\/wp\/v2\/comments?post=8115"}],"version-history":[{"count":29,"href":"https:\/\/www.patrick-koglin.com\/en\/wp-json\/wp\/v2\/pages\/8115\/revisions"}],"predecessor-version":[{"id":14330,"href":"https:\/\/www.patrick-koglin.com\/en\/wp-json\/wp\/v2\/pages\/8115\/revisions\/14330"}],"up":[{"embeddable":true,"href":"https:\/\/www.patrick-koglin.com\/en\/wp-json\/wp\/v2\/pages\/8083"}],"wp:attachment":[{"href":"https:\/\/www.patrick-koglin.com\/en\/wp-json\/wp\/v2\/media?parent=8115"}],"curies":[{"name":"wp","href":"https:\/\/api.w.org\/{rel}","templated":true}]}}