{"id":8220,"date":"2025-12-29T15:47:59","date_gmt":"2025-12-29T14:47:59","guid":{"rendered":"https:\/\/www.patrick-koglin.com\/?page_id=8220"},"modified":"2026-05-12T02:59:00","modified_gmt":"2026-05-12T00:59:00","slug":"musik","status":"publish","type":"page","link":"https:\/\/www.patrick-koglin.com\/en\/musik\/","title":{"rendered":"Musik"},"content":{"rendered":"<p>Patrick Koglin produziert seit 12\/2025 mit einem kleinen Team aus Songwritern, KI-Entwicklern, Anw\u00e4lten und Musikern eigene <a href=\"https:\/\/www.patrick-koglin.com\/en\/musik\/pk-productions\/songs\/\">Songs<\/a>, <a href=\"https:\/\/www.patrick-koglin.com\/en\/musik\/pk-productions\/singles\/\">Singles<\/a> und <a href=\"https:\/\/www.patrick-koglin.com\/en\/alben\/\">Alben<\/a> unter dem selbst gegr\u00fcndeten Musiklabel &#8222;<em><a href=\"https:\/\/www.patrick-koglin.com\/en\/musik\/pk-music-productions\/\">PK Music Productions&#8220;<\/a>. <\/em><\/p>\n\n\n\n<h3 class=\"wp-block-heading\">3 Musikprojekte, \u00fcber 30 Alben mit mehr als 500 Songs<\/h3>\n\n\n\n<p>Unter dem Label &#8222;<em>PK Music Productions&#8220;<\/em> sind bisher <em>3 Musikprojekte entstanden, unter andere<\/em>m PKH Pulse mit House-Rap-Musik und <a href=\"https:\/\/www.patrick-koglin.com\/en\/pkr\/\">PKR<\/a> f\u00fcr reine deutsche Rap-Musik. Unter dem gleichnamigen Musikprojekt &#8222;<em><a href=\"https:\/\/www.patrick-koglin.com\/en\/musik\/pk-music-productions\/\">PK Music Productions<\/a><\/em>&#8220; sind bisher \u00fcber 30 Alben mit mehr als 500 Songs ver\u00f6ffentlicht worden.<\/p>\n\n\n\n<div class=\"wp-block-buttons is-layout-flex wp-block-buttons-is-layout-flex\">\n<div class=\"wp-block-button\"><a class=\"wp-block-button__link has-base-3-color has-text-color has-link-color wp-element-button\" href=\"https:\/\/www.patrick-koglin.com\/en\/musik\/projekte\/\" style=\"border-top-left-radius:5px;border-top-right-radius:5px;border-bottom-left-radius:5px;border-bottom-right-radius:5px\">Projekte<\/a><\/div>\n<\/div>\n\n\n\n<hr class=\"wp-block-separator has-alpha-channel-opacity\"\/>\n\n\n\n<h2 class=\"wp-block-heading has-text-align-center\">PK Music auf Social Media<\/h2>\n\n\n\n<div style=\"height:35px\" aria-hidden=\"true\" class=\"wp-block-spacer\"><\/div>\n\n\n\n<div class=\"wp-block-columns is-layout-flex wp-container-core-columns-is-layout-9d6595d7 wp-block-columns-is-layout-flex\">\n<div class=\"wp-block-column is-layout-flow wp-block-column-is-layout-flow\">\n<ul class=\"wp-block-social-links has-huge-icon-size is-content-justification-center is-layout-flex wp-container-core-social-links-is-layout-16018d1d wp-block-social-links-is-layout-flex\"><li class=\"wp-social-link wp-social-link-tiktok  wp-block-social-link\"><a href=\"https:\/\/pro.tiktok.com\/t\/ZG9LCpVgQ6AY6-ZWG4F\/\" class=\"wp-block-social-link-anchor\"><svg width=\"24\" height=\"24\" viewbox=\"0 0 32 32\" version=\"1.1\" xmlns=\"http:\/\/www.w3.org\/2000\/svg\" aria-hidden=\"true\" focusable=\"false\"><path d=\"M16.708 0.027c1.745-0.027 3.48-0.011 5.213-0.027 0.105 2.041 0.839 4.12 2.333 5.563 1.491 1.479 3.6 2.156 5.652 2.385v5.369c-1.923-0.063-3.855-0.463-5.6-1.291-0.76-0.344-1.468-0.787-2.161-1.24-0.009 3.896 0.016 7.787-0.025 11.667-0.104 1.864-0.719 3.719-1.803 5.255-1.744 2.557-4.771 4.224-7.88 4.276-1.907 0.109-3.812-0.411-5.437-1.369-2.693-1.588-4.588-4.495-4.864-7.615-0.032-0.667-0.043-1.333-0.016-1.984 0.24-2.537 1.495-4.964 3.443-6.615 2.208-1.923 5.301-2.839 8.197-2.297 0.027 1.975-0.052 3.948-0.052 5.923-1.323-0.428-2.869-0.308-4.025 0.495-0.844 0.547-1.485 1.385-1.819 2.333-0.276 0.676-0.197 1.427-0.181 2.145 0.317 2.188 2.421 4.027 4.667 3.828 1.489-0.016 2.916-0.88 3.692-2.145 0.251-0.443 0.532-0.896 0.547-1.417 0.131-2.385 0.079-4.76 0.095-7.145 0.011-5.375-0.016-10.735 0.025-16.093z\" \/><\/svg><span class=\"wp-block-social-link-label screen-reader-text\">TikTok<\/span><\/a><\/li><\/ul>\n\n\n\n<p class=\"has-text-align-center\"><a href=\"https:\/\/pro.tiktok.com\/t\/ZG9LCpVgQ6AY6-ZWG4F\/\">TikTok<\/a><\/p>\n<\/div>\n\n\n\n<div class=\"wp-block-column is-layout-flow wp-block-column-is-layout-flow\">\n<ul class=\"wp-block-social-links has-huge-icon-size is-content-justification-center is-layout-flex wp-container-core-social-links-is-layout-16018d1d wp-block-social-links-is-layout-flex\"><li class=\"wp-social-link wp-social-link-youtube  wp-block-social-link\"><a href=\"https:\/\/music.youtube.com\/channel\/UC8ilqfKbtAtKqI5U5CIXnCg\" class=\"wp-block-social-link-anchor\"><svg width=\"24\" height=\"24\" viewbox=\"0 0 24 24\" version=\"1.1\" xmlns=\"http:\/\/www.w3.org\/2000\/svg\" aria-hidden=\"true\" focusable=\"false\"><path d=\"M21.8,8.001c0,0-0.195-1.378-0.795-1.985c-0.76-0.797-1.613-0.801-2.004-0.847c-2.799-0.202-6.997-0.202-6.997-0.202 h-0.009c0,0-4.198,0-6.997,0.202C4.608,5.216,3.756,5.22,2.995,6.016C2.395,6.623,2.2,8.001,2.2,8.001S2,9.62,2,11.238v1.517 c0,1.618,0.2,3.237,0.2,3.237s0.195,1.378,0.795,1.985c0.761,0.797,1.76,0.771,2.205,0.855c1.6,0.153,6.8,0.201,6.8,0.201 s4.203-0.006,7.001-0.209c0.391-0.047,1.243-0.051,2.004-0.847c0.6-0.607,0.795-1.985,0.795-1.985s0.2-1.618,0.2-3.237v-1.517 C22,9.62,21.8,8.001,21.8,8.001z M9.935,14.594l-0.001-5.62l5.404,2.82L9.935,14.594z\"><\/path><\/svg><span class=\"wp-block-social-link-label screen-reader-text\">YouTube<\/span><\/a><\/li><\/ul>\n\n\n\n<h2 class=\"wp-block-heading has-text-align-center\">YouTube<\/h2>\n<\/div>\n\n\n\n<div class=\"wp-block-column is-layout-flow wp-block-column-is-layout-flow\">\n<ul class=\"wp-block-social-links has-huge-icon-size is-content-justification-center is-layout-flex wp-container-core-social-links-is-layout-16018d1d wp-block-social-links-is-layout-flex\"><li class=\"wp-social-link wp-social-link-instagram  wp-block-social-link\"><a href=\"https:\/\/www.instagram.com\/pkproductionsmusic\/\" class=\"wp-block-social-link-anchor\"><svg width=\"24\" height=\"24\" viewbox=\"0 0 24 24\" version=\"1.1\" xmlns=\"http:\/\/www.w3.org\/2000\/svg\" aria-hidden=\"true\" focusable=\"false\"><path d=\"M12,4.622c2.403,0,2.688,0.009,3.637,0.052c0.877,0.04,1.354,0.187,1.671,0.31c0.42,0.163,0.72,0.358,1.035,0.673 c0.315,0.315,0.51,0.615,0.673,1.035c0.123,0.317,0.27,0.794,0.31,1.671c0.043,0.949,0.052,1.234,0.052,3.637 s-0.009,2.688-0.052,3.637c-0.04,0.877-0.187,1.354-0.31,1.671c-0.163,0.42-0.358,0.72-0.673,1.035 c-0.315,0.315-0.615,0.51-1.035,0.673c-0.317,0.123-0.794,0.27-1.671,0.31c-0.949,0.043-1.233,0.052-3.637,0.052 s-2.688-0.009-3.637-0.052c-0.877-0.04-1.354-0.187-1.671-0.31c-0.42-0.163-0.72-0.358-1.035-0.673 c-0.315-0.315-0.51-0.615-0.673-1.035c-0.123-0.317-0.27-0.794-0.31-1.671C4.631,14.688,4.622,14.403,4.622,12 s0.009-2.688,0.052-3.637c0.04-0.877,0.187-1.354,0.31-1.671c0.163-0.42,0.358-0.72,0.673-1.035 c0.315-0.315,0.615-0.51,1.035-0.673c0.317-0.123,0.794-0.27,1.671-0.31C9.312,4.631,9.597,4.622,12,4.622 M12,3 C9.556,3,9.249,3.01,8.289,3.054C7.331,3.098,6.677,3.25,6.105,3.472C5.513,3.702,5.011,4.01,4.511,4.511 c-0.5,0.5-0.808,1.002-1.038,1.594C3.25,6.677,3.098,7.331,3.054,8.289C3.01,9.249,3,9.556,3,12c0,2.444,0.01,2.751,0.054,3.711 c0.044,0.958,0.196,1.612,0.418,2.185c0.23,0.592,0.538,1.094,1.038,1.594c0.5,0.5,1.002,0.808,1.594,1.038 c0.572,0.222,1.227,0.375,2.185,0.418C9.249,20.99,9.556,21,12,21s2.751-0.01,3.711-0.054c0.958-0.044,1.612-0.196,2.185-0.418 c0.592-0.23,1.094-0.538,1.594-1.038c0.5-0.5,0.808-1.002,1.038-1.594c0.222-0.572,0.375-1.227,0.418-2.185 C20.99,14.751,21,14.444,21,12s-0.01-2.751-0.054-3.711c-0.044-0.958-0.196-1.612-0.418-2.185c-0.23-0.592-0.538-1.094-1.038-1.594 c-0.5-0.5-1.002-0.808-1.594-1.038c-0.572-0.222-1.227-0.375-2.185-0.418C14.751,3.01,14.444,3,12,3L12,3z M12,7.378 c-2.552,0-4.622,2.069-4.622,4.622S9.448,16.622,12,16.622s4.622-2.069,4.622-4.622S14.552,7.378,12,7.378z M12,15 c-1.657,0-3-1.343-3-3s1.343-3,3-3s3,1.343,3,3S13.657,15,12,15z M16.804,6.116c-0.596,0-1.08,0.484-1.08,1.08 s0.484,1.08,1.08,1.08c0.596,0,1.08-0.484,1.08-1.08S17.401,6.116,16.804,6.116z\"><\/path><\/svg><span class=\"wp-block-social-link-label screen-reader-text\">Instagram<\/span><\/a><\/li><\/ul>\n\n\n\n<p class=\"has-text-align-center\"><a href=\"https:\/\/www.instagram.com\/pkproductionsmusic\/\" target=\"_blank\" rel=\"noreferrer noopener\">Instagram<\/a><\/p>\n<\/div>\n<\/div>\n\n\n\n<hr class=\"wp-block-separator has-alpha-channel-opacity\"\/>\n\n\n\n<p><strong>Musikrichtung:<\/strong> <a href=\"https:\/\/www.patrick-koglin.com\/en\/musik\/rap\/\">Rap<\/a>, <a href=\"https:\/\/www.patrick-koglin.com\/en\/musik\/trance\/\">House-Trance<\/a><\/p>\n\n\n\n<p>Die Songs sind in allen bekannten Online-Stores wie z.B. <a href=\"https:\/\/www.patrick-koglin.com\/en\/appleMusic\/\">Apple Music<\/a>, <a href=\"https:\/\/open.spotify.com\/intl-de\/artist\/7Gj8tVf9Zsu8uTbLj9I9lH\">Spotify<\/a>, YouTube, <a href=\"https:\/\/music.apple.com\/us\/artist\/pk-productions\/1865894112\">itunes<\/a> und Amazon verf\u00fcgbar. Das Label wurde etwas sp\u00e4ter schlie\u00dflich in &#8222;<em>PK Music Productions<\/em>&#8220; kurz &#8222;<em>PK Music<\/em>&#8220; umbenannt.<\/p>\n\n\n\n<div style=\"height:35px\" aria-hidden=\"true\" class=\"wp-block-spacer\"><\/div>\n\n\n<div class=\"wp-block-image\">\n<figure class=\"aligncenter size-large is-resized\"><img fetchpriority=\"high\" decoding=\"async\" width=\"1024\" height=\"442\" src=\"https:\/\/www.patrick-koglin.com\/wp-content\/uploads\/2026\/03\/grafik-65-1024x442.png\" alt=\"\" class=\"wp-image-11228\" style=\"width:378px;height:auto\" srcset=\"https:\/\/www.patrick-koglin.com\/wp-content\/uploads\/2026\/03\/grafik-65-1024x442.png 1024w, https:\/\/www.patrick-koglin.com\/wp-content\/uploads\/2026\/03\/grafik-65-300x130.png 300w, https:\/\/www.patrick-koglin.com\/wp-content\/uploads\/2026\/03\/grafik-65-768x332.png 768w, https:\/\/www.patrick-koglin.com\/wp-content\/uploads\/2026\/03\/grafik-65-1536x664.png 1536w, https:\/\/www.patrick-koglin.com\/wp-content\/uploads\/2026\/03\/grafik-65.png 2000w\" sizes=\"(max-width: 1024px) 100vw, 1024px\" \/><\/figure>\n<\/div>\n\n\n<p><\/p>\n\n\n\n<p><strong>Erh\u00e4ltlich in allen bekannten Musik-Stores: <\/strong><a href=\"https:\/\/music.apple.com\/de\/artist\/pk-productions\/1865894112\">Apple Music<\/a>, Amazon, Spotify, <a href=\"https:\/\/music.youtube.com\/channel\/UC8ilqfKbtAtKqI5U5CIXnCg\">YouTube Music<\/a> und viele weitere.<\/p>\n\n\n\n<p>Die Musikrichtung ist Deutschrap. Inhaltlich werden unterschiedlichste gesellschaftliche Themen, Business-Aspekte und Beziehungsthemen aufgegriffen und zum Ausdruck gebracht. Ziel der Musik ist mehr Energie, mehr Motivation, Freude und Bewusstsein &#8211; aber auch Klarheit und Verst\u00e4ndnis f\u00fcr Coaching und pers\u00f6nliche Entwicklung. Nat\u00fcrlich auch eine Komponente von Marketing und gesellschaftlichem Beitrag. <\/p>\n\n\n\n<div class=\"wp-block-columns is-layout-flex wp-container-core-columns-is-layout-9d6595d7 wp-block-columns-is-layout-flex\">\n<div class=\"wp-block-column is-layout-flow wp-block-column-is-layout-flow\"><div class=\"wp-block-image\">\n<figure class=\"aligncenter size-full\"><a href=\"https:\/\/www.patrick-koglin.com\/en\/appleMusic\/\" target=\"_blank\" rel=\" noreferrer noopener\"><img decoding=\"async\" width=\"275\" height=\"155\" src=\"https:\/\/www.patrick-koglin.com\/wp-content\/uploads\/2026\/03\/grafik-52-edited.png\" alt=\"\" class=\"wp-image-10717\"\/><\/a><\/figure>\n<\/div><\/div>\n\n\n\n<div class=\"wp-block-column is-layout-flow wp-block-column-is-layout-flow\"><div class=\"wp-block-image\">\n<figure class=\"aligncenter size-full\"><img decoding=\"async\" width=\"1000\" height=\"563\" src=\"https:\/\/www.patrick-koglin.com\/wp-content\/uploads\/2026\/01\/grafik-53.png\" alt=\"\" class=\"wp-image-8805\" srcset=\"https:\/\/www.patrick-koglin.com\/wp-content\/uploads\/2026\/01\/grafik-53.png 1000w, https:\/\/www.patrick-koglin.com\/wp-content\/uploads\/2026\/01\/grafik-53-300x169.png 300w, https:\/\/www.patrick-koglin.com\/wp-content\/uploads\/2026\/01\/grafik-53-768x432.png 768w\" sizes=\"(max-width: 1000px) 100vw, 1000px\" \/><\/figure>\n<\/div><\/div>\n\n\n\n<div class=\"wp-block-column is-vertically-aligned-center is-layout-flow wp-block-column-is-layout-flow\"><div class=\"wp-block-image\">\n<figure class=\"aligncenter size-full is-resized\"><img loading=\"lazy\" decoding=\"async\" width=\"388\" height=\"130\" src=\"https:\/\/www.patrick-koglin.com\/wp-content\/uploads\/2026\/01\/grafik-54.png\" alt=\"\" class=\"wp-image-8811\" style=\"aspect-ratio:2.984820545790168;width:207px;height:auto\" srcset=\"https:\/\/www.patrick-koglin.com\/wp-content\/uploads\/2026\/01\/grafik-54.png 388w, https:\/\/www.patrick-koglin.com\/wp-content\/uploads\/2026\/01\/grafik-54-300x101.png 300w\" sizes=\"(max-width: 388px) 100vw, 388px\" \/><\/figure>\n<\/div><\/div>\n<\/div>","protected":false},"excerpt":{"rendered":"<p>Patrick Koglin produziert seit 12\/2025 mit einem kleinen Team aus Songwritern, KI-Entwicklern, Anw\u00e4lten und Musikern eigene Songs, Singles und Alben unter dem selbst gegr\u00fcndeten Musiklabel &#8222;PK Music Productions&#8220;. 3 Musikprojekte, \u00fcber 30 Alben mit mehr als 500 Songs Unter dem Label &#8222;PK Music Productions&#8220; sind bisher 3 Musikprojekte entstanden, unter anderem PKH Pulse mit House-Rap-Musik &#8230; <a title=\"Musik\" class=\"read-more\" href=\"https:\/\/www.patrick-koglin.com\/en\/musik\/\" aria-label=\"Read more about Musik\">Read more<\/a><\/p>","protected":false},"author":1,"featured_media":0,"parent":0,"menu_order":0,"comment_status":"closed","ping_status":"closed","template":"","meta":{"footnotes":""},"class_list":["post-8220","page","type-page","status-publish"],"yoast_head":"<!-- This site is optimized with the Yoast SEO plugin v25.8 - https:\/\/yoast.com\/wordpress\/plugins\/seo\/ -->\n<title>Musik - Patrick Koglin<\/title>\n<meta name=\"robots\" content=\"index, follow, max-snippet:-1, max-image-preview:large, max-video-preview:-1\" \/>\n<link rel=\"canonical\" href=\"https:\/\/www.patrick-koglin.com\/en\/musik\/\" \/>\n<meta property=\"og:locale\" content=\"en_US\" \/>\n<meta property=\"og:type\" content=\"article\" \/>\n<meta property=\"og:title\" content=\"Musik - Patrick Koglin\" \/>\n<meta property=\"og:description\" content=\"Patrick Koglin produziert seit 12\/2025 mit einem kleinen Team aus Songwritern, KI-Entwicklern, Anw\u00e4lten und Musikern eigene Songs, Singles und Alben unter dem selbst gegr\u00fcndeten Musiklabel &#8222;PK Music Productions&#8220;. 3 Musikprojekte, \u00fcber 30 Alben mit mehr als 500 Songs Unter dem Label &#8222;PK Music Productions&#8220; sind bisher 3 Musikprojekte entstanden, unter anderem PKH Pulse mit House-Rap-Musik ... Read more\" \/>\n<meta property=\"og:url\" content=\"https:\/\/www.patrick-koglin.com\/en\/musik\/\" \/>\n<meta property=\"og:site_name\" content=\"Patrick Koglin\" \/>\n<meta property=\"article:publisher\" content=\"https:\/\/www.facebook.com\/profile.php?id=61566852463657\" \/>\n<meta property=\"article:modified_time\" content=\"2026-05-12T00:59:00+00:00\" \/>\n<meta property=\"og:image\" content=\"https:\/\/www.patrick-koglin.com\/wp-content\/uploads\/2026\/03\/grafik-65.png\" \/>\n\t<meta property=\"og:image:width\" content=\"2000\" \/>\n\t<meta property=\"og:image:height\" content=\"864\" \/>\n\t<meta property=\"og:image:type\" content=\"image\/png\" \/>\n<meta name=\"twitter:card\" content=\"summary_large_image\" \/>\n<meta name=\"twitter:label1\" content=\"Est. reading time\" \/>\n\t<meta name=\"twitter:data1\" content=\"2 minutes\" \/>\n<script type=\"application\/ld+json\" class=\"yoast-schema-graph\">{\"@context\":\"https:\/\/schema.org\",\"@graph\":[{\"@type\":\"WebPage\",\"@id\":\"https:\/\/www.patrick-koglin.com\/musik\/\",\"url\":\"https:\/\/www.patrick-koglin.com\/musik\/\",\"name\":\"Musik - Patrick Koglin\",\"isPartOf\":{\"@id\":\"https:\/\/www.patrick-koglin.com\/#website\"},\"primaryImageOfPage\":{\"@id\":\"https:\/\/www.patrick-koglin.com\/musik\/#primaryimage\"},\"image\":{\"@id\":\"https:\/\/www.patrick-koglin.com\/musik\/#primaryimage\"},\"thumbnailUrl\":\"https:\/\/www.patrick-koglin.com\/wp-content\/uploads\/2026\/03\/grafik-65-1024x442.png\",\"datePublished\":\"2025-12-29T14:47:59+00:00\",\"dateModified\":\"2026-05-12T00:59:00+00:00\",\"breadcrumb\":{\"@id\":\"https:\/\/www.patrick-koglin.com\/musik\/#breadcrumb\"},\"inLanguage\":\"en-US\",\"potentialAction\":[{\"@type\":\"ReadAction\",\"target\":[\"https:\/\/www.patrick-koglin.com\/musik\/\"]}]},{\"@type\":\"ImageObject\",\"inLanguage\":\"en-US\",\"@id\":\"https:\/\/www.patrick-koglin.com\/musik\/#primaryimage\",\"url\":\"https:\/\/www.patrick-koglin.com\/wp-content\/uploads\/2026\/03\/grafik-65-1024x442.png\",\"contentUrl\":\"https:\/\/www.patrick-koglin.com\/wp-content\/uploads\/2026\/03\/grafik-65-1024x442.png\"},{\"@type\":\"BreadcrumbList\",\"@id\":\"https:\/\/www.patrick-koglin.com\/musik\/#breadcrumb\",\"itemListElement\":[{\"@type\":\"ListItem\",\"position\":1,\"name\":\"Startseite\",\"item\":\"https:\/\/www.patrick-koglin.com\/\"},{\"@type\":\"ListItem\",\"position\":2,\"name\":\"Musik\"}]},{\"@type\":\"WebSite\",\"@id\":\"https:\/\/www.patrick-koglin.com\/#website\",\"url\":\"https:\/\/www.patrick-koglin.com\/\",\"name\":\"PK Coaching - Patrick Koglin Unternehmensgruppe\",\"description\":\"PK Coaching, Business-Design &amp; Development\",\"publisher\":{\"@id\":\"https:\/\/www.patrick-koglin.com\/#organization\"},\"potentialAction\":[{\"@type\":\"SearchAction\",\"target\":{\"@type\":\"EntryPoint\",\"urlTemplate\":\"https:\/\/www.patrick-koglin.com\/?s={search_term_string}\"},\"query-input\":{\"@type\":\"PropertyValueSpecification\",\"valueRequired\":true,\"valueName\":\"search_term_string\"}}],\"inLanguage\":\"en-US\"},{\"@type\":\"Organization\",\"@id\":\"https:\/\/www.patrick-koglin.com\/#organization\",\"name\":\"Patrick Koglin | CEO von PK Coaching\",\"url\":\"https:\/\/www.patrick-koglin.com\/\",\"logo\":{\"@type\":\"ImageObject\",\"inLanguage\":\"en-US\",\"@id\":\"https:\/\/www.patrick-koglin.com\/#\/schema\/logo\/image\/\",\"url\":\"https:\/\/www.patrick-koglin.com\/wp-content\/uploads\/2025\/07\/cropped-PK16.png\",\"contentUrl\":\"https:\/\/www.patrick-koglin.com\/wp-content\/uploads\/2025\/07\/cropped-PK16.png\",\"width\":619,\"height\":287,\"caption\":\"Patrick Koglin | CEO von PK Coaching\"},\"image\":{\"@id\":\"https:\/\/www.patrick-koglin.com\/#\/schema\/logo\/image\/\"},\"sameAs\":[\"https:\/\/www.facebook.com\/profile.php?id=61566852463657\"]}]}<\/script>\n<!-- \/ Yoast SEO plugin. -->","yoast_head_json":{"title":"Musik - Patrick Koglin","robots":{"index":"index","follow":"follow","max-snippet":"max-snippet:-1","max-image-preview":"max-image-preview:large","max-video-preview":"max-video-preview:-1"},"canonical":"https:\/\/www.patrick-koglin.com\/en\/musik\/","og_locale":"en_US","og_type":"article","og_title":"Musik - Patrick Koglin","og_description":"Patrick Koglin produziert seit 12\/2025 mit einem kleinen Team aus Songwritern, KI-Entwicklern, Anw\u00e4lten und Musikern eigene Songs, Singles und Alben unter dem selbst gegr\u00fcndeten Musiklabel &#8222;PK Music Productions&#8220;. 3 Musikprojekte, \u00fcber 30 Alben mit mehr als 500 Songs Unter dem Label &#8222;PK Music Productions&#8220; sind bisher 3 Musikprojekte entstanden, unter anderem PKH Pulse mit House-Rap-Musik ... Read more","og_url":"https:\/\/www.patrick-koglin.com\/en\/musik\/","og_site_name":"Patrick Koglin","article_publisher":"https:\/\/www.facebook.com\/profile.php?id=61566852463657","article_modified_time":"2026-05-12T00:59:00+00:00","og_image":[{"width":2000,"height":864,"url":"https:\/\/www.patrick-koglin.com\/wp-content\/uploads\/2026\/03\/grafik-65.png","type":"image\/png"}],"twitter_card":"summary_large_image","twitter_misc":{"Est. reading time":"2 minutes"},"schema":{"@context":"https:\/\/schema.org","@graph":[{"@type":"WebPage","@id":"https:\/\/www.patrick-koglin.com\/musik\/","url":"https:\/\/www.patrick-koglin.com\/musik\/","name":"Musik - Patrick Koglin","isPartOf":{"@id":"https:\/\/www.patrick-koglin.com\/#website"},"primaryImageOfPage":{"@id":"https:\/\/www.patrick-koglin.com\/musik\/#primaryimage"},"image":{"@id":"https:\/\/www.patrick-koglin.com\/musik\/#primaryimage"},"thumbnailUrl":"https:\/\/www.patrick-koglin.com\/wp-content\/uploads\/2026\/03\/grafik-65-1024x442.png","datePublished":"2025-12-29T14:47:59+00:00","dateModified":"2026-05-12T00:59:00+00:00","breadcrumb":{"@id":"https:\/\/www.patrick-koglin.com\/musik\/#breadcrumb"},"inLanguage":"en-US","potentialAction":[{"@type":"ReadAction","target":["https:\/\/www.patrick-koglin.com\/musik\/"]}]},{"@type":"ImageObject","inLanguage":"en-US","@id":"https:\/\/www.patrick-koglin.com\/musik\/#primaryimage","url":"https:\/\/www.patrick-koglin.com\/wp-content\/uploads\/2026\/03\/grafik-65-1024x442.png","contentUrl":"https:\/\/www.patrick-koglin.com\/wp-content\/uploads\/2026\/03\/grafik-65-1024x442.png"},{"@type":"BreadcrumbList","@id":"https:\/\/www.patrick-koglin.com\/musik\/#breadcrumb","itemListElement":[{"@type":"ListItem","position":1,"name":"Startseite","item":"https:\/\/www.patrick-koglin.com\/"},{"@type":"ListItem","position":2,"name":"Musik"}]},{"@type":"WebSite","@id":"https:\/\/www.patrick-koglin.com\/#website","url":"https:\/\/www.patrick-koglin.com\/","name":"PK Coaching - Patrick Koglin Unternehmensgruppe","description":"PK Coaching, Business-Design &amp; Development","publisher":{"@id":"https:\/\/www.patrick-koglin.com\/#organization"},"potentialAction":[{"@type":"SearchAction","target":{"@type":"EntryPoint","urlTemplate":"https:\/\/www.patrick-koglin.com\/?s={search_term_string}"},"query-input":{"@type":"PropertyValueSpecification","valueRequired":true,"valueName":"search_term_string"}}],"inLanguage":"en-US"},{"@type":"Organization","@id":"https:\/\/www.patrick-koglin.com\/#organization","name":"Patrick Koglin | CEO von PK Coaching","url":"https:\/\/www.patrick-koglin.com\/","logo":{"@type":"ImageObject","inLanguage":"en-US","@id":"https:\/\/www.patrick-koglin.com\/#\/schema\/logo\/image\/","url":"https:\/\/www.patrick-koglin.com\/wp-content\/uploads\/2025\/07\/cropped-PK16.png","contentUrl":"https:\/\/www.patrick-koglin.com\/wp-content\/uploads\/2025\/07\/cropped-PK16.png","width":619,"height":287,"caption":"Patrick Koglin | CEO von PK Coaching"},"image":{"@id":"https:\/\/www.patrick-koglin.com\/#\/schema\/logo\/image\/"},"sameAs":["https:\/\/www.facebook.com\/profile.php?id=61566852463657"]}]}},"_links":{"self":[{"href":"https:\/\/www.patrick-koglin.com\/en\/wp-json\/wp\/v2\/pages\/8220","targetHints":{"allow":["GET"]}}],"collection":[{"href":"https:\/\/www.patrick-koglin.com\/en\/wp-json\/wp\/v2\/pages"}],"about":[{"href":"https:\/\/www.patrick-koglin.com\/en\/wp-json\/wp\/v2\/types\/page"}],"author":[{"embeddable":true,"href":"https:\/\/www.patrick-koglin.com\/en\/wp-json\/wp\/v2\/users\/1"}],"replies":[{"embeddable":true,"href":"https:\/\/www.patrick-koglin.com\/en\/wp-json\/wp\/v2\/comments?post=8220"}],"version-history":[{"count":57,"href":"https:\/\/www.patrick-koglin.com\/en\/wp-json\/wp\/v2\/pages\/8220\/revisions"}],"predecessor-version":[{"id":15428,"href":"https:\/\/www.patrick-koglin.com\/en\/wp-json\/wp\/v2\/pages\/8220\/revisions\/15428"}],"wp:attachment":[{"href":"https:\/\/www.patrick-koglin.com\/en\/wp-json\/wp\/v2\/media?parent=8220"}],"curies":[{"name":"wp","href":"https:\/\/api.w.org\/{rel}","templated":true}]}}