{"id":8260,"date":"2026-01-02T18:04:34","date_gmt":"2026-01-02T17:04:34","guid":{"rendered":"https:\/\/www.patrick-koglin.com\/?page_id=8260"},"modified":"2026-05-12T00:10:46","modified_gmt":"2026-05-11T22:10:46","slug":"pk-music-productions","status":"publish","type":"page","link":"https:\/\/www.patrick-koglin.com\/en\/musik\/pk-music-productions\/","title":{"rendered":"PK Music Productions"},"content":{"rendered":"<p>Musik-Label, 2025 gegr\u00fcndet von Patrick Koglin.<\/p>\n\n\n\n<p><strong>Musikrichtung:<\/strong> Hip Hop \/ R &amp; B &#8211; Rap (deutsch \/ englisch)<br><strong>Prim\u00e4re Musikanbieter: <\/strong><a href=\"https:\/\/www.patrick-koglin.com\/en\/appleMusic\/\">Apple Music<\/a>, <a href=\"https:\/\/www.patrick-koglin.com\/en\/youtubeMusic\/\">Youtube Music<\/a>, <a href=\"https:\/\/www.patrick-koglin.com\/en\/spotify\/\">Spotify<\/a><\/p>\n\n\n\n<p><em>Musik<\/em>, <em>Cover<\/em>, <em>Beats<\/em>, <em>Geschichten<\/em>&nbsp;und <em>Texte<\/em> generiert mit&nbsp;<em>KI<\/em>.<\/p>\n\n\n\n<hr class=\"wp-block-separator has-alpha-channel-opacity\"\/>\n\n\n\n<h2 class=\"wp-block-heading\">Neuste Alben<\/h2>\n\n\n\n<div class=\"wp-block-columns is-layout-flex wp-container-core-columns-is-layout-9d6595d7 wp-block-columns-is-layout-flex\">\n<div class=\"wp-block-column is-layout-flow wp-block-column-is-layout-flow\">\n<figure class=\"wp-block-image size-large\"><a href=\"https:\/\/www.patrick-koglin.com\/en\/musik\/pk-music-productions\/alben\/make-change-work\/\"><img fetchpriority=\"high\" decoding=\"async\" width=\"1024\" height=\"1024\" src=\"https:\/\/www.patrick-koglin.com\/wp-content\/uploads\/2026\/05\/Album-Cover-Make.Change.Work_-1024x1024.png\" alt=\"Albumcover &quot;Make. Change. Work&quot;\" class=\"wp-image-15116\" srcset=\"https:\/\/www.patrick-koglin.com\/wp-content\/uploads\/2026\/05\/Album-Cover-Make.Change.Work_-1024x1024.png 1024w, https:\/\/www.patrick-koglin.com\/wp-content\/uploads\/2026\/05\/Album-Cover-Make.Change.Work_-300x300.png 300w, https:\/\/www.patrick-koglin.com\/wp-content\/uploads\/2026\/05\/Album-Cover-Make.Change.Work_-150x150.png 150w, https:\/\/www.patrick-koglin.com\/wp-content\/uploads\/2026\/05\/Album-Cover-Make.Change.Work_-768x768.png 768w, https:\/\/www.patrick-koglin.com\/wp-content\/uploads\/2026\/05\/Album-Cover-Make.Change.Work_-12x12.png 12w, https:\/\/www.patrick-koglin.com\/wp-content\/uploads\/2026\/05\/Album-Cover-Make.Change.Work_.png 1254w\" sizes=\"(max-width: 1024px) 100vw, 1024px\" \/><\/a><\/figure>\n<\/div>\n\n\n\n<div class=\"wp-block-column is-layout-flow wp-block-column-is-layout-flow\">\n<figure class=\"wp-block-image size-large\"><img decoding=\"async\" width=\"1024\" height=\"1024\" src=\"https:\/\/www.patrick-koglin.com\/wp-content\/uploads\/2026\/05\/Cover-Die-Antwort-1024x1024.png\" alt=\"\" class=\"wp-image-15215\" srcset=\"https:\/\/www.patrick-koglin.com\/wp-content\/uploads\/2026\/05\/Cover-Die-Antwort-1024x1024.png 1024w, https:\/\/www.patrick-koglin.com\/wp-content\/uploads\/2026\/05\/Cover-Die-Antwort-300x300.png 300w, https:\/\/www.patrick-koglin.com\/wp-content\/uploads\/2026\/05\/Cover-Die-Antwort-150x150.png 150w, https:\/\/www.patrick-koglin.com\/wp-content\/uploads\/2026\/05\/Cover-Die-Antwort-768x768.png 768w, https:\/\/www.patrick-koglin.com\/wp-content\/uploads\/2026\/05\/Cover-Die-Antwort-12x12.png 12w, https:\/\/www.patrick-koglin.com\/wp-content\/uploads\/2026\/05\/Cover-Die-Antwort.png 1254w\" sizes=\"(max-width: 1024px) 100vw, 1024px\" \/><\/figure>\n<\/div>\n\n\n\n<div class=\"wp-block-column is-layout-flow wp-block-column-is-layout-flow\">\n<figure class=\"wp-block-image size-large\"><a href=\"https:\/\/www.patrick-koglin.com\/en\/musik\/pk-music-productions\/motivation\/\"><img decoding=\"async\" width=\"1024\" height=\"1024\" src=\"https:\/\/www.patrick-koglin.com\/wp-content\/uploads\/2026\/05\/Album-Cover-Motivation-1024x1024.png\" alt=\"\" class=\"wp-image-15416\" srcset=\"https:\/\/www.patrick-koglin.com\/wp-content\/uploads\/2026\/05\/Album-Cover-Motivation-1024x1024.png 1024w, https:\/\/www.patrick-koglin.com\/wp-content\/uploads\/2026\/05\/Album-Cover-Motivation-300x300.png 300w, https:\/\/www.patrick-koglin.com\/wp-content\/uploads\/2026\/05\/Album-Cover-Motivation-150x150.png 150w, https:\/\/www.patrick-koglin.com\/wp-content\/uploads\/2026\/05\/Album-Cover-Motivation-768x768.png 768w, https:\/\/www.patrick-koglin.com\/wp-content\/uploads\/2026\/05\/Album-Cover-Motivation-12x12.png 12w, https:\/\/www.patrick-koglin.com\/wp-content\/uploads\/2026\/05\/Album-Cover-Motivation.png 1254w\" sizes=\"(max-width: 1024px) 100vw, 1024px\" \/><\/a><\/figure>\n<\/div>\n<\/div>\n\n\n\n<p><em>Au\u00dferdem verf\u00fcgbar auf <a href=\"https:\/\/www.patrick-koglin.com\/en\/amazonMusic\/\">Amazon Music<\/a> und vielen weiteren Streaminganbietern. <\/em><br><\/p>\n\n\n\n<hr class=\"wp-block-separator has-alpha-channel-opacity\"\/>\n\n\n\n<h2 class=\"wp-block-heading\">Singles und Alben<\/h2>\n\n\n\n<div class=\"wp-block-columns is-layout-flex wp-container-core-columns-is-layout-9d6595d7 wp-block-columns-is-layout-flex\">\n<div class=\"wp-block-column is-layout-flow wp-block-column-is-layout-flow\"><\/div>\n\n\n\n<div class=\"wp-block-column is-layout-flow wp-block-column-is-layout-flow\">\n<figure class=\"wp-block-image size-large\"><a href=\"https:\/\/www.patrick-koglin.com\/en\/musik\/pk-productions\/release\/album\/neues-album\/liebe-groesse\/\"><img loading=\"lazy\" decoding=\"async\" width=\"1024\" height=\"1024\" src=\"https:\/\/www.patrick-koglin.com\/wp-content\/uploads\/2026\/04\/grafik-11-1024x1024.png\" alt=\"\" class=\"wp-image-12880\" srcset=\"https:\/\/www.patrick-koglin.com\/wp-content\/uploads\/2026\/04\/grafik-11-1024x1024.png 1024w, https:\/\/www.patrick-koglin.com\/wp-content\/uploads\/2026\/04\/grafik-11-300x300.png 300w, https:\/\/www.patrick-koglin.com\/wp-content\/uploads\/2026\/04\/grafik-11-150x150.png 150w, https:\/\/www.patrick-koglin.com\/wp-content\/uploads\/2026\/04\/grafik-11-768x768.png 768w, https:\/\/www.patrick-koglin.com\/wp-content\/uploads\/2026\/04\/grafik-11.png 1254w\" sizes=\"(max-width: 1024px) 100vw, 1024px\" \/><\/a><\/figure>\n<\/div>\n\n\n\n<div class=\"wp-block-column is-layout-flow wp-block-column-is-layout-flow\">\n<figure class=\"wp-block-image size-full\"><a href=\"https:\/\/www.patrick-koglin.com\/en\/musik\/pk-productions\/release\/album\/business\/\"><img loading=\"lazy\" decoding=\"async\" width=\"1024\" height=\"1024\" src=\"https:\/\/www.patrick-koglin.com\/wp-content\/uploads\/2026\/03\/PK-Music-Album-Business-Titelbild.png\" alt=\"\" class=\"wp-image-11762\" srcset=\"https:\/\/www.patrick-koglin.com\/wp-content\/uploads\/2026\/03\/PK-Music-Album-Business-Titelbild.png 1024w, https:\/\/www.patrick-koglin.com\/wp-content\/uploads\/2026\/03\/PK-Music-Album-Business-Titelbild-300x300.png 300w, https:\/\/www.patrick-koglin.com\/wp-content\/uploads\/2026\/03\/PK-Music-Album-Business-Titelbild-150x150.png 150w, https:\/\/www.patrick-koglin.com\/wp-content\/uploads\/2026\/03\/PK-Music-Album-Business-Titelbild-768x768.png 768w\" sizes=\"(max-width: 1024px) 100vw, 1024px\" \/><\/a><\/figure>\n<\/div>\n<\/div>\n\n\n\n<div class=\"wp-block-columns is-layout-flex wp-container-core-columns-is-layout-9d6595d7 wp-block-columns-is-layout-flex\">\n<div class=\"wp-block-column is-layout-flow wp-block-column-is-layout-flow\">\n<figure class=\"wp-block-image size-full\"><a href=\"https:\/\/www.patrick-koglin.com\/en\/musik\/pk-productions\/release\/album\/alles-auf-einen-traum\/\"><img loading=\"lazy\" decoding=\"async\" width=\"1024\" height=\"1024\" src=\"https:\/\/www.patrick-koglin.com\/wp-content\/uploads\/2026\/01\/Cover-Album-Alles-auf-einen-Traum.png\" alt=\"\" class=\"wp-image-8674\" srcset=\"https:\/\/www.patrick-koglin.com\/wp-content\/uploads\/2026\/01\/Cover-Album-Alles-auf-einen-Traum.png 1024w, https:\/\/www.patrick-koglin.com\/wp-content\/uploads\/2026\/01\/Cover-Album-Alles-auf-einen-Traum-300x300.png 300w, https:\/\/www.patrick-koglin.com\/wp-content\/uploads\/2026\/01\/Cover-Album-Alles-auf-einen-Traum-150x150.png 150w, https:\/\/www.patrick-koglin.com\/wp-content\/uploads\/2026\/01\/Cover-Album-Alles-auf-einen-Traum-768x768.png 768w\" sizes=\"(max-width: 1024px) 100vw, 1024px\" \/><\/a><\/figure>\n<\/div>\n\n\n\n<div class=\"wp-block-column is-layout-flow wp-block-column-is-layout-flow\">\n<figure class=\"wp-block-image size-large\"><a href=\"https:\/\/www.patrick-koglin.com\/en\/musik\/pk-productions\/release\/album\/kein-liebeslied\/\"><img loading=\"lazy\" decoding=\"async\" width=\"1024\" height=\"1024\" src=\"https:\/\/www.patrick-koglin.com\/wp-content\/uploads\/2026\/01\/Kein-Liebeslied-Album-Cover-1024x1024.jpg\" alt=\"\" class=\"wp-image-8920\" srcset=\"https:\/\/www.patrick-koglin.com\/wp-content\/uploads\/2026\/01\/Kein-Liebeslied-Album-Cover-1024x1024.jpg 1024w, https:\/\/www.patrick-koglin.com\/wp-content\/uploads\/2026\/01\/Kein-Liebeslied-Album-Cover-300x300.jpg 300w, https:\/\/www.patrick-koglin.com\/wp-content\/uploads\/2026\/01\/Kein-Liebeslied-Album-Cover-150x150.jpg 150w, https:\/\/www.patrick-koglin.com\/wp-content\/uploads\/2026\/01\/Kein-Liebeslied-Album-Cover-768x768.jpg 768w, https:\/\/www.patrick-koglin.com\/wp-content\/uploads\/2026\/01\/Kein-Liebeslied-Album-Cover-1536x1536.jpg 1536w, https:\/\/www.patrick-koglin.com\/wp-content\/uploads\/2026\/01\/Kein-Liebeslied-Album-Cover.jpg 2000w\" sizes=\"(max-width: 1024px) 100vw, 1024px\" \/><\/a><\/figure>\n<\/div>\n\n\n\n<div class=\"wp-block-column is-layout-flow wp-block-column-is-layout-flow\">\n<figure class=\"wp-block-image size-full\"><a href=\"https:\/\/www.patrick-koglin.com\/en\/musik\/pk-productions\/single\/upgrade-das-system\/\"><img loading=\"lazy\" decoding=\"async\" width=\"1024\" height=\"1024\" src=\"https:\/\/www.patrick-koglin.com\/wp-content\/uploads\/2026\/02\/PK-Prod-Upgrade-das-System-Single-Cover.png\" alt=\"\" class=\"wp-image-9867\" srcset=\"https:\/\/www.patrick-koglin.com\/wp-content\/uploads\/2026\/02\/PK-Prod-Upgrade-das-System-Single-Cover.png 1024w, https:\/\/www.patrick-koglin.com\/wp-content\/uploads\/2026\/02\/PK-Prod-Upgrade-das-System-Single-Cover-300x300.png 300w, https:\/\/www.patrick-koglin.com\/wp-content\/uploads\/2026\/02\/PK-Prod-Upgrade-das-System-Single-Cover-150x150.png 150w, https:\/\/www.patrick-koglin.com\/wp-content\/uploads\/2026\/02\/PK-Prod-Upgrade-das-System-Single-Cover-768x768.png 768w\" sizes=\"(max-width: 1024px) 100vw, 1024px\" \/><\/a><\/figure>\n<\/div>\n<\/div>\n\n\n\n<hr class=\"wp-block-separator has-alpha-channel-opacity\"\/>\n\n\n\n<h2 class=\"wp-block-heading\">Gesamt\u00fcbersicht (Auswahl)<\/h2>\n\n\n\n<h3 class=\"wp-block-heading\">Alben<\/h3>\n\n\n\n<p>Alphabetisch sortiert<\/p>\n\n\n\n<ul class=\"wp-block-list\">\n<li><a href=\"https:\/\/www.patrick-koglin.com\/en\/musik\/pk-productions\/release\/album\/alles-auf-einen-traum\/\">Alles auf einen Traum<\/a><\/li>\n\n\n\n<li><a href=\"https:\/\/www.patrick-koglin.com\/en\/musik\/pk-productions\/release\/album\/business\/\">Business<\/a><\/li>\n\n\n\n<li><a href=\"https:\/\/www.patrick-koglin.com\/en\/musik\/pk-productions\/release\/album\/chaosland\/\">Chaosland<\/a><\/li>\n\n\n\n<li><a href=\"https:\/\/www.patrick-koglin.com\/en\/musik\/pk-productions\/release\/album\/comeback-baby\/\">Comeback<\/a> (<em>in Vorbereitung<\/em>)<\/li>\n\n\n\n<li><a href=\"https:\/\/www.patrick-koglin.com\/en\/musik\/pk-music-productions\/alben\/die-antwort\/\">Die Antwort<\/a><\/li>\n\n\n\n<li><a href=\"https:\/\/www.patrick-koglin.com\/en\/musik\/pk-productions\/release\/album\/gegen-euren-film\/\">Gegen euren Film<\/a><\/li>\n\n\n\n<li><a href=\"https:\/\/www.patrick-koglin.com\/en\/musik\/pk-productions\/release\/hinter-sich-lassen\/\">Hinter sich lassen<\/a><\/li>\n\n\n\n<li><a href=\"https:\/\/www.patrick-koglin.com\/en\/musik\/pk-productions\/release\/album\/kein-liebeslied\/\">Kein Liebeslied<\/a><\/li>\n\n\n\n<li><a href=\"https:\/\/www.patrick-koglin.com\/en\/musik\/pk-productions\/release\/album\/neues-album\/liebe-groesse\/\">Liebe Gr\u00f6\u00dfe<\/a><\/li>\n\n\n\n<li><a href=\"https:\/\/www.patrick-koglin.com\/en\/musik\/pk-productions\/release\/album\/neues-album\/\">Neues Album<\/a><\/li>\n\n\n\n<li><a href=\"https:\/\/www.patrick-koglin.com\/en\/musik\/pk-productions\/release\/album\/nicht-zu\/\">Nicht zu<\/a> <\/li>\n\n\n\n<li>Schule (<em>in Vorbereitung<\/em>)<\/li>\n\n\n\n<li><a href=\"https:\/\/www.patrick-koglin.com\/en\/musik\/pk-productions\/release\/album\/reportagezahlungen\/\">Reportagzahlungen<\/a><\/li>\n\n\n\n<li><a href=\"https:\/\/www.patrick-koglin.com\/en\/8759-2\/\">8759-2<\/a><\/li>\n<\/ul>\n\n\n\n<h3 class=\"wp-block-heading\">Singles<\/h3>\n\n\n\n<ul class=\"wp-block-list\">\n<li><a href=\"https:\/\/www.patrick-koglin.com\/en\/musik\/pk-productions\/single\/upgrade-das-system\/\">Upgrade das System<\/a><\/li>\n<\/ul>\n\n\n\n<p><strong>Eine aktuelle und vollst\u00e4ndige Alben-Liste von PK Music ist <a href=\"https:\/\/www.patrick-koglin.com\/en\/musik\/alben\/chronologisch-sortiert\/\">hier<\/a> zu finden: <\/strong><br><a href=\"https:\/\/www.patrick-koglin.com\/en\/musik\/alben\/chronologisch-sortiert\/\">Chronologisch sortiert <\/a>oder Alben <a href=\"https:\/\/www.patrick-koglin.com\/en\/musik\/alben\/chronologisch-sortiert\/\">alphabetisch sortiert<\/a><\/p>","protected":false},"excerpt":{"rendered":"<p>Musik-Label, 2025 gegr\u00fcndet von Patrick Koglin. Musikrichtung: Hip Hop \/ R &amp; B &#8211; Rap (deutsch \/ englisch)Prim\u00e4re Musikanbieter: Apple Music, Youtube Music, Spotify Musik, Cover, Beats, Geschichten&nbsp;und Texte generiert mit&nbsp;KI. Neuste Alben Au\u00dferdem verf\u00fcgbar auf Amazon Music und vielen weiteren Streaminganbietern. Singles und Alben Gesamt\u00fcbersicht (Auswahl) Alben Alphabetisch sortiert Singles Eine aktuelle und vollst\u00e4ndige &#8230; <a title=\"PK Music Productions\" class=\"read-more\" href=\"https:\/\/www.patrick-koglin.com\/en\/musik\/pk-music-productions\/\" aria-label=\"Read more about PK Music Productions\">Read more<\/a><\/p>","protected":false},"author":1,"featured_media":0,"parent":8220,"menu_order":0,"comment_status":"closed","ping_status":"closed","template":"","meta":{"footnotes":""},"class_list":["post-8260","page","type-page","status-publish"],"yoast_head":"<!-- This site is optimized with the Yoast SEO plugin v25.8 - https:\/\/yoast.com\/wordpress\/plugins\/seo\/ -->\n<title>PK Music Productions - Patrick Koglin<\/title>\n<meta name=\"robots\" content=\"index, follow, max-snippet:-1, max-image-preview:large, max-video-preview:-1\" \/>\n<link rel=\"canonical\" href=\"https:\/\/www.patrick-koglin.com\/en\/musik\/pk-music-productions\/\" \/>\n<meta property=\"og:locale\" content=\"en_US\" \/>\n<meta property=\"og:type\" content=\"article\" \/>\n<meta property=\"og:title\" content=\"PK Music Productions - Patrick Koglin\" \/>\n<meta property=\"og:description\" content=\"Musik-Label, 2025 gegr\u00fcndet von Patrick Koglin. Musikrichtung: Hip Hop \/ R &amp; B &#8211; Rap (deutsch \/ englisch)Prim\u00e4re Musikanbieter: Apple Music, Youtube Music, Spotify Musik, Cover, Beats, Geschichten&nbsp;und Texte generiert mit&nbsp;KI. Neuste Alben Au\u00dferdem verf\u00fcgbar auf Amazon Music und vielen weiteren Streaminganbietern. Singles und Alben Gesamt\u00fcbersicht (Auswahl) Alben Alphabetisch sortiert Singles Eine aktuelle und vollst\u00e4ndige ... Read more\" \/>\n<meta property=\"og:url\" content=\"https:\/\/www.patrick-koglin.com\/en\/musik\/pk-music-productions\/\" \/>\n<meta property=\"og:site_name\" content=\"Patrick Koglin\" \/>\n<meta property=\"article:publisher\" content=\"https:\/\/www.facebook.com\/profile.php?id=61566852463657\" \/>\n<meta property=\"article:modified_time\" content=\"2026-05-11T22:10:46+00:00\" \/>\n<meta property=\"og:image\" content=\"https:\/\/www.patrick-koglin.com\/wp-content\/uploads\/2026\/05\/Album-Cover-Make.Change.Work_.png\" \/>\n\t<meta property=\"og:image:width\" content=\"1254\" \/>\n\t<meta property=\"og:image:height\" content=\"1254\" \/>\n\t<meta property=\"og:image:type\" content=\"image\/png\" \/>\n<meta name=\"twitter:card\" content=\"summary_large_image\" \/>\n<meta name=\"twitter:label1\" content=\"Est. reading time\" \/>\n\t<meta name=\"twitter:data1\" content=\"3 minutes\" \/>\n<script type=\"application\/ld+json\" class=\"yoast-schema-graph\">{\"@context\":\"https:\/\/schema.org\",\"@graph\":[{\"@type\":\"WebPage\",\"@id\":\"https:\/\/www.patrick-koglin.com\/musik\/pk-music-productions\/\",\"url\":\"https:\/\/www.patrick-koglin.com\/musik\/pk-music-productions\/\",\"name\":\"PK Music Productions - Patrick Koglin\",\"isPartOf\":{\"@id\":\"https:\/\/www.patrick-koglin.com\/#website\"},\"primaryImageOfPage\":{\"@id\":\"https:\/\/www.patrick-koglin.com\/musik\/pk-music-productions\/#primaryimage\"},\"image\":{\"@id\":\"https:\/\/www.patrick-koglin.com\/musik\/pk-music-productions\/#primaryimage\"},\"thumbnailUrl\":\"https:\/\/www.patrick-koglin.com\/wp-content\/uploads\/2026\/05\/Album-Cover-Make.Change.Work_-1024x1024.png\",\"datePublished\":\"2026-01-02T17:04:34+00:00\",\"dateModified\":\"2026-05-11T22:10:46+00:00\",\"breadcrumb\":{\"@id\":\"https:\/\/www.patrick-koglin.com\/musik\/pk-music-productions\/#breadcrumb\"},\"inLanguage\":\"en-US\",\"potentialAction\":[{\"@type\":\"ReadAction\",\"target\":[\"https:\/\/www.patrick-koglin.com\/musik\/pk-music-productions\/\"]}]},{\"@type\":\"ImageObject\",\"inLanguage\":\"en-US\",\"@id\":\"https:\/\/www.patrick-koglin.com\/musik\/pk-music-productions\/#primaryimage\",\"url\":\"https:\/\/www.patrick-koglin.com\/wp-content\/uploads\/2026\/05\/Album-Cover-Make.Change.Work_-1024x1024.png\",\"contentUrl\":\"https:\/\/www.patrick-koglin.com\/wp-content\/uploads\/2026\/05\/Album-Cover-Make.Change.Work_-1024x1024.png\"},{\"@type\":\"BreadcrumbList\",\"@id\":\"https:\/\/www.patrick-koglin.com\/musik\/pk-music-productions\/#breadcrumb\",\"itemListElement\":[{\"@type\":\"ListItem\",\"position\":1,\"name\":\"Startseite\",\"item\":\"https:\/\/www.patrick-koglin.com\/\"},{\"@type\":\"ListItem\",\"position\":2,\"name\":\"Musik\",\"item\":\"https:\/\/www.patrick-koglin.com\/musik\/\"},{\"@type\":\"ListItem\",\"position\":3,\"name\":\"PK Music Productions\"}]},{\"@type\":\"WebSite\",\"@id\":\"https:\/\/www.patrick-koglin.com\/#website\",\"url\":\"https:\/\/www.patrick-koglin.com\/\",\"name\":\"PK Coaching - Patrick Koglin Unternehmensgruppe\",\"description\":\"PK Coaching, Business-Design &amp; Development\",\"publisher\":{\"@id\":\"https:\/\/www.patrick-koglin.com\/#organization\"},\"potentialAction\":[{\"@type\":\"SearchAction\",\"target\":{\"@type\":\"EntryPoint\",\"urlTemplate\":\"https:\/\/www.patrick-koglin.com\/?s={search_term_string}\"},\"query-input\":{\"@type\":\"PropertyValueSpecification\",\"valueRequired\":true,\"valueName\":\"search_term_string\"}}],\"inLanguage\":\"en-US\"},{\"@type\":\"Organization\",\"@id\":\"https:\/\/www.patrick-koglin.com\/#organization\",\"name\":\"Patrick Koglin | CEO von PK Coaching\",\"url\":\"https:\/\/www.patrick-koglin.com\/\",\"logo\":{\"@type\":\"ImageObject\",\"inLanguage\":\"en-US\",\"@id\":\"https:\/\/www.patrick-koglin.com\/#\/schema\/logo\/image\/\",\"url\":\"https:\/\/www.patrick-koglin.com\/wp-content\/uploads\/2025\/07\/cropped-PK16.png\",\"contentUrl\":\"https:\/\/www.patrick-koglin.com\/wp-content\/uploads\/2025\/07\/cropped-PK16.png\",\"width\":619,\"height\":287,\"caption\":\"Patrick Koglin | CEO von PK Coaching\"},\"image\":{\"@id\":\"https:\/\/www.patrick-koglin.com\/#\/schema\/logo\/image\/\"},\"sameAs\":[\"https:\/\/www.facebook.com\/profile.php?id=61566852463657\"]}]}<\/script>\n<!-- \/ Yoast SEO plugin. -->","yoast_head_json":{"title":"PK Music Productions - Patrick Koglin","robots":{"index":"index","follow":"follow","max-snippet":"max-snippet:-1","max-image-preview":"max-image-preview:large","max-video-preview":"max-video-preview:-1"},"canonical":"https:\/\/www.patrick-koglin.com\/en\/musik\/pk-music-productions\/","og_locale":"en_US","og_type":"article","og_title":"PK Music Productions - Patrick Koglin","og_description":"Musik-Label, 2025 gegr\u00fcndet von Patrick Koglin. Musikrichtung: Hip Hop \/ R &amp; B &#8211; Rap (deutsch \/ englisch)Prim\u00e4re Musikanbieter: Apple Music, Youtube Music, Spotify Musik, Cover, Beats, Geschichten&nbsp;und Texte generiert mit&nbsp;KI. Neuste Alben Au\u00dferdem verf\u00fcgbar auf Amazon Music und vielen weiteren Streaminganbietern. Singles und Alben Gesamt\u00fcbersicht (Auswahl) Alben Alphabetisch sortiert Singles Eine aktuelle und vollst\u00e4ndige ... Read more","og_url":"https:\/\/www.patrick-koglin.com\/en\/musik\/pk-music-productions\/","og_site_name":"Patrick Koglin","article_publisher":"https:\/\/www.facebook.com\/profile.php?id=61566852463657","article_modified_time":"2026-05-11T22:10:46+00:00","og_image":[{"width":1254,"height":1254,"url":"https:\/\/www.patrick-koglin.com\/wp-content\/uploads\/2026\/05\/Album-Cover-Make.Change.Work_.png","type":"image\/png"}],"twitter_card":"summary_large_image","twitter_misc":{"Est. reading time":"3 minutes"},"schema":{"@context":"https:\/\/schema.org","@graph":[{"@type":"WebPage","@id":"https:\/\/www.patrick-koglin.com\/musik\/pk-music-productions\/","url":"https:\/\/www.patrick-koglin.com\/musik\/pk-music-productions\/","name":"PK Music Productions - Patrick Koglin","isPartOf":{"@id":"https:\/\/www.patrick-koglin.com\/#website"},"primaryImageOfPage":{"@id":"https:\/\/www.patrick-koglin.com\/musik\/pk-music-productions\/#primaryimage"},"image":{"@id":"https:\/\/www.patrick-koglin.com\/musik\/pk-music-productions\/#primaryimage"},"thumbnailUrl":"https:\/\/www.patrick-koglin.com\/wp-content\/uploads\/2026\/05\/Album-Cover-Make.Change.Work_-1024x1024.png","datePublished":"2026-01-02T17:04:34+00:00","dateModified":"2026-05-11T22:10:46+00:00","breadcrumb":{"@id":"https:\/\/www.patrick-koglin.com\/musik\/pk-music-productions\/#breadcrumb"},"inLanguage":"en-US","potentialAction":[{"@type":"ReadAction","target":["https:\/\/www.patrick-koglin.com\/musik\/pk-music-productions\/"]}]},{"@type":"ImageObject","inLanguage":"en-US","@id":"https:\/\/www.patrick-koglin.com\/musik\/pk-music-productions\/#primaryimage","url":"https:\/\/www.patrick-koglin.com\/wp-content\/uploads\/2026\/05\/Album-Cover-Make.Change.Work_-1024x1024.png","contentUrl":"https:\/\/www.patrick-koglin.com\/wp-content\/uploads\/2026\/05\/Album-Cover-Make.Change.Work_-1024x1024.png"},{"@type":"BreadcrumbList","@id":"https:\/\/www.patrick-koglin.com\/musik\/pk-music-productions\/#breadcrumb","itemListElement":[{"@type":"ListItem","position":1,"name":"Startseite","item":"https:\/\/www.patrick-koglin.com\/"},{"@type":"ListItem","position":2,"name":"Musik","item":"https:\/\/www.patrick-koglin.com\/musik\/"},{"@type":"ListItem","position":3,"name":"PK Music Productions"}]},{"@type":"WebSite","@id":"https:\/\/www.patrick-koglin.com\/#website","url":"https:\/\/www.patrick-koglin.com\/","name":"PK Coaching - Patrick Koglin Unternehmensgruppe","description":"PK Coaching, Business-Design &amp; Development","publisher":{"@id":"https:\/\/www.patrick-koglin.com\/#organization"},"potentialAction":[{"@type":"SearchAction","target":{"@type":"EntryPoint","urlTemplate":"https:\/\/www.patrick-koglin.com\/?s={search_term_string}"},"query-input":{"@type":"PropertyValueSpecification","valueRequired":true,"valueName":"search_term_string"}}],"inLanguage":"en-US"},{"@type":"Organization","@id":"https:\/\/www.patrick-koglin.com\/#organization","name":"Patrick Koglin | CEO von PK Coaching","url":"https:\/\/www.patrick-koglin.com\/","logo":{"@type":"ImageObject","inLanguage":"en-US","@id":"https:\/\/www.patrick-koglin.com\/#\/schema\/logo\/image\/","url":"https:\/\/www.patrick-koglin.com\/wp-content\/uploads\/2025\/07\/cropped-PK16.png","contentUrl":"https:\/\/www.patrick-koglin.com\/wp-content\/uploads\/2025\/07\/cropped-PK16.png","width":619,"height":287,"caption":"Patrick Koglin | CEO von PK Coaching"},"image":{"@id":"https:\/\/www.patrick-koglin.com\/#\/schema\/logo\/image\/"},"sameAs":["https:\/\/www.facebook.com\/profile.php?id=61566852463657"]}]}},"_links":{"self":[{"href":"https:\/\/www.patrick-koglin.com\/en\/wp-json\/wp\/v2\/pages\/8260","targetHints":{"allow":["GET"]}}],"collection":[{"href":"https:\/\/www.patrick-koglin.com\/en\/wp-json\/wp\/v2\/pages"}],"about":[{"href":"https:\/\/www.patrick-koglin.com\/en\/wp-json\/wp\/v2\/types\/page"}],"author":[{"embeddable":true,"href":"https:\/\/www.patrick-koglin.com\/en\/wp-json\/wp\/v2\/users\/1"}],"replies":[{"embeddable":true,"href":"https:\/\/www.patrick-koglin.com\/en\/wp-json\/wp\/v2\/comments?post=8260"}],"version-history":[{"count":43,"href":"https:\/\/www.patrick-koglin.com\/en\/wp-json\/wp\/v2\/pages\/8260\/revisions"}],"predecessor-version":[{"id":15421,"href":"https:\/\/www.patrick-koglin.com\/en\/wp-json\/wp\/v2\/pages\/8260\/revisions\/15421"}],"up":[{"embeddable":true,"href":"https:\/\/www.patrick-koglin.com\/en\/wp-json\/wp\/v2\/pages\/8220"}],"wp:attachment":[{"href":"https:\/\/www.patrick-koglin.com\/en\/wp-json\/wp\/v2\/media?parent=8260"}],"curies":[{"name":"wp","href":"https:\/\/api.w.org\/{rel}","templated":true}]}}