{"id":8446,"date":"2026-01-18T06:42:59","date_gmt":"2026-01-18T05:42:59","guid":{"rendered":"https:\/\/www.patrick-koglin.com\/?page_id=8446"},"modified":"2026-01-18T06:43:01","modified_gmt":"2026-01-18T05:43:01","slug":"gegen-euren-film","status":"publish","type":"page","link":"https:\/\/www.patrick-koglin.com\/en\/musik\/pk-music-productions\/song__trashed\/gegen-euren-film\/","title":{"rendered":"Gegen euren Film"},"content":{"rendered":"\n<figure class=\"wp-block-image size-full is-resized\"><img fetchpriority=\"high\" decoding=\"async\" width=\"1024\" height=\"1024\" src=\"https:\/\/www.patrick-koglin.com\/wp-content\/uploads\/2026\/01\/grafik-8.png\" alt=\"\" class=\"wp-image-8447\" style=\"width:303px;height:auto\" srcset=\"https:\/\/www.patrick-koglin.com\/wp-content\/uploads\/2026\/01\/grafik-8.png 1024w, https:\/\/www.patrick-koglin.com\/wp-content\/uploads\/2026\/01\/grafik-8-300x300.png 300w, https:\/\/www.patrick-koglin.com\/wp-content\/uploads\/2026\/01\/grafik-8-150x150.png 150w, https:\/\/www.patrick-koglin.com\/wp-content\/uploads\/2026\/01\/grafik-8-768x768.png 768w\" sizes=\"(max-width: 1024px) 100vw, 1024px\" \/><\/figure>\n\n\n\n<p>[Intro]<br>Ihr nennt das Leistung?<br>Ich nenn das L\u00fcge<br>Gegen euren Film<\/p>\n\n\n\n<p>[Verse 1]<br>Ihr erbt euch frei, nennt es dann Flei\u00df<br>Redet von Hustle, doch meint eigentlich Schweig<br>Tauscht alte Kontakte, verschickt leere Komplimente<br>Aber lasst jede Info hinter tausend dicken W\u00e4nden<\/p>\n\n\n\n<p>&#8222;Das muss man sich verdienen&#8220; \u2013 sagst du und lachst<br>Mit dem goldenen L\u00f6ffel im Mund in der Chefetage nachts<br>Karotte vor der Nase, immer knapp, immer fern<br>Wir rennen im Kreis, du z\u00e4hlst Geld, wir z\u00e4hlen Sterne am Kern<\/p>\n\n\n\n<p>Ihr d\u00e4mpft eure Storys, spielt Erfolg runter, ganz leise<br>&#8222;War auch nur Gl\u00fcck&#8220;, w\u00e4hrend Papa Deals schreibt auf der Reise<br>Nennst dich Selfmade, doch da kleben fremde H\u00e4nde dran<br>Blut in den Bilanzen, ausgebauter Elfenbeinturm, Panorama<\/p>\n\n\n\n<p>[Chorus]<br>Gegen euren Film, eure L\u00fcgen, eure B\u00fchnen<br>Ihr sagt &#8222;Das muss man sich verdienen&#8220;<br>Doch ich seh nur Netzwerke, Ausbeutung, Gier<br>Karotte vor mein Gesicht, doch ich bei\u00df nicht mehr, h\u00f6rst du mich hier?<br>Gegen euren Film, eure Masken, eure Deals<br>Ihr sagt &#8222;Jeder kann es schaffen&#8220; \u2013 ich seh, wie ihr uns spielt<\/p>\n\n\n\n<p>[Verse 2]<br>Du redest von Chancen, wir sehen nur Schranken<br>Du redest von Freiheit, doch meinst nur die Banken<br>Dein Cousin im Aufsichtsrat, dein Onkel im Verein<br>Und du erz\u00e4hlst den Kids im Block, sie m\u00fcssten nur flei\u00dfiger sein<\/p>\n\n\n\n<p>Ihr teilt unter euch, nie mit uns, nie nach unten<br>Fl\u00fcstert euch Geheimnisse, Bonus, Hintert\u00fcren, runde Summen<br>Wir kriegen Praktikum, unbezahlt, nennst es Erfahrung<br>Du reitest auf uns, nennst das dann Markt und Nachfrage-Steigerung<\/p>\n\n\n\n<p>Ihr feiert euch f\u00fcr Spenden, doch die L\u00f6cher habt ihr gerissen<br>Wir zahlen mit Gesundheit, mit Zeit, mit kaputten R\u00fccken<br>Euer Blick von oben kalt, arrogant, \u00fcberheblich<br>&#8222;Jeder ist seines Gl\u00fcckes Schmied&#8220; \u2013 doch ihr klaut uns den Schmiedetisch<\/p>\n\n\n\n<p>[Chorus]<br>Gegen euren Film, eure L\u00fcgen, eure B\u00fchnen<br>Ihr sagt &#8222;Das muss man sich verdienen&#8220;<br>Doch ich seh nur Netzwerke, Ausbeutung, Gier<br>Karotte vor mein Gesicht, doch ich bei\u00df nicht mehr, h\u00f6rst du mich hier?<br>Gegen euren Film, eure Masken, eure Deals<br>Ihr sagt &#8222;Jeder kann es schaffen&#8220; \u2013 ich seh, wie ihr uns spielt<\/p>\n\n\n\n<p>[Bridge]<br>Sag noch mal &#8222;Das muss man sich verdienen&#8220;<br>W\u00e4hrend andere f\u00fcr dein Plus auf dem Konto bluten, frieren<br>Du h\u00e4ngst uns Karotten hin, immer knapp au\u00dferhalb der Reichweite<br>Doch wir rei\u00dfen F\u00e4den raus, zerrei\u00dfen die Leine, neue Zeit, neue Seite<\/p>\n\n\n\n<p>[Chorus]<br>Gegen euren Film, eure L\u00fcgen, eure B\u00fchnen<br>Ihr sagt &#8222;Das muss man sich verdienen&#8220;<br>Doch ich seh nur Netzwerke, Ausbeutung, Gier<br>Karotte vor mein Gesicht, doch ich bei\u00df nicht mehr, h\u00f6rst du mich hier?<br>Gegen euren Film, eure Masken, eure Deals<br>Ihr sagt &#8222;Jeder kann es schaffen&#8220; \u2013 ich seh, wie ihr uns spielt<\/p>\n","protected":false},"excerpt":{"rendered":"<p>[Intro]Ihr nennt das Leistung?Ich nenn das L\u00fcgeGegen euren Film [Verse 1]Ihr erbt euch frei, nennt es dann Flei\u00dfRedet von Hustle, doch meint eigentlich SchweigTauscht alte Kontakte, verschickt leere KomplimenteAber lasst jede Info hinter tausend dicken W\u00e4nden &#8222;Das muss man sich verdienen&#8220; \u2013 sagst du und lachstMit dem goldenen L\u00f6ffel im Mund in der Chefetage nachtsKarotte &#8230; <a title=\"Gegen euren Film\" class=\"read-more\" href=\"https:\/\/www.patrick-koglin.com\/en\/musik\/pk-music-productions\/song__trashed\/gegen-euren-film\/\" aria-label=\"Read more about Gegen euren Film\">Read more<\/a><\/p>\n","protected":false},"author":1,"featured_media":0,"parent":8279,"menu_order":0,"comment_status":"closed","ping_status":"closed","template":"","meta":{"footnotes":""},"class_list":["post-8446","page","type-page","status-publish"],"yoast_head":"<!-- This site is optimized with the Yoast SEO plugin v25.8 - https:\/\/yoast.com\/wordpress\/plugins\/seo\/ -->\n<title>Gegen euren Film - Patrick Koglin<\/title>\n<meta name=\"robots\" content=\"index, follow, max-snippet:-1, max-image-preview:large, max-video-preview:-1\" \/>\n<link rel=\"canonical\" href=\"https:\/\/www.patrick-koglin.com\/en\/musik\/pk-music-productions\/song__trashed\/gegen-euren-film\/\" \/>\n<meta property=\"og:locale\" content=\"en_US\" \/>\n<meta property=\"og:type\" content=\"article\" \/>\n<meta property=\"og:title\" content=\"Gegen euren Film - Patrick Koglin\" \/>\n<meta property=\"og:description\" content=\"[Intro]Ihr nennt das Leistung?Ich nenn das L\u00fcgeGegen euren Film [Verse 1]Ihr erbt euch frei, nennt es dann Flei\u00dfRedet von Hustle, doch meint eigentlich SchweigTauscht alte Kontakte, verschickt leere KomplimenteAber lasst jede Info hinter tausend dicken W\u00e4nden &#8222;Das muss man sich verdienen&#8220; \u2013 sagst du und lachstMit dem goldenen L\u00f6ffel im Mund in der Chefetage nachtsKarotte ... Read more\" \/>\n<meta property=\"og:url\" content=\"https:\/\/www.patrick-koglin.com\/en\/musik\/pk-music-productions\/song__trashed\/gegen-euren-film\/\" \/>\n<meta property=\"og:site_name\" content=\"Patrick Koglin\" \/>\n<meta property=\"article:publisher\" content=\"https:\/\/www.facebook.com\/profile.php?id=61566852463657\" \/>\n<meta property=\"article:modified_time\" content=\"2026-01-18T05:43:01+00:00\" \/>\n<meta property=\"og:image\" content=\"https:\/\/www.patrick-koglin.com\/wp-content\/uploads\/2026\/01\/grafik-8.png\" \/>\n\t<meta property=\"og:image:width\" content=\"1024\" \/>\n\t<meta property=\"og:image:height\" content=\"1024\" \/>\n\t<meta property=\"og:image:type\" content=\"image\/png\" \/>\n<meta name=\"twitter:card\" content=\"summary_large_image\" \/>\n<meta name=\"twitter:label1\" content=\"Est. reading time\" \/>\n\t<meta name=\"twitter:data1\" content=\"1 minute\" \/>\n<script type=\"application\/ld+json\" class=\"yoast-schema-graph\">{\"@context\":\"https:\/\/schema.org\",\"@graph\":[{\"@type\":\"WebPage\",\"@id\":\"https:\/\/www.patrick-koglin.com\/musik\/pk-music-productions\/song__trashed\/gegen-euren-film\/\",\"url\":\"https:\/\/www.patrick-koglin.com\/musik\/pk-music-productions\/song__trashed\/gegen-euren-film\/\",\"name\":\"Gegen euren Film - Patrick Koglin\",\"isPartOf\":{\"@id\":\"https:\/\/www.patrick-koglin.com\/#website\"},\"primaryImageOfPage\":{\"@id\":\"https:\/\/www.patrick-koglin.com\/musik\/pk-music-productions\/song__trashed\/gegen-euren-film\/#primaryimage\"},\"image\":{\"@id\":\"https:\/\/www.patrick-koglin.com\/musik\/pk-music-productions\/song__trashed\/gegen-euren-film\/#primaryimage\"},\"thumbnailUrl\":\"https:\/\/www.patrick-koglin.com\/wp-content\/uploads\/2026\/01\/grafik-8.png\",\"datePublished\":\"2026-01-18T05:42:59+00:00\",\"dateModified\":\"2026-01-18T05:43:01+00:00\",\"breadcrumb\":{\"@id\":\"https:\/\/www.patrick-koglin.com\/musik\/pk-music-productions\/song__trashed\/gegen-euren-film\/#breadcrumb\"},\"inLanguage\":\"en-US\",\"potentialAction\":[{\"@type\":\"ReadAction\",\"target\":[\"https:\/\/www.patrick-koglin.com\/musik\/pk-music-productions\/song__trashed\/gegen-euren-film\/\"]}]},{\"@type\":\"ImageObject\",\"inLanguage\":\"en-US\",\"@id\":\"https:\/\/www.patrick-koglin.com\/musik\/pk-music-productions\/song__trashed\/gegen-euren-film\/#primaryimage\",\"url\":\"https:\/\/www.patrick-koglin.com\/wp-content\/uploads\/2026\/01\/grafik-8.png\",\"contentUrl\":\"https:\/\/www.patrick-koglin.com\/wp-content\/uploads\/2026\/01\/grafik-8.png\"},{\"@type\":\"BreadcrumbList\",\"@id\":\"https:\/\/www.patrick-koglin.com\/musik\/pk-music-productions\/song__trashed\/gegen-euren-film\/#breadcrumb\",\"itemListElement\":[{\"@type\":\"ListItem\",\"position\":1,\"name\":\"Startseite\",\"item\":\"https:\/\/www.patrick-koglin.com\/\"},{\"@type\":\"ListItem\",\"position\":2,\"name\":\"Musik\",\"item\":\"https:\/\/www.patrick-koglin.com\/musik\/\"},{\"@type\":\"ListItem\",\"position\":3,\"name\":\"PK Music Productions\",\"item\":\"https:\/\/www.patrick-koglin.com\/musik\/pk-music-productions\/\"},{\"@type\":\"ListItem\",\"position\":4,\"name\":\"Song\",\"item\":\"https:\/\/www.patrick-koglin.com\/?page_id=8279\"},{\"@type\":\"ListItem\",\"position\":5,\"name\":\"Gegen euren Film\"}]},{\"@type\":\"WebSite\",\"@id\":\"https:\/\/www.patrick-koglin.com\/#website\",\"url\":\"https:\/\/www.patrick-koglin.com\/\",\"name\":\"PK Coaching - Patrick Koglin Unternehmensgruppe\",\"description\":\"PK Coaching, Business-Design &amp; Development\",\"publisher\":{\"@id\":\"https:\/\/www.patrick-koglin.com\/#organization\"},\"potentialAction\":[{\"@type\":\"SearchAction\",\"target\":{\"@type\":\"EntryPoint\",\"urlTemplate\":\"https:\/\/www.patrick-koglin.com\/?s={search_term_string}\"},\"query-input\":{\"@type\":\"PropertyValueSpecification\",\"valueRequired\":true,\"valueName\":\"search_term_string\"}}],\"inLanguage\":\"en-US\"},{\"@type\":\"Organization\",\"@id\":\"https:\/\/www.patrick-koglin.com\/#organization\",\"name\":\"Patrick Koglin | CEO von PK Coaching\",\"url\":\"https:\/\/www.patrick-koglin.com\/\",\"logo\":{\"@type\":\"ImageObject\",\"inLanguage\":\"en-US\",\"@id\":\"https:\/\/www.patrick-koglin.com\/#\/schema\/logo\/image\/\",\"url\":\"https:\/\/www.patrick-koglin.com\/wp-content\/uploads\/2025\/07\/cropped-PK16.png\",\"contentUrl\":\"https:\/\/www.patrick-koglin.com\/wp-content\/uploads\/2025\/07\/cropped-PK16.png\",\"width\":619,\"height\":287,\"caption\":\"Patrick Koglin | CEO von PK Coaching\"},\"image\":{\"@id\":\"https:\/\/www.patrick-koglin.com\/#\/schema\/logo\/image\/\"},\"sameAs\":[\"https:\/\/www.facebook.com\/profile.php?id=61566852463657\"]}]}<\/script>\n<!-- \/ Yoast SEO plugin. -->","yoast_head_json":{"title":"Gegen euren Film - Patrick Koglin","robots":{"index":"index","follow":"follow","max-snippet":"max-snippet:-1","max-image-preview":"max-image-preview:large","max-video-preview":"max-video-preview:-1"},"canonical":"https:\/\/www.patrick-koglin.com\/en\/musik\/pk-music-productions\/song__trashed\/gegen-euren-film\/","og_locale":"en_US","og_type":"article","og_title":"Gegen euren Film - Patrick Koglin","og_description":"[Intro]Ihr nennt das Leistung?Ich nenn das L\u00fcgeGegen euren Film [Verse 1]Ihr erbt euch frei, nennt es dann Flei\u00dfRedet von Hustle, doch meint eigentlich SchweigTauscht alte Kontakte, verschickt leere KomplimenteAber lasst jede Info hinter tausend dicken W\u00e4nden &#8222;Das muss man sich verdienen&#8220; \u2013 sagst du und lachstMit dem goldenen L\u00f6ffel im Mund in der Chefetage nachtsKarotte ... Read more","og_url":"https:\/\/www.patrick-koglin.com\/en\/musik\/pk-music-productions\/song__trashed\/gegen-euren-film\/","og_site_name":"Patrick Koglin","article_publisher":"https:\/\/www.facebook.com\/profile.php?id=61566852463657","article_modified_time":"2026-01-18T05:43:01+00:00","og_image":[{"width":1024,"height":1024,"url":"https:\/\/www.patrick-koglin.com\/wp-content\/uploads\/2026\/01\/grafik-8.png","type":"image\/png"}],"twitter_card":"summary_large_image","twitter_misc":{"Est. reading time":"1 minute"},"schema":{"@context":"https:\/\/schema.org","@graph":[{"@type":"WebPage","@id":"https:\/\/www.patrick-koglin.com\/musik\/pk-music-productions\/song__trashed\/gegen-euren-film\/","url":"https:\/\/www.patrick-koglin.com\/musik\/pk-music-productions\/song__trashed\/gegen-euren-film\/","name":"Gegen euren Film - Patrick Koglin","isPartOf":{"@id":"https:\/\/www.patrick-koglin.com\/#website"},"primaryImageOfPage":{"@id":"https:\/\/www.patrick-koglin.com\/musik\/pk-music-productions\/song__trashed\/gegen-euren-film\/#primaryimage"},"image":{"@id":"https:\/\/www.patrick-koglin.com\/musik\/pk-music-productions\/song__trashed\/gegen-euren-film\/#primaryimage"},"thumbnailUrl":"https:\/\/www.patrick-koglin.com\/wp-content\/uploads\/2026\/01\/grafik-8.png","datePublished":"2026-01-18T05:42:59+00:00","dateModified":"2026-01-18T05:43:01+00:00","breadcrumb":{"@id":"https:\/\/www.patrick-koglin.com\/musik\/pk-music-productions\/song__trashed\/gegen-euren-film\/#breadcrumb"},"inLanguage":"en-US","potentialAction":[{"@type":"ReadAction","target":["https:\/\/www.patrick-koglin.com\/musik\/pk-music-productions\/song__trashed\/gegen-euren-film\/"]}]},{"@type":"ImageObject","inLanguage":"en-US","@id":"https:\/\/www.patrick-koglin.com\/musik\/pk-music-productions\/song__trashed\/gegen-euren-film\/#primaryimage","url":"https:\/\/www.patrick-koglin.com\/wp-content\/uploads\/2026\/01\/grafik-8.png","contentUrl":"https:\/\/www.patrick-koglin.com\/wp-content\/uploads\/2026\/01\/grafik-8.png"},{"@type":"BreadcrumbList","@id":"https:\/\/www.patrick-koglin.com\/musik\/pk-music-productions\/song__trashed\/gegen-euren-film\/#breadcrumb","itemListElement":[{"@type":"ListItem","position":1,"name":"Startseite","item":"https:\/\/www.patrick-koglin.com\/"},{"@type":"ListItem","position":2,"name":"Musik","item":"https:\/\/www.patrick-koglin.com\/musik\/"},{"@type":"ListItem","position":3,"name":"PK Music Productions","item":"https:\/\/www.patrick-koglin.com\/musik\/pk-music-productions\/"},{"@type":"ListItem","position":4,"name":"Song","item":"https:\/\/www.patrick-koglin.com\/?page_id=8279"},{"@type":"ListItem","position":5,"name":"Gegen euren Film"}]},{"@type":"WebSite","@id":"https:\/\/www.patrick-koglin.com\/#website","url":"https:\/\/www.patrick-koglin.com\/","name":"PK Coaching - Patrick Koglin Unternehmensgruppe","description":"PK Coaching, Business-Design &amp; Development","publisher":{"@id":"https:\/\/www.patrick-koglin.com\/#organization"},"potentialAction":[{"@type":"SearchAction","target":{"@type":"EntryPoint","urlTemplate":"https:\/\/www.patrick-koglin.com\/?s={search_term_string}"},"query-input":{"@type":"PropertyValueSpecification","valueRequired":true,"valueName":"search_term_string"}}],"inLanguage":"en-US"},{"@type":"Organization","@id":"https:\/\/www.patrick-koglin.com\/#organization","name":"Patrick Koglin | CEO von PK Coaching","url":"https:\/\/www.patrick-koglin.com\/","logo":{"@type":"ImageObject","inLanguage":"en-US","@id":"https:\/\/www.patrick-koglin.com\/#\/schema\/logo\/image\/","url":"https:\/\/www.patrick-koglin.com\/wp-content\/uploads\/2025\/07\/cropped-PK16.png","contentUrl":"https:\/\/www.patrick-koglin.com\/wp-content\/uploads\/2025\/07\/cropped-PK16.png","width":619,"height":287,"caption":"Patrick Koglin | CEO von PK Coaching"},"image":{"@id":"https:\/\/www.patrick-koglin.com\/#\/schema\/logo\/image\/"},"sameAs":["https:\/\/www.facebook.com\/profile.php?id=61566852463657"]}]}},"_links":{"self":[{"href":"https:\/\/www.patrick-koglin.com\/en\/wp-json\/wp\/v2\/pages\/8446","targetHints":{"allow":["GET"]}}],"collection":[{"href":"https:\/\/www.patrick-koglin.com\/en\/wp-json\/wp\/v2\/pages"}],"about":[{"href":"https:\/\/www.patrick-koglin.com\/en\/wp-json\/wp\/v2\/types\/page"}],"author":[{"embeddable":true,"href":"https:\/\/www.patrick-koglin.com\/en\/wp-json\/wp\/v2\/users\/1"}],"replies":[{"embeddable":true,"href":"https:\/\/www.patrick-koglin.com\/en\/wp-json\/wp\/v2\/comments?post=8446"}],"version-history":[{"count":1,"href":"https:\/\/www.patrick-koglin.com\/en\/wp-json\/wp\/v2\/pages\/8446\/revisions"}],"predecessor-version":[{"id":8449,"href":"https:\/\/www.patrick-koglin.com\/en\/wp-json\/wp\/v2\/pages\/8446\/revisions\/8449"}],"up":[{"embeddable":true,"href":"https:\/\/www.patrick-koglin.com\/en\/wp-json\/wp\/v2\/pages\/8279"}],"wp:attachment":[{"href":"https:\/\/www.patrick-koglin.com\/en\/wp-json\/wp\/v2\/media?parent=8446"}],"curies":[{"name":"wp","href":"https:\/\/api.w.org\/{rel}","templated":true}]}}