{"id":9045,"date":"2026-02-04T20:19:28","date_gmt":"2026-02-04T19:19:28","guid":{"rendered":"https:\/\/www.patrick-koglin.com\/?page_id=9045"},"modified":"2026-02-04T20:19:29","modified_gmt":"2026-02-04T19:19:29","slug":"rap-auf-mozart","status":"publish","type":"page","link":"https:\/\/www.patrick-koglin.com\/en\/musik\/pk-music-productions\/song__trashed\/rap-auf-mozart\/","title":{"rendered":"Rap auf Mozart"},"content":{"rendered":"\n<figure class=\"wp-block-image size-full is-resized\"><img fetchpriority=\"high\" decoding=\"async\" width=\"1024\" height=\"1024\" src=\"https:\/\/www.patrick-koglin.com\/wp-content\/uploads\/2026\/02\/grafik-12.png\" alt=\"\" class=\"wp-image-9046\" style=\"width:289px;height:auto\" srcset=\"https:\/\/www.patrick-koglin.com\/wp-content\/uploads\/2026\/02\/grafik-12.png 1024w, https:\/\/www.patrick-koglin.com\/wp-content\/uploads\/2026\/02\/grafik-12-300x300.png 300w, https:\/\/www.patrick-koglin.com\/wp-content\/uploads\/2026\/02\/grafik-12-150x150.png 150w, https:\/\/www.patrick-koglin.com\/wp-content\/uploads\/2026\/02\/grafik-12-768x768.png 768w\" sizes=\"(max-width: 1024px) 100vw, 1024px\" \/><\/figure>\n\n\n\n<p>[Intro]<br>Kleiner Saal<br>Gro\u00dfe Pl\u00e4ne<br>Powder-Per\u00fccke<br>Frischer FAME (hah!)<\/p>\n\n\n\n<p>[Verse 1]<br>Komm in den Saal, alle Uhren steh\u2019n<br>Vierundzwanzig Takte, ich lass Wunder gescheh\u2019n<br>Diese T\u00f6ne wie Blitze, jeder Schlag ein Gebet<br>Ich schreib Geschichte auf Notenpapier, verstehst?<\/p>\n\n\n\n<p>Schwarzer Frack, doch der Blick rebell<br>Ganze F\u00fcrsten am Zittern, wenn der Junge erz\u00e4hlt<br>Ihre Etikette zerbricht an meinem Taktgef\u00fchl<br>Ich mach aus Kerzen und Kies ein Kathedralen-Gef\u00fchl (yeah)<\/p>\n\n\n\n<p>[Chorus]<br>Rap auf Mozart, Tinte und Takt<br>Altbauw\u00e4nde, Herz schl\u00e4gt im Takt<br>Alle sagen leise, doch ich dreh laut<br>Wenn Genie rappt, dann vertraust du dem Sound<\/p>\n\n\n\n<p>Rap auf Mozart, Feder im Lauf<br>Jede kleine Pause baut Spannung auf<br>Alle diese Regeln? Schreib sie um<br>Wenn das Wunderkind spricht, h\u00f6r gut zu (ey!)<\/p>\n\n\n\n<p>[Verse 2]<br>F\u00fcnf Uhr morgens, wieder wach im Kopf<br>Ganze Oper im Sch\u00e4del, kein Platz, der stoppt<br>Ich seh Geschichten in Schatten an der Wand<br>Mach aus Fl\u00fcstern von gestern einen donnernden Klang<\/p>\n\n\n\n<p>Sie woll\u2019n h\u00f6flich und leise, ich geb Feuer und Spa\u00df<br>Lass die Bratschen mal l\u00e4cheln, lass die Fl\u00f6ten in Trance<br>Aus dem winzigen Zimmer bis zum Ballsaal-Glanz<br>Ein Gedanke, ein Strich, ganze Welt im Tanz (woah)<\/p>\n\n\n\n<p>[Chorus]<br>Rap auf Mozart, Tinte und Takt<br>Altbauw\u00e4nde, Herz schl\u00e4gt im Takt<br>Alle sagen leise, doch ich dreh laut<br>Wenn Genie rappt, dann vertraust du dem Sound<\/p>\n\n\n\n<p>Rap auf Mozart, Feder im Lauf<br>Jede kleine Pause baut Spannung auf<br>Alle diese Regeln? Schreib sie um<br>Wenn das Wunderkind spricht, h\u00f6r gut zu (hah!)<\/p>\n\n\n\n<p>[Bridge]<br>Von der Stra\u00dfe vorm Schloss bis zur Goldgalerie<br>Jeder Ton ein Beweis, Fantasie hat Regie (oh)<br>Welche Zeit, welcher Trend? Mir egal, ich schreib<br>Solang Puls noch klopft, bleibt die B\u00fchne mein Reich<\/p>\n\n\n\n<p>[Chorus]<br>Rap auf Mozart, Tinte und Takt<br>Altbauw\u00e4nde, Herz schl\u00e4gt im Takt<br>Alle sagen leise, doch ich dreh laut<br>Wenn Genie rappt, dann vertraust du dem Sound<\/p>\n\n\n\n<p>Rap auf Mozart, Feder im Lauf<br>Jede kleine Pause baut Spannung auf<br>Alle diese Regeln? Schreib sie um<br>Wenn das Wunderkind spricht, h\u00f6r gut zu (yeah!)<\/p>\n","protected":false},"excerpt":{"rendered":"<p>[Intro]Kleiner SaalGro\u00dfe Pl\u00e4nePowder-Per\u00fcckeFrischer FAME (hah!) [Verse 1]Komm in den Saal, alle Uhren steh\u2019nVierundzwanzig Takte, ich lass Wunder gescheh\u2019nDiese T\u00f6ne wie Blitze, jeder Schlag ein GebetIch schreib Geschichte auf Notenpapier, verstehst? Schwarzer Frack, doch der Blick rebellGanze F\u00fcrsten am Zittern, wenn der Junge erz\u00e4hltIhre Etikette zerbricht an meinem Taktgef\u00fchlIch mach aus Kerzen und Kies ein Kathedralen-Gef\u00fchl &#8230; <a title=\"Rap auf Mozart\" class=\"read-more\" href=\"https:\/\/www.patrick-koglin.com\/en\/musik\/pk-music-productions\/song__trashed\/rap-auf-mozart\/\" aria-label=\"Read more about Rap auf Mozart\">Read more<\/a><\/p>\n","protected":false},"author":1,"featured_media":0,"parent":8279,"menu_order":0,"comment_status":"closed","ping_status":"closed","template":"","meta":{"footnotes":""},"class_list":["post-9045","page","type-page","status-publish"],"yoast_head":"<!-- This site is optimized with the Yoast SEO plugin v25.8 - https:\/\/yoast.com\/wordpress\/plugins\/seo\/ -->\n<title>Rap auf Mozart - Patrick Koglin<\/title>\n<meta name=\"robots\" content=\"index, follow, max-snippet:-1, max-image-preview:large, max-video-preview:-1\" \/>\n<link rel=\"canonical\" href=\"https:\/\/www.patrick-koglin.com\/en\/musik\/pk-music-productions\/song__trashed\/rap-auf-mozart\/\" \/>\n<meta property=\"og:locale\" content=\"en_US\" \/>\n<meta property=\"og:type\" content=\"article\" \/>\n<meta property=\"og:title\" content=\"Rap auf Mozart - Patrick Koglin\" \/>\n<meta property=\"og:description\" content=\"[Intro]Kleiner SaalGro\u00dfe Pl\u00e4nePowder-Per\u00fcckeFrischer FAME (hah!) [Verse 1]Komm in den Saal, alle Uhren steh\u2019nVierundzwanzig Takte, ich lass Wunder gescheh\u2019nDiese T\u00f6ne wie Blitze, jeder Schlag ein GebetIch schreib Geschichte auf Notenpapier, verstehst? Schwarzer Frack, doch der Blick rebellGanze F\u00fcrsten am Zittern, wenn der Junge erz\u00e4hltIhre Etikette zerbricht an meinem Taktgef\u00fchlIch mach aus Kerzen und Kies ein Kathedralen-Gef\u00fchl ... Read more\" \/>\n<meta property=\"og:url\" content=\"https:\/\/www.patrick-koglin.com\/en\/musik\/pk-music-productions\/song__trashed\/rap-auf-mozart\/\" \/>\n<meta property=\"og:site_name\" content=\"Patrick Koglin\" \/>\n<meta property=\"article:publisher\" content=\"https:\/\/www.facebook.com\/profile.php?id=61566852463657\" \/>\n<meta property=\"article:modified_time\" content=\"2026-02-04T19:19:29+00:00\" \/>\n<meta property=\"og:image\" content=\"https:\/\/www.patrick-koglin.com\/wp-content\/uploads\/2026\/02\/grafik-12.png\" \/>\n\t<meta property=\"og:image:width\" content=\"1024\" \/>\n\t<meta property=\"og:image:height\" content=\"1024\" \/>\n\t<meta property=\"og:image:type\" content=\"image\/png\" \/>\n<meta name=\"twitter:card\" content=\"summary_large_image\" \/>\n<meta name=\"twitter:label1\" content=\"Est. reading time\" \/>\n\t<meta name=\"twitter:data1\" content=\"3 minutes\" \/>\n<script type=\"application\/ld+json\" class=\"yoast-schema-graph\">{\"@context\":\"https:\/\/schema.org\",\"@graph\":[{\"@type\":\"WebPage\",\"@id\":\"https:\/\/www.patrick-koglin.com\/musik\/pk-music-productions\/song__trashed\/rap-auf-mozart\/\",\"url\":\"https:\/\/www.patrick-koglin.com\/musik\/pk-music-productions\/song__trashed\/rap-auf-mozart\/\",\"name\":\"Rap auf Mozart - Patrick Koglin\",\"isPartOf\":{\"@id\":\"https:\/\/www.patrick-koglin.com\/#website\"},\"primaryImageOfPage\":{\"@id\":\"https:\/\/www.patrick-koglin.com\/musik\/pk-music-productions\/song__trashed\/rap-auf-mozart\/#primaryimage\"},\"image\":{\"@id\":\"https:\/\/www.patrick-koglin.com\/musik\/pk-music-productions\/song__trashed\/rap-auf-mozart\/#primaryimage\"},\"thumbnailUrl\":\"https:\/\/www.patrick-koglin.com\/wp-content\/uploads\/2026\/02\/grafik-12.png\",\"datePublished\":\"2026-02-04T19:19:28+00:00\",\"dateModified\":\"2026-02-04T19:19:29+00:00\",\"breadcrumb\":{\"@id\":\"https:\/\/www.patrick-koglin.com\/musik\/pk-music-productions\/song__trashed\/rap-auf-mozart\/#breadcrumb\"},\"inLanguage\":\"en-US\",\"potentialAction\":[{\"@type\":\"ReadAction\",\"target\":[\"https:\/\/www.patrick-koglin.com\/musik\/pk-music-productions\/song__trashed\/rap-auf-mozart\/\"]}]},{\"@type\":\"ImageObject\",\"inLanguage\":\"en-US\",\"@id\":\"https:\/\/www.patrick-koglin.com\/musik\/pk-music-productions\/song__trashed\/rap-auf-mozart\/#primaryimage\",\"url\":\"https:\/\/www.patrick-koglin.com\/wp-content\/uploads\/2026\/02\/grafik-12.png\",\"contentUrl\":\"https:\/\/www.patrick-koglin.com\/wp-content\/uploads\/2026\/02\/grafik-12.png\"},{\"@type\":\"BreadcrumbList\",\"@id\":\"https:\/\/www.patrick-koglin.com\/musik\/pk-music-productions\/song__trashed\/rap-auf-mozart\/#breadcrumb\",\"itemListElement\":[{\"@type\":\"ListItem\",\"position\":1,\"name\":\"Startseite\",\"item\":\"https:\/\/www.patrick-koglin.com\/\"},{\"@type\":\"ListItem\",\"position\":2,\"name\":\"Musik\",\"item\":\"https:\/\/www.patrick-koglin.com\/musik\/\"},{\"@type\":\"ListItem\",\"position\":3,\"name\":\"PK Music Productions\",\"item\":\"https:\/\/www.patrick-koglin.com\/musik\/pk-music-productions\/\"},{\"@type\":\"ListItem\",\"position\":4,\"name\":\"Song\",\"item\":\"https:\/\/www.patrick-koglin.com\/?page_id=8279\"},{\"@type\":\"ListItem\",\"position\":5,\"name\":\"Rap auf Mozart\"}]},{\"@type\":\"WebSite\",\"@id\":\"https:\/\/www.patrick-koglin.com\/#website\",\"url\":\"https:\/\/www.patrick-koglin.com\/\",\"name\":\"PK Coaching - Patrick Koglin Unternehmensgruppe\",\"description\":\"PK Coaching, Business-Design &amp; Development\",\"publisher\":{\"@id\":\"https:\/\/www.patrick-koglin.com\/#organization\"},\"potentialAction\":[{\"@type\":\"SearchAction\",\"target\":{\"@type\":\"EntryPoint\",\"urlTemplate\":\"https:\/\/www.patrick-koglin.com\/?s={search_term_string}\"},\"query-input\":{\"@type\":\"PropertyValueSpecification\",\"valueRequired\":true,\"valueName\":\"search_term_string\"}}],\"inLanguage\":\"en-US\"},{\"@type\":\"Organization\",\"@id\":\"https:\/\/www.patrick-koglin.com\/#organization\",\"name\":\"Patrick Koglin | CEO von PK Coaching\",\"url\":\"https:\/\/www.patrick-koglin.com\/\",\"logo\":{\"@type\":\"ImageObject\",\"inLanguage\":\"en-US\",\"@id\":\"https:\/\/www.patrick-koglin.com\/#\/schema\/logo\/image\/\",\"url\":\"https:\/\/www.patrick-koglin.com\/wp-content\/uploads\/2025\/07\/cropped-PK16.png\",\"contentUrl\":\"https:\/\/www.patrick-koglin.com\/wp-content\/uploads\/2025\/07\/cropped-PK16.png\",\"width\":619,\"height\":287,\"caption\":\"Patrick Koglin | CEO von PK Coaching\"},\"image\":{\"@id\":\"https:\/\/www.patrick-koglin.com\/#\/schema\/logo\/image\/\"},\"sameAs\":[\"https:\/\/www.facebook.com\/profile.php?id=61566852463657\"]}]}<\/script>\n<!-- \/ Yoast SEO plugin. -->","yoast_head_json":{"title":"Rap auf Mozart - Patrick Koglin","robots":{"index":"index","follow":"follow","max-snippet":"max-snippet:-1","max-image-preview":"max-image-preview:large","max-video-preview":"max-video-preview:-1"},"canonical":"https:\/\/www.patrick-koglin.com\/en\/musik\/pk-music-productions\/song__trashed\/rap-auf-mozart\/","og_locale":"en_US","og_type":"article","og_title":"Rap auf Mozart - Patrick Koglin","og_description":"[Intro]Kleiner SaalGro\u00dfe Pl\u00e4nePowder-Per\u00fcckeFrischer FAME (hah!) [Verse 1]Komm in den Saal, alle Uhren steh\u2019nVierundzwanzig Takte, ich lass Wunder gescheh\u2019nDiese T\u00f6ne wie Blitze, jeder Schlag ein GebetIch schreib Geschichte auf Notenpapier, verstehst? Schwarzer Frack, doch der Blick rebellGanze F\u00fcrsten am Zittern, wenn der Junge erz\u00e4hltIhre Etikette zerbricht an meinem Taktgef\u00fchlIch mach aus Kerzen und Kies ein Kathedralen-Gef\u00fchl ... Read more","og_url":"https:\/\/www.patrick-koglin.com\/en\/musik\/pk-music-productions\/song__trashed\/rap-auf-mozart\/","og_site_name":"Patrick Koglin","article_publisher":"https:\/\/www.facebook.com\/profile.php?id=61566852463657","article_modified_time":"2026-02-04T19:19:29+00:00","og_image":[{"width":1024,"height":1024,"url":"https:\/\/www.patrick-koglin.com\/wp-content\/uploads\/2026\/02\/grafik-12.png","type":"image\/png"}],"twitter_card":"summary_large_image","twitter_misc":{"Est. reading time":"3 minutes"},"schema":{"@context":"https:\/\/schema.org","@graph":[{"@type":"WebPage","@id":"https:\/\/www.patrick-koglin.com\/musik\/pk-music-productions\/song__trashed\/rap-auf-mozart\/","url":"https:\/\/www.patrick-koglin.com\/musik\/pk-music-productions\/song__trashed\/rap-auf-mozart\/","name":"Rap auf Mozart - Patrick Koglin","isPartOf":{"@id":"https:\/\/www.patrick-koglin.com\/#website"},"primaryImageOfPage":{"@id":"https:\/\/www.patrick-koglin.com\/musik\/pk-music-productions\/song__trashed\/rap-auf-mozart\/#primaryimage"},"image":{"@id":"https:\/\/www.patrick-koglin.com\/musik\/pk-music-productions\/song__trashed\/rap-auf-mozart\/#primaryimage"},"thumbnailUrl":"https:\/\/www.patrick-koglin.com\/wp-content\/uploads\/2026\/02\/grafik-12.png","datePublished":"2026-02-04T19:19:28+00:00","dateModified":"2026-02-04T19:19:29+00:00","breadcrumb":{"@id":"https:\/\/www.patrick-koglin.com\/musik\/pk-music-productions\/song__trashed\/rap-auf-mozart\/#breadcrumb"},"inLanguage":"en-US","potentialAction":[{"@type":"ReadAction","target":["https:\/\/www.patrick-koglin.com\/musik\/pk-music-productions\/song__trashed\/rap-auf-mozart\/"]}]},{"@type":"ImageObject","inLanguage":"en-US","@id":"https:\/\/www.patrick-koglin.com\/musik\/pk-music-productions\/song__trashed\/rap-auf-mozart\/#primaryimage","url":"https:\/\/www.patrick-koglin.com\/wp-content\/uploads\/2026\/02\/grafik-12.png","contentUrl":"https:\/\/www.patrick-koglin.com\/wp-content\/uploads\/2026\/02\/grafik-12.png"},{"@type":"BreadcrumbList","@id":"https:\/\/www.patrick-koglin.com\/musik\/pk-music-productions\/song__trashed\/rap-auf-mozart\/#breadcrumb","itemListElement":[{"@type":"ListItem","position":1,"name":"Startseite","item":"https:\/\/www.patrick-koglin.com\/"},{"@type":"ListItem","position":2,"name":"Musik","item":"https:\/\/www.patrick-koglin.com\/musik\/"},{"@type":"ListItem","position":3,"name":"PK Music Productions","item":"https:\/\/www.patrick-koglin.com\/musik\/pk-music-productions\/"},{"@type":"ListItem","position":4,"name":"Song","item":"https:\/\/www.patrick-koglin.com\/?page_id=8279"},{"@type":"ListItem","position":5,"name":"Rap auf Mozart"}]},{"@type":"WebSite","@id":"https:\/\/www.patrick-koglin.com\/#website","url":"https:\/\/www.patrick-koglin.com\/","name":"PK Coaching - Patrick Koglin Unternehmensgruppe","description":"PK Coaching, Business-Design &amp; Development","publisher":{"@id":"https:\/\/www.patrick-koglin.com\/#organization"},"potentialAction":[{"@type":"SearchAction","target":{"@type":"EntryPoint","urlTemplate":"https:\/\/www.patrick-koglin.com\/?s={search_term_string}"},"query-input":{"@type":"PropertyValueSpecification","valueRequired":true,"valueName":"search_term_string"}}],"inLanguage":"en-US"},{"@type":"Organization","@id":"https:\/\/www.patrick-koglin.com\/#organization","name":"Patrick Koglin | CEO von PK Coaching","url":"https:\/\/www.patrick-koglin.com\/","logo":{"@type":"ImageObject","inLanguage":"en-US","@id":"https:\/\/www.patrick-koglin.com\/#\/schema\/logo\/image\/","url":"https:\/\/www.patrick-koglin.com\/wp-content\/uploads\/2025\/07\/cropped-PK16.png","contentUrl":"https:\/\/www.patrick-koglin.com\/wp-content\/uploads\/2025\/07\/cropped-PK16.png","width":619,"height":287,"caption":"Patrick Koglin | CEO von PK Coaching"},"image":{"@id":"https:\/\/www.patrick-koglin.com\/#\/schema\/logo\/image\/"},"sameAs":["https:\/\/www.facebook.com\/profile.php?id=61566852463657"]}]}},"_links":{"self":[{"href":"https:\/\/www.patrick-koglin.com\/en\/wp-json\/wp\/v2\/pages\/9045","targetHints":{"allow":["GET"]}}],"collection":[{"href":"https:\/\/www.patrick-koglin.com\/en\/wp-json\/wp\/v2\/pages"}],"about":[{"href":"https:\/\/www.patrick-koglin.com\/en\/wp-json\/wp\/v2\/types\/page"}],"author":[{"embeddable":true,"href":"https:\/\/www.patrick-koglin.com\/en\/wp-json\/wp\/v2\/users\/1"}],"replies":[{"embeddable":true,"href":"https:\/\/www.patrick-koglin.com\/en\/wp-json\/wp\/v2\/comments?post=9045"}],"version-history":[{"count":1,"href":"https:\/\/www.patrick-koglin.com\/en\/wp-json\/wp\/v2\/pages\/9045\/revisions"}],"predecessor-version":[{"id":9047,"href":"https:\/\/www.patrick-koglin.com\/en\/wp-json\/wp\/v2\/pages\/9045\/revisions\/9047"}],"up":[{"embeddable":true,"href":"https:\/\/www.patrick-koglin.com\/en\/wp-json\/wp\/v2\/pages\/8279"}],"wp:attachment":[{"href":"https:\/\/www.patrick-koglin.com\/en\/wp-json\/wp\/v2\/media?parent=9045"}],"curies":[{"name":"wp","href":"https:\/\/api.w.org\/{rel}","templated":true}]}}