{"id":9296,"date":"2026-02-12T01:11:43","date_gmt":"2026-02-12T00:11:43","guid":{"rendered":"https:\/\/www.patrick-koglin.com\/?page_id=9296"},"modified":"2026-05-05T12:24:36","modified_gmt":"2026-05-05T10:24:36","slug":"unternehmensgeschichte","status":"publish","type":"page","link":"https:\/\/www.patrick-koglin.com\/en\/unternehmensgeschichte\/","title":{"rendered":"Unternehmensgeschichte"},"content":{"rendered":"<h3 class=\"wp-block-heading\">Patrick Koglin \u2013 Unternehmer, IT-Experte und Digitalstratege<\/h3>\n\n\n\n<p>Patrick Koglin besch\u00e4ftigt sich seit der Jahrtausendwende intensiv mit IT-Systemen, digitalen Technologien, Online-Communities, Gesch\u00e4ftsmodellen, Software und KI. Was fr\u00fch mit strategischem Denken, technischen Experimenten und dem Aufbau eigener Systeme begann, entwickelte sich schnell zu einer fundierten Auseinandersetzung mit Webentwicklung, Software, Hardwarekonfiguration und digitalen Gesch\u00e4ftsmodellen.<\/p>\n\n\n\n<p>Bereits w\u00e4hrend seines Studiums setzte er dieses Wissen praktisch um:<br>Er konfigurierte komplexe Computersysteme, implementierte und aktualisierte Betriebssysteme, baute Unternehmensnetzwerke mit auf, entwickelte Webseiten und programmierte administrative Anwendungen. Zus\u00e4tzlich arbeitete er an ersten eCommerce-Konzepten und digitalen Vertriebsstrukturen.<\/p>\n\n\n\n<p>Im Jahr 2008 gr\u00fcndete Patrick Koglin im Alter von 22 Jahren sein erstes Unternehmen. Aus einem Impuls heraus, unternehmerisch zu handeln statt abzuwarten, meldete er sein Gewerbe an und legte damit den Grundstein f\u00fcr seine unternehmerische Laufbahn.<\/p>\n\n\n\n<p>Der urspr\u00fcngliche Fokus lag auf IT-Service und Webdesign. Schon fr\u00fch verband er technisches Know-how mit unternehmerischem Denken und digitaler Strategie.<\/p>\n\n\n\n<p>Die Bezeichnung \u201eLDS-Solutions\u201c entstand aus seinem damaligen Online-Pseudonym und steht sinnbildlich f\u00fcr effiziente, strukturierte und direkte digitale Kommunikation \u2013 ein Prinzip, das seine Arbeit bis heute pr\u00e4gt.<\/p>\n\n\n\n<p>Durch seine langj\u00e4hrige Erfahrung in der digitalen Welt verbindet Patrick Koglin technisches Systemverst\u00e4ndnis mit strategischem Weitblick. Er kennt die Entwicklung des Internets aus erster Hand \u2013 von fr\u00fchen Online-Communities bis hin zu modernen Plattform- und Gesch\u00e4ftsmodellen.<\/p>\n\n\n\n<p>Heute liegt sein Fokus darauf, digitale Systeme nicht nur technisch sauber umzusetzen, sondern unternehmerisch sinnvoll zu strukturieren und nachhaltig zu skalieren.<\/p>\n\n\n\n<p><\/p>","protected":false},"excerpt":{"rendered":"<p>Patrick Koglin \u2013 Unternehmer, IT-Experte und Digitalstratege Patrick Koglin besch\u00e4ftigt sich seit der Jahrtausendwende intensiv mit IT-Systemen, digitalen Technologien, Online-Communities, Gesch\u00e4ftsmodellen, Software und KI. Was fr\u00fch mit strategischem Denken, technischen Experimenten und dem Aufbau eigener Systeme begann, entwickelte sich schnell zu einer fundierten Auseinandersetzung mit Webentwicklung, Software, Hardwarekonfiguration und digitalen Gesch\u00e4ftsmodellen. Bereits w\u00e4hrend seines Studiums &#8230; <a title=\"Unternehmensgeschichte\" class=\"read-more\" href=\"https:\/\/www.patrick-koglin.com\/en\/unternehmensgeschichte\/\" aria-label=\"Read more about Unternehmensgeschichte\">Read more<\/a><\/p>","protected":false},"author":1,"featured_media":0,"parent":0,"menu_order":0,"comment_status":"closed","ping_status":"closed","template":"","meta":{"footnotes":""},"class_list":["post-9296","page","type-page","status-publish"],"yoast_head":"<!-- This site is optimized with the Yoast SEO plugin v25.8 - https:\/\/yoast.com\/wordpress\/plugins\/seo\/ -->\n<title>Unternehmensgeschichte - Patrick Koglin<\/title>\n<meta name=\"robots\" content=\"index, follow, max-snippet:-1, max-image-preview:large, max-video-preview:-1\" \/>\n<link rel=\"canonical\" href=\"https:\/\/www.patrick-koglin.com\/en\/unternehmensgeschichte\/\" \/>\n<meta property=\"og:locale\" content=\"en_US\" \/>\n<meta property=\"og:type\" content=\"article\" \/>\n<meta property=\"og:title\" content=\"Unternehmensgeschichte - Patrick Koglin\" \/>\n<meta property=\"og:description\" content=\"Patrick Koglin \u2013 Unternehmer, IT-Experte und Digitalstratege Patrick Koglin besch\u00e4ftigt sich seit der Jahrtausendwende intensiv mit IT-Systemen, digitalen Technologien, Online-Communities, Gesch\u00e4ftsmodellen, Software und KI. Was fr\u00fch mit strategischem Denken, technischen Experimenten und dem Aufbau eigener Systeme begann, entwickelte sich schnell zu einer fundierten Auseinandersetzung mit Webentwicklung, Software, Hardwarekonfiguration und digitalen Gesch\u00e4ftsmodellen. Bereits w\u00e4hrend seines Studiums ... Read more\" \/>\n<meta property=\"og:url\" content=\"https:\/\/www.patrick-koglin.com\/en\/unternehmensgeschichte\/\" \/>\n<meta property=\"og:site_name\" content=\"Patrick Koglin\" \/>\n<meta property=\"article:publisher\" content=\"https:\/\/www.facebook.com\/profile.php?id=61566852463657\" \/>\n<meta property=\"article:modified_time\" content=\"2026-05-05T10:24:36+00:00\" \/>\n<meta name=\"twitter:card\" content=\"summary_large_image\" \/>\n<meta name=\"twitter:label1\" content=\"Est. reading time\" \/>\n\t<meta name=\"twitter:data1\" content=\"2 minutes\" \/>\n<script type=\"application\/ld+json\" class=\"yoast-schema-graph\">{\"@context\":\"https:\/\/schema.org\",\"@graph\":[{\"@type\":\"WebPage\",\"@id\":\"https:\/\/www.patrick-koglin.com\/unternehmensgeschichte\/\",\"url\":\"https:\/\/www.patrick-koglin.com\/unternehmensgeschichte\/\",\"name\":\"Unternehmensgeschichte - Patrick Koglin\",\"isPartOf\":{\"@id\":\"https:\/\/www.patrick-koglin.com\/#website\"},\"datePublished\":\"2026-02-12T00:11:43+00:00\",\"dateModified\":\"2026-05-05T10:24:36+00:00\",\"breadcrumb\":{\"@id\":\"https:\/\/www.patrick-koglin.com\/unternehmensgeschichte\/#breadcrumb\"},\"inLanguage\":\"en-US\",\"potentialAction\":[{\"@type\":\"ReadAction\",\"target\":[\"https:\/\/www.patrick-koglin.com\/unternehmensgeschichte\/\"]}]},{\"@type\":\"BreadcrumbList\",\"@id\":\"https:\/\/www.patrick-koglin.com\/unternehmensgeschichte\/#breadcrumb\",\"itemListElement\":[{\"@type\":\"ListItem\",\"position\":1,\"name\":\"Startseite\",\"item\":\"https:\/\/www.patrick-koglin.com\/\"},{\"@type\":\"ListItem\",\"position\":2,\"name\":\"Unternehmensgeschichte\"}]},{\"@type\":\"WebSite\",\"@id\":\"https:\/\/www.patrick-koglin.com\/#website\",\"url\":\"https:\/\/www.patrick-koglin.com\/\",\"name\":\"PK Coaching - Patrick Koglin Unternehmensgruppe\",\"description\":\"PK Coaching, Business-Design &amp; Development\",\"publisher\":{\"@id\":\"https:\/\/www.patrick-koglin.com\/#organization\"},\"potentialAction\":[{\"@type\":\"SearchAction\",\"target\":{\"@type\":\"EntryPoint\",\"urlTemplate\":\"https:\/\/www.patrick-koglin.com\/?s={search_term_string}\"},\"query-input\":{\"@type\":\"PropertyValueSpecification\",\"valueRequired\":true,\"valueName\":\"search_term_string\"}}],\"inLanguage\":\"en-US\"},{\"@type\":\"Organization\",\"@id\":\"https:\/\/www.patrick-koglin.com\/#organization\",\"name\":\"Patrick Koglin | CEO von PK Coaching\",\"url\":\"https:\/\/www.patrick-koglin.com\/\",\"logo\":{\"@type\":\"ImageObject\",\"inLanguage\":\"en-US\",\"@id\":\"https:\/\/www.patrick-koglin.com\/#\/schema\/logo\/image\/\",\"url\":\"https:\/\/www.patrick-koglin.com\/wp-content\/uploads\/2025\/07\/cropped-PK16.png\",\"contentUrl\":\"https:\/\/www.patrick-koglin.com\/wp-content\/uploads\/2025\/07\/cropped-PK16.png\",\"width\":619,\"height\":287,\"caption\":\"Patrick Koglin | CEO von PK Coaching\"},\"image\":{\"@id\":\"https:\/\/www.patrick-koglin.com\/#\/schema\/logo\/image\/\"},\"sameAs\":[\"https:\/\/www.facebook.com\/profile.php?id=61566852463657\"]}]}<\/script>\n<!-- \/ Yoast SEO plugin. -->","yoast_head_json":{"title":"Unternehmensgeschichte - Patrick Koglin","robots":{"index":"index","follow":"follow","max-snippet":"max-snippet:-1","max-image-preview":"max-image-preview:large","max-video-preview":"max-video-preview:-1"},"canonical":"https:\/\/www.patrick-koglin.com\/en\/unternehmensgeschichte\/","og_locale":"en_US","og_type":"article","og_title":"Unternehmensgeschichte - Patrick Koglin","og_description":"Patrick Koglin \u2013 Unternehmer, IT-Experte und Digitalstratege Patrick Koglin besch\u00e4ftigt sich seit der Jahrtausendwende intensiv mit IT-Systemen, digitalen Technologien, Online-Communities, Gesch\u00e4ftsmodellen, Software und KI. Was fr\u00fch mit strategischem Denken, technischen Experimenten und dem Aufbau eigener Systeme begann, entwickelte sich schnell zu einer fundierten Auseinandersetzung mit Webentwicklung, Software, Hardwarekonfiguration und digitalen Gesch\u00e4ftsmodellen. Bereits w\u00e4hrend seines Studiums ... Read more","og_url":"https:\/\/www.patrick-koglin.com\/en\/unternehmensgeschichte\/","og_site_name":"Patrick Koglin","article_publisher":"https:\/\/www.facebook.com\/profile.php?id=61566852463657","article_modified_time":"2026-05-05T10:24:36+00:00","twitter_card":"summary_large_image","twitter_misc":{"Est. reading time":"2 minutes"},"schema":{"@context":"https:\/\/schema.org","@graph":[{"@type":"WebPage","@id":"https:\/\/www.patrick-koglin.com\/unternehmensgeschichte\/","url":"https:\/\/www.patrick-koglin.com\/unternehmensgeschichte\/","name":"Unternehmensgeschichte - Patrick Koglin","isPartOf":{"@id":"https:\/\/www.patrick-koglin.com\/#website"},"datePublished":"2026-02-12T00:11:43+00:00","dateModified":"2026-05-05T10:24:36+00:00","breadcrumb":{"@id":"https:\/\/www.patrick-koglin.com\/unternehmensgeschichte\/#breadcrumb"},"inLanguage":"en-US","potentialAction":[{"@type":"ReadAction","target":["https:\/\/www.patrick-koglin.com\/unternehmensgeschichte\/"]}]},{"@type":"BreadcrumbList","@id":"https:\/\/www.patrick-koglin.com\/unternehmensgeschichte\/#breadcrumb","itemListElement":[{"@type":"ListItem","position":1,"name":"Startseite","item":"https:\/\/www.patrick-koglin.com\/"},{"@type":"ListItem","position":2,"name":"Unternehmensgeschichte"}]},{"@type":"WebSite","@id":"https:\/\/www.patrick-koglin.com\/#website","url":"https:\/\/www.patrick-koglin.com\/","name":"PK Coaching - Patrick Koglin Unternehmensgruppe","description":"PK Coaching, Business-Design &amp; Development","publisher":{"@id":"https:\/\/www.patrick-koglin.com\/#organization"},"potentialAction":[{"@type":"SearchAction","target":{"@type":"EntryPoint","urlTemplate":"https:\/\/www.patrick-koglin.com\/?s={search_term_string}"},"query-input":{"@type":"PropertyValueSpecification","valueRequired":true,"valueName":"search_term_string"}}],"inLanguage":"en-US"},{"@type":"Organization","@id":"https:\/\/www.patrick-koglin.com\/#organization","name":"Patrick Koglin | CEO von PK Coaching","url":"https:\/\/www.patrick-koglin.com\/","logo":{"@type":"ImageObject","inLanguage":"en-US","@id":"https:\/\/www.patrick-koglin.com\/#\/schema\/logo\/image\/","url":"https:\/\/www.patrick-koglin.com\/wp-content\/uploads\/2025\/07\/cropped-PK16.png","contentUrl":"https:\/\/www.patrick-koglin.com\/wp-content\/uploads\/2025\/07\/cropped-PK16.png","width":619,"height":287,"caption":"Patrick Koglin | CEO von PK Coaching"},"image":{"@id":"https:\/\/www.patrick-koglin.com\/#\/schema\/logo\/image\/"},"sameAs":["https:\/\/www.facebook.com\/profile.php?id=61566852463657"]}]}},"_links":{"self":[{"href":"https:\/\/www.patrick-koglin.com\/en\/wp-json\/wp\/v2\/pages\/9296","targetHints":{"allow":["GET"]}}],"collection":[{"href":"https:\/\/www.patrick-koglin.com\/en\/wp-json\/wp\/v2\/pages"}],"about":[{"href":"https:\/\/www.patrick-koglin.com\/en\/wp-json\/wp\/v2\/types\/page"}],"author":[{"embeddable":true,"href":"https:\/\/www.patrick-koglin.com\/en\/wp-json\/wp\/v2\/users\/1"}],"replies":[{"embeddable":true,"href":"https:\/\/www.patrick-koglin.com\/en\/wp-json\/wp\/v2\/comments?post=9296"}],"version-history":[{"count":11,"href":"https:\/\/www.patrick-koglin.com\/en\/wp-json\/wp\/v2\/pages\/9296\/revisions"}],"predecessor-version":[{"id":14987,"href":"https:\/\/www.patrick-koglin.com\/en\/wp-json\/wp\/v2\/pages\/9296\/revisions\/14987"}],"wp:attachment":[{"href":"https:\/\/www.patrick-koglin.com\/en\/wp-json\/wp\/v2\/media?parent=9296"}],"curies":[{"name":"wp","href":"https:\/\/api.w.org\/{rel}","templated":true}]}}