{"id":9798,"date":"2026-02-19T05:14:38","date_gmt":"2026-02-19T04:14:38","guid":{"rendered":"https:\/\/www.patrick-koglin.com\/?page_id=9798"},"modified":"2026-02-19T05:16:15","modified_gmt":"2026-02-19T04:16:15","slug":"it-projektmanager-m-w-d","status":"publish","type":"page","link":"https:\/\/www.patrick-koglin.com\/en\/job\/it-projektmanager-m-w-d\/","title":{"rendered":"IT-Projektmanager (m\/w\/d)"},"content":{"rendered":"<p>Ich suche einen IT-Projektmanager der zuk\u00fcnftig die Weiterentwicklung neuer und vorhandener Projekte und Systeme \u00fcbernimmt. <\/p>\n\n\n\n<p>Hauptaufgabe der T\u00e4tigkeit ist Mitarbeiterf\u00fchrung, Marktbeobachtung, Kundenakquise und -Auftragsabstimmung sowie Einhaltung und Controlling typischer Projektmetriken wie Zeit, Aufwand, Kosten, Budget, Qualit\u00e4t, Planung und interne Koordination. Es geht gleichzeitig darum, den Kundenbedarf zu beobachten, neue Projekte zu akquirieren und das Team in der Aufgabenplanung zu unterst\u00fctzen. <\/p>\n\n\n\n<h3 class=\"wp-block-heading\">Typische T\u00e4tigkeiten:<\/h3>\n\n\n\n<ul class=\"wp-block-list\">\n<li>Jahres-, Monats- und Quartalsplanung in enger Abstimmung mit der Unternehmsf\u00fchrung<\/li>\n\n\n\n<li>Planung von Arbeitspaketen bis Ableitung in Tasks und Meilensteine<\/li>\n\n\n\n<li>Controlling, inhaltliche Qualit\u00e4tspr\u00fcfung und Arbeitszeit\u00fcberpr\u00fcfung<\/li>\n\n\n\n<li>Mitarbeiterf\u00fchrung &#8211; Controlling und Kommunikation<\/li>\n\n\n\n<li>Dienstleistersteuerung und -controlling<\/li>\n\n\n\n<li>Budgetplanung und -verwaltung<\/li>\n\n\n\n<li>Rechnungskontrolle und Qualit\u00e4tsmanagement<\/li>\n<\/ul>\n\n\n\n<p><\/p>","protected":false},"excerpt":{"rendered":"<p>Ich suche einen IT-Projektmanager der zuk\u00fcnftig die Weiterentwicklung neuer und vorhandener Projekte und Systeme \u00fcbernimmt. Hauptaufgabe der T\u00e4tigkeit ist Mitarbeiterf\u00fchrung, Marktbeobachtung, Kundenakquise und -Auftragsabstimmung sowie Einhaltung und Controlling typischer Projektmetriken wie Zeit, Aufwand, Kosten, Budget, Qualit\u00e4t, Planung und interne Koordination. Es geht gleichzeitig darum, den Kundenbedarf zu beobachten, neue Projekte zu akquirieren und das Team &#8230; <a title=\"IT-Projektmanager (m\/w\/d)\" class=\"read-more\" href=\"https:\/\/www.patrick-koglin.com\/en\/job\/it-projektmanager-m-w-d\/\" aria-label=\"Read more about IT-Projektmanager (m\/w\/d)\">Read more<\/a><\/p>","protected":false},"author":1,"featured_media":0,"parent":9792,"menu_order":0,"comment_status":"closed","ping_status":"closed","template":"","meta":{"footnotes":""},"class_list":["post-9798","page","type-page","status-publish"],"yoast_head":"<!-- This site is optimized with the Yoast SEO plugin v25.8 - https:\/\/yoast.com\/wordpress\/plugins\/seo\/ -->\n<title>IT-Projektmanager (m\/w\/d) - Patrick Koglin<\/title>\n<meta name=\"robots\" content=\"index, follow, max-snippet:-1, max-image-preview:large, max-video-preview:-1\" \/>\n<link rel=\"canonical\" href=\"https:\/\/www.patrick-koglin.com\/en\/job\/it-projektmanager-m-w-d\/\" \/>\n<meta property=\"og:locale\" content=\"en_US\" \/>\n<meta property=\"og:type\" content=\"article\" \/>\n<meta property=\"og:title\" content=\"IT-Projektmanager (m\/w\/d) - Patrick Koglin\" \/>\n<meta property=\"og:description\" content=\"Ich suche einen IT-Projektmanager der zuk\u00fcnftig die Weiterentwicklung neuer und vorhandener Projekte und Systeme \u00fcbernimmt. Hauptaufgabe der T\u00e4tigkeit ist Mitarbeiterf\u00fchrung, Marktbeobachtung, Kundenakquise und -Auftragsabstimmung sowie Einhaltung und Controlling typischer Projektmetriken wie Zeit, Aufwand, Kosten, Budget, Qualit\u00e4t, Planung und interne Koordination. Es geht gleichzeitig darum, den Kundenbedarf zu beobachten, neue Projekte zu akquirieren und das Team ... Read more\" \/>\n<meta property=\"og:url\" content=\"https:\/\/www.patrick-koglin.com\/en\/job\/it-projektmanager-m-w-d\/\" \/>\n<meta property=\"og:site_name\" content=\"Patrick Koglin\" \/>\n<meta property=\"article:publisher\" content=\"https:\/\/www.facebook.com\/profile.php?id=61566852463657\" \/>\n<meta property=\"article:modified_time\" content=\"2026-02-19T04:16:15+00:00\" \/>\n<meta name=\"twitter:card\" content=\"summary_large_image\" \/>\n<meta name=\"twitter:label1\" content=\"Est. reading time\" \/>\n\t<meta name=\"twitter:data1\" content=\"1 minute\" \/>\n<script type=\"application\/ld+json\" class=\"yoast-schema-graph\">{\"@context\":\"https:\/\/schema.org\",\"@graph\":[{\"@type\":\"WebPage\",\"@id\":\"https:\/\/www.patrick-koglin.com\/job\/it-projektmanager-m-w-d\/\",\"url\":\"https:\/\/www.patrick-koglin.com\/job\/it-projektmanager-m-w-d\/\",\"name\":\"IT-Projektmanager (m\/w\/d) - Patrick Koglin\",\"isPartOf\":{\"@id\":\"https:\/\/www.patrick-koglin.com\/#website\"},\"datePublished\":\"2026-02-19T04:14:38+00:00\",\"dateModified\":\"2026-02-19T04:16:15+00:00\",\"breadcrumb\":{\"@id\":\"https:\/\/www.patrick-koglin.com\/job\/it-projektmanager-m-w-d\/#breadcrumb\"},\"inLanguage\":\"en-US\",\"potentialAction\":[{\"@type\":\"ReadAction\",\"target\":[\"https:\/\/www.patrick-koglin.com\/job\/it-projektmanager-m-w-d\/\"]}]},{\"@type\":\"BreadcrumbList\",\"@id\":\"https:\/\/www.patrick-koglin.com\/job\/it-projektmanager-m-w-d\/#breadcrumb\",\"itemListElement\":[{\"@type\":\"ListItem\",\"position\":1,\"name\":\"Startseite\",\"item\":\"https:\/\/www.patrick-koglin.com\/\"},{\"@type\":\"ListItem\",\"position\":2,\"name\":\"Job\",\"item\":\"https:\/\/www.patrick-koglin.com\/job\/\"},{\"@type\":\"ListItem\",\"position\":3,\"name\":\"IT-Projektmanager (m\/w\/d)\"}]},{\"@type\":\"WebSite\",\"@id\":\"https:\/\/www.patrick-koglin.com\/#website\",\"url\":\"https:\/\/www.patrick-koglin.com\/\",\"name\":\"PK Coaching - Patrick Koglin Unternehmensgruppe\",\"description\":\"PK Coaching, Business-Design &amp; Development\",\"publisher\":{\"@id\":\"https:\/\/www.patrick-koglin.com\/#organization\"},\"potentialAction\":[{\"@type\":\"SearchAction\",\"target\":{\"@type\":\"EntryPoint\",\"urlTemplate\":\"https:\/\/www.patrick-koglin.com\/?s={search_term_string}\"},\"query-input\":{\"@type\":\"PropertyValueSpecification\",\"valueRequired\":true,\"valueName\":\"search_term_string\"}}],\"inLanguage\":\"en-US\"},{\"@type\":\"Organization\",\"@id\":\"https:\/\/www.patrick-koglin.com\/#organization\",\"name\":\"Patrick Koglin | CEO von PK Coaching\",\"url\":\"https:\/\/www.patrick-koglin.com\/\",\"logo\":{\"@type\":\"ImageObject\",\"inLanguage\":\"en-US\",\"@id\":\"https:\/\/www.patrick-koglin.com\/#\/schema\/logo\/image\/\",\"url\":\"https:\/\/www.patrick-koglin.com\/wp-content\/uploads\/2025\/07\/cropped-PK16.png\",\"contentUrl\":\"https:\/\/www.patrick-koglin.com\/wp-content\/uploads\/2025\/07\/cropped-PK16.png\",\"width\":619,\"height\":287,\"caption\":\"Patrick Koglin | CEO von PK Coaching\"},\"image\":{\"@id\":\"https:\/\/www.patrick-koglin.com\/#\/schema\/logo\/image\/\"},\"sameAs\":[\"https:\/\/www.facebook.com\/profile.php?id=61566852463657\"]}]}<\/script>\n<!-- \/ Yoast SEO plugin. -->","yoast_head_json":{"title":"IT-Projektmanager (m\/w\/d) - Patrick Koglin","robots":{"index":"index","follow":"follow","max-snippet":"max-snippet:-1","max-image-preview":"max-image-preview:large","max-video-preview":"max-video-preview:-1"},"canonical":"https:\/\/www.patrick-koglin.com\/en\/job\/it-projektmanager-m-w-d\/","og_locale":"en_US","og_type":"article","og_title":"IT-Projektmanager (m\/w\/d) - Patrick Koglin","og_description":"Ich suche einen IT-Projektmanager der zuk\u00fcnftig die Weiterentwicklung neuer und vorhandener Projekte und Systeme \u00fcbernimmt. Hauptaufgabe der T\u00e4tigkeit ist Mitarbeiterf\u00fchrung, Marktbeobachtung, Kundenakquise und -Auftragsabstimmung sowie Einhaltung und Controlling typischer Projektmetriken wie Zeit, Aufwand, Kosten, Budget, Qualit\u00e4t, Planung und interne Koordination. Es geht gleichzeitig darum, den Kundenbedarf zu beobachten, neue Projekte zu akquirieren und das Team ... Read more","og_url":"https:\/\/www.patrick-koglin.com\/en\/job\/it-projektmanager-m-w-d\/","og_site_name":"Patrick Koglin","article_publisher":"https:\/\/www.facebook.com\/profile.php?id=61566852463657","article_modified_time":"2026-02-19T04:16:15+00:00","twitter_card":"summary_large_image","twitter_misc":{"Est. reading time":"1 minute"},"schema":{"@context":"https:\/\/schema.org","@graph":[{"@type":"WebPage","@id":"https:\/\/www.patrick-koglin.com\/job\/it-projektmanager-m-w-d\/","url":"https:\/\/www.patrick-koglin.com\/job\/it-projektmanager-m-w-d\/","name":"IT-Projektmanager (m\/w\/d) - Patrick Koglin","isPartOf":{"@id":"https:\/\/www.patrick-koglin.com\/#website"},"datePublished":"2026-02-19T04:14:38+00:00","dateModified":"2026-02-19T04:16:15+00:00","breadcrumb":{"@id":"https:\/\/www.patrick-koglin.com\/job\/it-projektmanager-m-w-d\/#breadcrumb"},"inLanguage":"en-US","potentialAction":[{"@type":"ReadAction","target":["https:\/\/www.patrick-koglin.com\/job\/it-projektmanager-m-w-d\/"]}]},{"@type":"BreadcrumbList","@id":"https:\/\/www.patrick-koglin.com\/job\/it-projektmanager-m-w-d\/#breadcrumb","itemListElement":[{"@type":"ListItem","position":1,"name":"Startseite","item":"https:\/\/www.patrick-koglin.com\/"},{"@type":"ListItem","position":2,"name":"Job","item":"https:\/\/www.patrick-koglin.com\/job\/"},{"@type":"ListItem","position":3,"name":"IT-Projektmanager (m\/w\/d)"}]},{"@type":"WebSite","@id":"https:\/\/www.patrick-koglin.com\/#website","url":"https:\/\/www.patrick-koglin.com\/","name":"PK Coaching - Patrick Koglin Unternehmensgruppe","description":"PK Coaching, Business-Design &amp; Development","publisher":{"@id":"https:\/\/www.patrick-koglin.com\/#organization"},"potentialAction":[{"@type":"SearchAction","target":{"@type":"EntryPoint","urlTemplate":"https:\/\/www.patrick-koglin.com\/?s={search_term_string}"},"query-input":{"@type":"PropertyValueSpecification","valueRequired":true,"valueName":"search_term_string"}}],"inLanguage":"en-US"},{"@type":"Organization","@id":"https:\/\/www.patrick-koglin.com\/#organization","name":"Patrick Koglin | CEO von PK Coaching","url":"https:\/\/www.patrick-koglin.com\/","logo":{"@type":"ImageObject","inLanguage":"en-US","@id":"https:\/\/www.patrick-koglin.com\/#\/schema\/logo\/image\/","url":"https:\/\/www.patrick-koglin.com\/wp-content\/uploads\/2025\/07\/cropped-PK16.png","contentUrl":"https:\/\/www.patrick-koglin.com\/wp-content\/uploads\/2025\/07\/cropped-PK16.png","width":619,"height":287,"caption":"Patrick Koglin | CEO von PK Coaching"},"image":{"@id":"https:\/\/www.patrick-koglin.com\/#\/schema\/logo\/image\/"},"sameAs":["https:\/\/www.facebook.com\/profile.php?id=61566852463657"]}]}},"_links":{"self":[{"href":"https:\/\/www.patrick-koglin.com\/en\/wp-json\/wp\/v2\/pages\/9798","targetHints":{"allow":["GET"]}}],"collection":[{"href":"https:\/\/www.patrick-koglin.com\/en\/wp-json\/wp\/v2\/pages"}],"about":[{"href":"https:\/\/www.patrick-koglin.com\/en\/wp-json\/wp\/v2\/types\/page"}],"author":[{"embeddable":true,"href":"https:\/\/www.patrick-koglin.com\/en\/wp-json\/wp\/v2\/users\/1"}],"replies":[{"embeddable":true,"href":"https:\/\/www.patrick-koglin.com\/en\/wp-json\/wp\/v2\/comments?post=9798"}],"version-history":[{"count":3,"href":"https:\/\/www.patrick-koglin.com\/en\/wp-json\/wp\/v2\/pages\/9798\/revisions"}],"predecessor-version":[{"id":9802,"href":"https:\/\/www.patrick-koglin.com\/en\/wp-json\/wp\/v2\/pages\/9798\/revisions\/9802"}],"up":[{"embeddable":true,"href":"https:\/\/www.patrick-koglin.com\/en\/wp-json\/wp\/v2\/pages\/9792"}],"wp:attachment":[{"href":"https:\/\/www.patrick-koglin.com\/en\/wp-json\/wp\/v2\/media?parent=9798"}],"curies":[{"name":"wp","href":"https:\/\/api.w.org\/{rel}","templated":true}]}}