{"id":9912,"date":"2026-02-21T12:57:40","date_gmt":"2026-02-21T11:57:40","guid":{"rendered":"https:\/\/www.patrick-koglin.com\/?page_id=9912"},"modified":"2026-02-21T12:57:41","modified_gmt":"2026-02-21T11:57:41","slug":"upgrade-das-system","status":"publish","type":"page","link":"https:\/\/www.patrick-koglin.com\/en\/musik\/pk-music-productions\/song__trashed\/upgrade-das-system\/","title":{"rendered":"Upgrade das System"},"content":{"rendered":"\n<p>[Intro]<br>[low vocal register]<br>Ihr wollt mehr Output?<br>Gleiche Schrott-Struktur<br>Gleiche alten Tools<br>Und wundert euch \u00fcber Scherben<\/p>\n\n\n\n<p>[Verse 1]<br>Ihr sagt: &#8222;Mach schneller&#8220;<br>Ich seh nur br\u00f6ckelnde W\u00e4nde<br>Mehr Schichten auf Fehler<br>Das killt nur die H\u00e4nde<br>Ihr dr\u00fcckt auf die Leute<br>Doch nicht auf Reset<br>Ihr stapelt nur Arbeit<br>Auf&#8217;m morschen Fundament<\/p>\n\n\n\n<p>Kaputte Prozesse<br>Doch ihr z\u00e4hlt nur die Stunden<br>Ihr jagt nach Rekorden<br>In verrosteten Runden<br>Ihr fragt, wieso alles<br>immer wieder verbrennt<br>Weil nicht ich,<br>sondern euer Rahmen begrenzt<\/p>\n\n\n\n<p>[Chorus]<br>Upgrade das System<br>Nicht den Druck auf meinen R\u00fccken<br>Du kannst Peitschen schwingen<br>Doch die Ketten bleiben dr\u00fccken<br>Mehr Schwei\u00df auf demselben Schrott<br>\u00e4ndert nichts am Endergebnis<br>Upgrade das System<br>Oder du erstickst in deinem Business<\/p>\n\n\n\n<p>[Verse 2]<br>Ihr schreibt neue Regeln<br>Auf denselben alten Tisch<br>Neue Targets, neue Zahlen<br>Gleicher dreckiger Fisch<br>Ihr ruft nach &#8222;Leistung&#8220;<br>Doch ihr f\u00fcttert nur den Stress<br>Kein Flow, kein Fokus<br>Nur verbranntes Interesse<\/p>\n\n\n\n<p>Ich zerleg euch die Maske<br>Zeig euch jede Blockade<br>Euer Plan ist nur Panik<br>Sch\u00f6n verpackt in Fassade<br>Ihr wollt, dass ich renne<br>In &#8217;nem K\u00e4fig aus Normen<br>Doch solange ihr&#8217;s nicht umbaut<br>Bleiben das alles St\u00fcrme im Kornfeld<\/p>\n\n\n\n<p>[Chorus]<\/p>\n\n\n\n<p>[Bridge]<br>Mehr Stunden, mehr Blut<br>Gleiche fehlerhafte Route<br>Ihr addiert nur Chaos<br>Bis die letzte Stimme ruft<br>&#8222;\u00c4nder nicht die Menschen<br>\u00c4nder erst das Konstrukt&#8220;<br>Sonst bleibt Erfolg<br>Nur ein Zufallsprodukt<\/p>\n\n\n\n<p>[Chorus]<\/p>\n","protected":false},"excerpt":{"rendered":"<p>[Intro][low vocal register]Ihr wollt mehr Output?Gleiche Schrott-StrukturGleiche alten ToolsUnd wundert euch \u00fcber Scherben [Verse 1]Ihr sagt: &#8222;Mach schneller&#8220;Ich seh nur br\u00f6ckelnde W\u00e4ndeMehr Schichten auf FehlerDas killt nur die H\u00e4ndeIhr dr\u00fcckt auf die LeuteDoch nicht auf ResetIhr stapelt nur ArbeitAuf&#8217;m morschen Fundament Kaputte ProzesseDoch ihr z\u00e4hlt nur die StundenIhr jagt nach RekordenIn verrosteten RundenIhr fragt, wieso &#8230; <a title=\"Upgrade das System\" class=\"read-more\" href=\"https:\/\/www.patrick-koglin.com\/en\/musik\/pk-music-productions\/song__trashed\/upgrade-das-system\/\" aria-label=\"Read more about Upgrade das System\">Read more<\/a><\/p>\n","protected":false},"author":1,"featured_media":0,"parent":8279,"menu_order":0,"comment_status":"closed","ping_status":"closed","template":"","meta":{"footnotes":""},"class_list":["post-9912","page","type-page","status-publish"],"yoast_head":"<!-- This site is optimized with the Yoast SEO plugin v25.8 - https:\/\/yoast.com\/wordpress\/plugins\/seo\/ -->\n<title>Upgrade das System - Patrick Koglin<\/title>\n<meta name=\"robots\" content=\"index, follow, max-snippet:-1, max-image-preview:large, max-video-preview:-1\" \/>\n<link rel=\"canonical\" href=\"https:\/\/www.patrick-koglin.com\/en\/musik\/pk-music-productions\/song__trashed\/upgrade-das-system\/\" \/>\n<meta property=\"og:locale\" content=\"en_US\" \/>\n<meta property=\"og:type\" content=\"article\" \/>\n<meta property=\"og:title\" content=\"Upgrade das System - Patrick Koglin\" \/>\n<meta property=\"og:description\" content=\"[Intro][low vocal register]Ihr wollt mehr Output?Gleiche Schrott-StrukturGleiche alten ToolsUnd wundert euch \u00fcber Scherben [Verse 1]Ihr sagt: &#8222;Mach schneller&#8220;Ich seh nur br\u00f6ckelnde W\u00e4ndeMehr Schichten auf FehlerDas killt nur die H\u00e4ndeIhr dr\u00fcckt auf die LeuteDoch nicht auf ResetIhr stapelt nur ArbeitAuf&#8217;m morschen Fundament Kaputte ProzesseDoch ihr z\u00e4hlt nur die StundenIhr jagt nach RekordenIn verrosteten RundenIhr fragt, wieso ... Read more\" \/>\n<meta property=\"og:url\" content=\"https:\/\/www.patrick-koglin.com\/en\/musik\/pk-music-productions\/song__trashed\/upgrade-das-system\/\" \/>\n<meta property=\"og:site_name\" content=\"Patrick Koglin\" \/>\n<meta property=\"article:publisher\" content=\"https:\/\/www.facebook.com\/profile.php?id=61566852463657\" \/>\n<meta property=\"article:modified_time\" content=\"2026-02-21T11:57:41+00:00\" \/>\n<meta name=\"twitter:card\" content=\"summary_large_image\" \/>\n<meta name=\"twitter:label1\" content=\"Est. reading time\" \/>\n\t<meta name=\"twitter:data1\" content=\"2 minutes\" \/>\n<script type=\"application\/ld+json\" class=\"yoast-schema-graph\">{\"@context\":\"https:\/\/schema.org\",\"@graph\":[{\"@type\":\"WebPage\",\"@id\":\"https:\/\/www.patrick-koglin.com\/musik\/pk-music-productions\/song__trashed\/upgrade-das-system\/\",\"url\":\"https:\/\/www.patrick-koglin.com\/musik\/pk-music-productions\/song__trashed\/upgrade-das-system\/\",\"name\":\"Upgrade das System - Patrick Koglin\",\"isPartOf\":{\"@id\":\"https:\/\/www.patrick-koglin.com\/#website\"},\"datePublished\":\"2026-02-21T11:57:40+00:00\",\"dateModified\":\"2026-02-21T11:57:41+00:00\",\"breadcrumb\":{\"@id\":\"https:\/\/www.patrick-koglin.com\/musik\/pk-music-productions\/song__trashed\/upgrade-das-system\/#breadcrumb\"},\"inLanguage\":\"en-US\",\"potentialAction\":[{\"@type\":\"ReadAction\",\"target\":[\"https:\/\/www.patrick-koglin.com\/musik\/pk-music-productions\/song__trashed\/upgrade-das-system\/\"]}]},{\"@type\":\"BreadcrumbList\",\"@id\":\"https:\/\/www.patrick-koglin.com\/musik\/pk-music-productions\/song__trashed\/upgrade-das-system\/#breadcrumb\",\"itemListElement\":[{\"@type\":\"ListItem\",\"position\":1,\"name\":\"Startseite\",\"item\":\"https:\/\/www.patrick-koglin.com\/\"},{\"@type\":\"ListItem\",\"position\":2,\"name\":\"Musik\",\"item\":\"https:\/\/www.patrick-koglin.com\/musik\/\"},{\"@type\":\"ListItem\",\"position\":3,\"name\":\"PK Music Productions\",\"item\":\"https:\/\/www.patrick-koglin.com\/musik\/pk-music-productions\/\"},{\"@type\":\"ListItem\",\"position\":4,\"name\":\"Song\",\"item\":\"https:\/\/www.patrick-koglin.com\/?page_id=8279\"},{\"@type\":\"ListItem\",\"position\":5,\"name\":\"Upgrade das System\"}]},{\"@type\":\"WebSite\",\"@id\":\"https:\/\/www.patrick-koglin.com\/#website\",\"url\":\"https:\/\/www.patrick-koglin.com\/\",\"name\":\"PK Coaching - Patrick Koglin Unternehmensgruppe\",\"description\":\"PK Coaching, Business-Design &amp; Development\",\"publisher\":{\"@id\":\"https:\/\/www.patrick-koglin.com\/#organization\"},\"potentialAction\":[{\"@type\":\"SearchAction\",\"target\":{\"@type\":\"EntryPoint\",\"urlTemplate\":\"https:\/\/www.patrick-koglin.com\/?s={search_term_string}\"},\"query-input\":{\"@type\":\"PropertyValueSpecification\",\"valueRequired\":true,\"valueName\":\"search_term_string\"}}],\"inLanguage\":\"en-US\"},{\"@type\":\"Organization\",\"@id\":\"https:\/\/www.patrick-koglin.com\/#organization\",\"name\":\"Patrick Koglin | CEO von PK Coaching\",\"url\":\"https:\/\/www.patrick-koglin.com\/\",\"logo\":{\"@type\":\"ImageObject\",\"inLanguage\":\"en-US\",\"@id\":\"https:\/\/www.patrick-koglin.com\/#\/schema\/logo\/image\/\",\"url\":\"https:\/\/www.patrick-koglin.com\/wp-content\/uploads\/2025\/07\/cropped-PK16.png\",\"contentUrl\":\"https:\/\/www.patrick-koglin.com\/wp-content\/uploads\/2025\/07\/cropped-PK16.png\",\"width\":619,\"height\":287,\"caption\":\"Patrick Koglin | CEO von PK Coaching\"},\"image\":{\"@id\":\"https:\/\/www.patrick-koglin.com\/#\/schema\/logo\/image\/\"},\"sameAs\":[\"https:\/\/www.facebook.com\/profile.php?id=61566852463657\"]}]}<\/script>\n<!-- \/ Yoast SEO plugin. -->","yoast_head_json":{"title":"Upgrade das System - Patrick Koglin","robots":{"index":"index","follow":"follow","max-snippet":"max-snippet:-1","max-image-preview":"max-image-preview:large","max-video-preview":"max-video-preview:-1"},"canonical":"https:\/\/www.patrick-koglin.com\/en\/musik\/pk-music-productions\/song__trashed\/upgrade-das-system\/","og_locale":"en_US","og_type":"article","og_title":"Upgrade das System - Patrick Koglin","og_description":"[Intro][low vocal register]Ihr wollt mehr Output?Gleiche Schrott-StrukturGleiche alten ToolsUnd wundert euch \u00fcber Scherben [Verse 1]Ihr sagt: &#8222;Mach schneller&#8220;Ich seh nur br\u00f6ckelnde W\u00e4ndeMehr Schichten auf FehlerDas killt nur die H\u00e4ndeIhr dr\u00fcckt auf die LeuteDoch nicht auf ResetIhr stapelt nur ArbeitAuf&#8217;m morschen Fundament Kaputte ProzesseDoch ihr z\u00e4hlt nur die StundenIhr jagt nach RekordenIn verrosteten RundenIhr fragt, wieso ... Read more","og_url":"https:\/\/www.patrick-koglin.com\/en\/musik\/pk-music-productions\/song__trashed\/upgrade-das-system\/","og_site_name":"Patrick Koglin","article_publisher":"https:\/\/www.facebook.com\/profile.php?id=61566852463657","article_modified_time":"2026-02-21T11:57:41+00:00","twitter_card":"summary_large_image","twitter_misc":{"Est. reading time":"2 minutes"},"schema":{"@context":"https:\/\/schema.org","@graph":[{"@type":"WebPage","@id":"https:\/\/www.patrick-koglin.com\/musik\/pk-music-productions\/song__trashed\/upgrade-das-system\/","url":"https:\/\/www.patrick-koglin.com\/musik\/pk-music-productions\/song__trashed\/upgrade-das-system\/","name":"Upgrade das System - Patrick Koglin","isPartOf":{"@id":"https:\/\/www.patrick-koglin.com\/#website"},"datePublished":"2026-02-21T11:57:40+00:00","dateModified":"2026-02-21T11:57:41+00:00","breadcrumb":{"@id":"https:\/\/www.patrick-koglin.com\/musik\/pk-music-productions\/song__trashed\/upgrade-das-system\/#breadcrumb"},"inLanguage":"en-US","potentialAction":[{"@type":"ReadAction","target":["https:\/\/www.patrick-koglin.com\/musik\/pk-music-productions\/song__trashed\/upgrade-das-system\/"]}]},{"@type":"BreadcrumbList","@id":"https:\/\/www.patrick-koglin.com\/musik\/pk-music-productions\/song__trashed\/upgrade-das-system\/#breadcrumb","itemListElement":[{"@type":"ListItem","position":1,"name":"Startseite","item":"https:\/\/www.patrick-koglin.com\/"},{"@type":"ListItem","position":2,"name":"Musik","item":"https:\/\/www.patrick-koglin.com\/musik\/"},{"@type":"ListItem","position":3,"name":"PK Music Productions","item":"https:\/\/www.patrick-koglin.com\/musik\/pk-music-productions\/"},{"@type":"ListItem","position":4,"name":"Song","item":"https:\/\/www.patrick-koglin.com\/?page_id=8279"},{"@type":"ListItem","position":5,"name":"Upgrade das System"}]},{"@type":"WebSite","@id":"https:\/\/www.patrick-koglin.com\/#website","url":"https:\/\/www.patrick-koglin.com\/","name":"PK Coaching - Patrick Koglin Unternehmensgruppe","description":"PK Coaching, Business-Design &amp; Development","publisher":{"@id":"https:\/\/www.patrick-koglin.com\/#organization"},"potentialAction":[{"@type":"SearchAction","target":{"@type":"EntryPoint","urlTemplate":"https:\/\/www.patrick-koglin.com\/?s={search_term_string}"},"query-input":{"@type":"PropertyValueSpecification","valueRequired":true,"valueName":"search_term_string"}}],"inLanguage":"en-US"},{"@type":"Organization","@id":"https:\/\/www.patrick-koglin.com\/#organization","name":"Patrick Koglin | CEO von PK Coaching","url":"https:\/\/www.patrick-koglin.com\/","logo":{"@type":"ImageObject","inLanguage":"en-US","@id":"https:\/\/www.patrick-koglin.com\/#\/schema\/logo\/image\/","url":"https:\/\/www.patrick-koglin.com\/wp-content\/uploads\/2025\/07\/cropped-PK16.png","contentUrl":"https:\/\/www.patrick-koglin.com\/wp-content\/uploads\/2025\/07\/cropped-PK16.png","width":619,"height":287,"caption":"Patrick Koglin | CEO von PK Coaching"},"image":{"@id":"https:\/\/www.patrick-koglin.com\/#\/schema\/logo\/image\/"},"sameAs":["https:\/\/www.facebook.com\/profile.php?id=61566852463657"]}]}},"_links":{"self":[{"href":"https:\/\/www.patrick-koglin.com\/en\/wp-json\/wp\/v2\/pages\/9912","targetHints":{"allow":["GET"]}}],"collection":[{"href":"https:\/\/www.patrick-koglin.com\/en\/wp-json\/wp\/v2\/pages"}],"about":[{"href":"https:\/\/www.patrick-koglin.com\/en\/wp-json\/wp\/v2\/types\/page"}],"author":[{"embeddable":true,"href":"https:\/\/www.patrick-koglin.com\/en\/wp-json\/wp\/v2\/users\/1"}],"replies":[{"embeddable":true,"href":"https:\/\/www.patrick-koglin.com\/en\/wp-json\/wp\/v2\/comments?post=9912"}],"version-history":[{"count":1,"href":"https:\/\/www.patrick-koglin.com\/en\/wp-json\/wp\/v2\/pages\/9912\/revisions"}],"predecessor-version":[{"id":9913,"href":"https:\/\/www.patrick-koglin.com\/en\/wp-json\/wp\/v2\/pages\/9912\/revisions\/9913"}],"up":[{"embeddable":true,"href":"https:\/\/www.patrick-koglin.com\/en\/wp-json\/wp\/v2\/pages\/8279"}],"wp:attachment":[{"href":"https:\/\/www.patrick-koglin.com\/en\/wp-json\/wp\/v2\/media?parent=9912"}],"curies":[{"name":"wp","href":"https:\/\/api.w.org\/{rel}","templated":true}]}}